{"id":2392,"date":"2025-05-23T14:58:30","date_gmt":"2025-05-23T06:58:30","guid":{"rendered":"https:\/\/www.andelutech.com\/?post_type=product&#038;p=2392"},"modified":"2026-01-09T14:28:00","modified_gmt":"2026-01-09T06:28:00","slug":"output-type-dual-axis-tilt-sensor-2286di","status":"publish","type":"product","link":"https:\/\/www.andelutech.com\/tr\/product\/output-type-dual-axis-tilt-sensor-2286di\/","title":{"rendered":"AND-TM-2286D Output Type Dual Axis Tilt Sensor"},"content":{"rendered":"","protected":false},"excerpt":{"rendered":"<p><strong><b>Girii\u015f<\/b><\/strong><\/p>\n<p>Y\u00fcksek hassasiyetli bir iki eksenli e\u011fimdir\u00a0<a href=\"https:\/\/www.ericcointernational.com\/inclinomter\/\">sens\u00f6r<\/a>\u00a00.0007 \u00b0 \u00e7\u00f6z\u00fcn\u00fcrl\u00fck, 0.005 \u00b0 do\u011fruluk ve 0.0007 \u00b0 \/ \u2103 s\u0131cakl\u0131k kaymas\u0131 ile. \u00c7\u0131kt\u0131 aray\u00fcz\u00fc RS232, RS485, RS422, TTL, CAN, MODBUS BUS'dur (iste\u011fe ba\u011fl\u0131).<\/p>\n<p>\u00dcr\u00fcn, \u00fcr\u00fcn\u00fcn d\u00fc\u015f\u00fck s\u0131cakl\u0131kta veya y\u00fcksek s\u0131cakl\u0131k ortam\u0131nda tekrarlanabilirli\u011fini sa\u011flamak i\u00e7in yerle\u015fik s\u0131cakl\u0131k sens\u00f6r\u00fcn\u00fcn s\u0131cakl\u0131k de\u011fi\u015fimine g\u00f6re sens\u00f6r\u00fcn s\u0131cakl\u0131k kaymas\u0131n\u0131 d\u00fczeltebilen y\u00fcksek hassas bir dijital sens\u00f6r ile donat\u0131lm\u0131\u015ft\u0131r. \u00c7\u0131kt\u0131 kar\u015f\u0131l\u0131k gelen frekans, g\u00fcvenilir ve istikrarl\u0131 bir performans, iyi \u00f6l\u00e7eklenebilirlik ve \u00e7e\u015fitli end\u00fcstriyel kontrol ortamlar\u0131 i\u00e7in uygun bir end\u00fcstriyel s\u0131n\u0131f end\u00fcstriyel \u00fcr\u00fcn\u00fc olan 100Hz'dir.<\/p>\n<p><strong><b>\u00d6zellikler<\/b><\/strong><\/p>\n<p>\u0130ki eksenli e\u011fim izleme<\/p>\n<p>Tam aral\u0131k do\u011frulu\u011fu 0.005 \u00b0, \u00e7\u00f6z\u00fcn\u00fcrl\u00fck 0.0007 \u00b0<\/p>\n<p>\u00c7\u0131k\u0131\u015f frekans\u0131 5 ~ 100Hz (iste\u011fe ba\u011fl\u0131)<\/p>\n<p>Geni\u015f Gerilim Giri\u015fi DC 11 ~ 36V<\/p>\n<p>Geni\u015f S\u0131cakl\u0131k \u00c7al\u0131\u015f\u0131yor -40 ~+85 \u2103<\/p>\n<p>\u00d6l\u00e7\u00fcm aral\u0131\u011f\u0131 0 ~ \u00b1 5 \/\u00b110\/\u00b115\/\u00b130\u00b0(optional)<\/p>\n<p>Y\u00fcksek Titre\u015fim Direnci&gt; 20000g<\/p>\n<p>Baud H\u0131z\u0131 2400 ~ 115200 (ayarlanabilir)<\/p>\n<p>IP67 korumas\u0131<\/p>\n<p>RS232 \/RS485\/TTL\/MODBUS (iste\u011fe ba\u011fl\u0131) \u00e7\u0131kt\u0131 yapabilir<\/p>\n<p>K\u00fc\u00e7\u00fck hacim (107*55*27mm) (\u00f6zelle\u015ftirilebilir)<\/p>\n<p><strong><b>Ba\u015fvuru<\/b><\/strong><\/p>\n<p>Y\u00fcksek voltajl\u0131 tel kule dire\u011fi izleme<\/p>\n<p>Uydu g\u00fcne\u015f anten konumland\u0131rma<\/p>\n<p>Hassas Tak\u0131m Tak\u0131m\u0131 Yatay Kontrol<\/p>\n<p>Hassas lazer platform ekipman\u0131<\/p>\n<p>T\u0131bbi ekipman<\/p>\n<p>Tank seviyesi<\/p>\n<p>Demiryolu lokomotifi<\/p>\n<p>E\u011fim izlemeye dayal\u0131<\/p>\n<p>\u00c7e\u015fitli in\u015faat makinelerinin a\u00e7\u0131 kontrol\u00fc<\/p>\n<p>K\u00f6pr\u00fc, baraj, bina izleme<\/p>","protected":false},"featured_media":3356,"comment_status":"open","ping_status":"closed","template":"","meta":[],"product_brand":[],"product_cat":[24],"product_tag":[],"class_list":{"0":"post-2392","1":"product","2":"type-product","3":"status-publish","4":"has-post-thumbnail","6":"product_cat-tilt-sensor","8":"first","9":"instock","10":"shipping-taxable","11":"product-type-simple"},"_links":{"self":[{"href":"https:\/\/www.andelutech.com\/tr\/wp-json\/wp\/v2\/product\/2392","targetHints":{"allow":["GET"]}}],"collection":[{"href":"https:\/\/www.andelutech.com\/tr\/wp-json\/wp\/v2\/product"}],"about":[{"href":"https:\/\/www.andelutech.com\/tr\/wp-json\/wp\/v2\/types\/product"}],"replies":[{"embeddable":true,"href":"https:\/\/www.andelutech.com\/tr\/wp-json\/wp\/v2\/comments?post=2392"}],"wp:featuredmedia":[{"embeddable":true,"href":"https:\/\/www.andelutech.com\/tr\/wp-json\/wp\/v2\/media\/3356"}],"wp:attachment":[{"href":"https:\/\/www.andelutech.com\/tr\/wp-json\/wp\/v2\/media?parent=2392"}],"wp:term":[{"taxonomy":"product_brand","embeddable":true,"href":"https:\/\/www.andelutech.com\/tr\/wp-json\/wp\/v2\/product_brand?post=2392"},{"taxonomy":"product_cat","embeddable":true,"href":"https:\/\/www.andelutech.com\/tr\/wp-json\/wp\/v2\/product_cat?post=2392"},{"taxonomy":"product_tag","embeddable":true,"href":"https:\/\/www.andelutech.com\/tr\/wp-json\/wp\/v2\/product_tag?post=2392"}],"curies":[{"name":"wp","href":"https:\/\/api.w.org\/{rel}","templated":true}]}}