{"id":2379,"date":"2025-05-23T14:49:44","date_gmt":"2025-05-23T06:49:44","guid":{"rendered":"https:\/\/www.andelutech.com\/?post_type=product&#038;p=2379"},"modified":"2026-01-09T14:34:52","modified_gmt":"2026-01-09T06:34:52","slug":"digital-output-type-single-axis-tilt-sensor-2186di","status":"publish","type":"product","link":"https:\/\/www.andelutech.com\/tr\/product\/digital-output-type-single-axis-tilt-sensor-2186di\/","title":{"rendered":"AND-TS-2186DI Digital Output Type Single Axis Tilt Sensor"},"content":{"rendered":"","protected":false},"excerpt":{"rendered":"<p><strong><b>Girii\u015f<\/b><\/strong><\/p>\n<p>Ve TS-2186DI, 0.0007 \u00b0 \u00e7\u00f6z\u00fcn\u00fcrl\u00fck, 0.005 \u00b0 do\u011fruluk ve 0.0007 \u00b0 \/ \u2103 s\u0131cakl\u0131k kaymas\u0131 ile y\u00fcksek hassasiyetli tek eksenli bir e\u011fim sens\u00f6r\u00fcd\u00fcr. \u00c7\u0131k\u0131\u015f aray\u00fcz\u00fc, aralar\u0131ndan se\u00e7im yapabilece\u011finiz RS232, RS485, RS422, TTL, CAN, MODBUS veri yolu bulunur.<\/p>\n<p>\u00dcr\u00fcn, \u00fcr\u00fcn\u00fcn d\u00fc\u015f\u00fck s\u0131cakl\u0131k ve y\u00fcksek s\u0131cakl\u0131k ortamlar\u0131nda tekrarlanabilirli\u011fini sa\u011flamak i\u00e7in yerle\u015fik s\u0131cakl\u0131k sens\u00f6r\u00fcn\u00fcn izleme s\u0131cakl\u0131k de\u011fi\u015fimine g\u00f6re sens\u00f6r\u00fcn s\u0131cakl\u0131k kaymas\u0131n\u0131 d\u00fczeltebilen ADI\u2019nin y\u00fcksek hassasiyetli dijital sens\u00f6r\u00fc ile donat\u0131lm\u0131\u015ft\u0131r. Kar\u015f\u0131l\u0131k gelen frekans\u0131 100Hz'dir, performans g\u00fcvenilir ve kararl\u0131d\u0131r ve \u00f6l\u00e7eklenebilirlik iyidir, yani \u00e7e\u015fitli end\u00fcstriyel kontrol ortamlar\u0131 i\u00e7in uygundur.<\/p>\n<p><strong><b>\u00d6zellikler<\/b><\/strong><\/p>\n<p>Tek eksenli e\u011fim izleme<\/p>\n<p>Tam aral\u0131k do\u011frulu\u011fu 0.005 \u00b0, \u00e7\u00f6z\u00fcn\u00fcrl\u00fck 0.0007 \u00b0<\/p>\n<p>\u00c7\u0131k\u0131\u015f frekans\u0131 5 ~ 100Hz (iste\u011fe ba\u011fl\u0131)<\/p>\n<p>Geni\u015f Gerilim Giri\u015fi DC 11 ~ 36V<\/p>\n<p>Geni\u015f S\u0131cakl\u0131k \u00c7al\u0131\u015f\u0131yor -40 ~+85 \u2103<\/p>\n<p>\u00d6l\u00e7\u00fcm aral\u0131\u011f\u0131 0 ~ \u00b1 5 \/\u00b110\/\u00b115\/\u00b130\u00b0 (iste\u011fe ba\u011fl\u0131)<\/p>\n<p>Y\u00fcksek Titre\u015fim Direnci&gt; 20000g<\/p>\n<p>Baud H\u0131z\u0131 2400 ~ 115200 (ayarlanabilir)<\/p>\n<p>IP67 korumas\u0131<\/p>\n<p>RS232 \/RS485\/TTL\/MODBUS (iste\u011fe ba\u011fl\u0131) \u00e7\u0131kt\u0131 yapabilir<\/p>\n<p>K\u00fc\u00e7\u00fck hacim (107*55*27mm) (\u00f6zelle\u015ftirilebilir)<\/p>\n<p><strong><b>Ba\u015fvuru<\/b><\/strong><\/p>\n<p>Y\u00fcksek voltajl\u0131 tel kule dire\u011fi izleme<\/p>\n<p>Uydu g\u00fcne\u015f anten konumland\u0131rma<\/p>\n<p>Hassas Tak\u0131m Tak\u0131m\u0131 Yatay Kontrol<\/p>\n<p>Hassas lazer platform ekipman\u0131<\/p>\n<p>T\u0131bbi ekipman<\/p>\n<p>Tank seviyesi<\/p>\n<p>Demiryolu lokomotifi<\/p>\n<p>E\u011fim izlemeye dayal\u0131<\/p>\n<p>\u00c7e\u015fitli in\u015faat makinelerinin a\u00e7\u0131 kontrol\u00fc<\/p>\n<p>K\u00f6pr\u00fc ve barajlar\u0131n denetimi<\/p>","protected":false},"featured_media":3360,"comment_status":"open","ping_status":"closed","template":"","meta":[],"product_brand":[],"product_cat":[24],"product_tag":[],"class_list":{"0":"post-2379","1":"product","2":"type-product","3":"status-publish","4":"has-post-thumbnail","6":"product_cat-tilt-sensor","8":"first","9":"instock","10":"shipping-taxable","11":"product-type-simple"},"_links":{"self":[{"href":"https:\/\/www.andelutech.com\/tr\/wp-json\/wp\/v2\/product\/2379","targetHints":{"allow":["GET"]}}],"collection":[{"href":"https:\/\/www.andelutech.com\/tr\/wp-json\/wp\/v2\/product"}],"about":[{"href":"https:\/\/www.andelutech.com\/tr\/wp-json\/wp\/v2\/types\/product"}],"replies":[{"embeddable":true,"href":"https:\/\/www.andelutech.com\/tr\/wp-json\/wp\/v2\/comments?post=2379"}],"wp:featuredmedia":[{"embeddable":true,"href":"https:\/\/www.andelutech.com\/tr\/wp-json\/wp\/v2\/media\/3360"}],"wp:attachment":[{"href":"https:\/\/www.andelutech.com\/tr\/wp-json\/wp\/v2\/media?parent=2379"}],"wp:term":[{"taxonomy":"product_brand","embeddable":true,"href":"https:\/\/www.andelutech.com\/tr\/wp-json\/wp\/v2\/product_brand?post=2379"},{"taxonomy":"product_cat","embeddable":true,"href":"https:\/\/www.andelutech.com\/tr\/wp-json\/wp\/v2\/product_cat?post=2379"},{"taxonomy":"product_tag","embeddable":true,"href":"https:\/\/www.andelutech.com\/tr\/wp-json\/wp\/v2\/product_tag?post=2379"}],"curies":[{"name":"wp","href":"https:\/\/api.w.org\/{rel}","templated":true}]}}