{"id":2371,"date":"2025-05-23T14:25:30","date_gmt":"2025-05-23T06:25:30","guid":{"rendered":"https:\/\/www.andelutech.com\/?post_type=product&#038;p=2371"},"modified":"2026-01-09T14:40:29","modified_gmt":"2026-01-09T06:40:29","slug":"high-precision-dual-axis-digital-tilt-sensor-1240di","status":"publish","type":"product","link":"https:\/\/www.andelutech.com\/tr\/product\/high-precision-dual-axis-digital-tilt-sensor-1240di\/","title":{"rendered":"AND-TM-1240DI High-Precision Dual-Axis Digital Tilt Sensor"},"content":{"rendered":"","protected":false},"excerpt":{"rendered":"<p><strong><b>Girii\u015f<\/b><\/strong><\/p>\n<p>0.0005 \u00b0 \u00e7\u00f6z\u00fcn\u00fcrl\u00fck, 0.001 \u00b0 do\u011fruluk ve 0.0005 \u00b0 \/ \u2103 s\u0131cakl\u0131k kaymas\u0131 olan tamamen s\u0131cakl\u0131k dengeleyen y\u00fcksek hassasiyetli biya e\u011fim sens\u00f6r\u00fcd\u00fcr. \u00c7\u0131k\u0131\u015f aray\u00fczleri RS232, RS485, RS422, TTL, MODBUS veri yolu se\u00e7im i\u00e7in kullan\u0131labilir.<\/p>\n<p>Dijital Sinyal \u0130letim \u0130ncinometresi, Profesyonel Bilgisayar Yaz\u0131l\u0131m\u0131n\u0131 Destekleyin, Veri \u00d6l\u00e7\u00fcm\u00fc ve Kay\u0131t. Temass\u0131z kurulum, uygun sistem entegrasyonu ve uygun kurulum \u00f6zelliklerine sahiptir. Nesnenin yatay a\u00e7\u0131s\u0131, sens\u00f6r\u00fcn bir vida ile \u00f6l\u00e7\u00fclecek nesnenin y\u00fczeyine sabitlenerek hesaplanabilir ve i\u015flem \u00e7ok basittir. Ve d\u0131\u015f elektromanyetik parazit ve g\u00fc\u00e7l\u00fc deprem direncine kar\u015f\u0131 g\u00fc\u00e7l\u00fc bir dirence sahiptir.<\/p>\n<p><strong><b>\u00d6zellikler<\/b><\/strong><\/p>\n<p>\u0130ki eksenli e\u011fim izleme<\/p>\n<p>Tam aral\u0131k do\u011frulu\u011fu 0.001 \u00b0, \u00e7\u00f6z\u00fcn\u00fcrl\u00fck 0.0005 \u00b0<\/p>\n<p>\u00c7\u0131k\u0131\u015f frekans\u0131 5 ~ 100Hz (iste\u011fe ba\u011fl\u0131)<\/p>\n<p>Geni\u015f Gerilim Giri\u015fi DC 11 ~ 36V<\/p>\n<p>Geni\u015f S\u0131cakl\u0131k \u00c7al\u0131\u015f\u0131yor -40 ~+85 \u2103<\/p>\n<p>\u00d6l\u00e7\u00fcm aral\u0131\u011f\u0131 0 ~ \u00b1 5 \/\u00b110\/\u00b115\/\u00b130\u00b0 (iste\u011fe ba\u011fl\u0131)<\/p>\n<p>Y\u00fcksek Titre\u015fim Direnci&gt; 20000g<\/p>\n<p>Baud H\u0131z\u0131 2400 ~ 115200 (ayarlanabilir)<\/p>\n<p>IP67 korumas\u0131<\/p>\n<p>\u00c7\u0131k\u0131\u015f RS232 \/RS485\/TTL\/MODBUS (iste\u011fe ba\u011fl\u0131)<\/p>\n<p>K\u00fc\u00e7\u00fck hacim (176*27*27mm) (\u00f6zelle\u015ftirilebilir)<\/p>\n<p><strong><b>Ba\u015fvuru<\/b><\/strong><\/p>\n<p>Y\u00fcksek voltajl\u0131 tel kulesi izleme<\/p>\n<p>Uydu g\u00fcne\u015f anten konumland\u0131rma<\/p>\n<p>Havadan i\u015f kamyonu<\/p>\n<p>Madencilik Makineleri, Petrol G\u00fcnl\u00fc\u011f\u00fc Ekipmanlar\u0131<\/p>\n<p>T\u0131bbi ekipman<\/p>\n<p>E\u011fim seviyesi<\/p>\n<p>Hidrolik kald\u0131rma platformu<\/p>\n<p>E\u011fim izleme<\/p>\n<p>\u00c7e\u015fitli in\u015faat makinelerinin a\u00e7\u0131 kontrol\u00fc<\/p>\n<p>K\u00f6pr\u00fc ve barajlar\u0131n denetimi<\/p>","protected":false},"featured_media":3362,"comment_status":"open","ping_status":"closed","template":"","meta":[],"product_brand":[],"product_cat":[24],"product_tag":[],"class_list":{"0":"post-2371","1":"product","2":"type-product","3":"status-publish","4":"has-post-thumbnail","6":"product_cat-tilt-sensor","8":"first","9":"instock","10":"shipping-taxable","11":"product-type-simple"},"_links":{"self":[{"href":"https:\/\/www.andelutech.com\/tr\/wp-json\/wp\/v2\/product\/2371","targetHints":{"allow":["GET"]}}],"collection":[{"href":"https:\/\/www.andelutech.com\/tr\/wp-json\/wp\/v2\/product"}],"about":[{"href":"https:\/\/www.andelutech.com\/tr\/wp-json\/wp\/v2\/types\/product"}],"replies":[{"embeddable":true,"href":"https:\/\/www.andelutech.com\/tr\/wp-json\/wp\/v2\/comments?post=2371"}],"wp:featuredmedia":[{"embeddable":true,"href":"https:\/\/www.andelutech.com\/tr\/wp-json\/wp\/v2\/media\/3362"}],"wp:attachment":[{"href":"https:\/\/www.andelutech.com\/tr\/wp-json\/wp\/v2\/media?parent=2371"}],"wp:term":[{"taxonomy":"product_brand","embeddable":true,"href":"https:\/\/www.andelutech.com\/tr\/wp-json\/wp\/v2\/product_brand?post=2371"},{"taxonomy":"product_cat","embeddable":true,"href":"https:\/\/www.andelutech.com\/tr\/wp-json\/wp\/v2\/product_cat?post=2371"},{"taxonomy":"product_tag","embeddable":true,"href":"https:\/\/www.andelutech.com\/tr\/wp-json\/wp\/v2\/product_tag?post=2371"}],"curies":[{"name":"wp","href":"https:\/\/api.w.org\/{rel}","templated":true}]}}