{"id":2368,"date":"2025-05-23T14:23:22","date_gmt":"2025-05-23T06:23:22","guid":{"rendered":"https:\/\/www.andelutech.com\/?post_type=product&#038;p=2368"},"modified":"2026-01-09T14:43:02","modified_gmt":"2026-01-09T06:43:02","slug":"digital-output-type-dual-axis-tilt-sensor-1230di","status":"publish","type":"product","link":"https:\/\/www.andelutech.com\/tr\/product\/digital-output-type-dual-axis-tilt-sensor-1230di\/","title":{"rendered":"AND-TM-1230DI Digital Output Type Dual- Axis Tilt Sensor"},"content":{"rendered":"","protected":false},"excerpt":{"rendered":"<p><strong><b>Girii\u015f<\/b><\/strong><\/p>\n<p>Bu, 0.0005 \u00b0 \u00e7\u00f6z\u00fcn\u00fcrl\u00fck, 0.001 \u00b0 do\u011fruluk ve 0.0005 \u00b0 \/ \u2103 s\u0131cakl\u0131k kaymas\u0131 ile tam s\u0131cakl\u0131k telafisi y\u00fcksek hassasiyetli iki eksenli e\u011fim sens\u00f6r\u00fcd\u00fcr. \u00c7\u0131k\u0131\u015f aray\u00fcz\u00fc, aralar\u0131ndan se\u00e7im yapabilece\u011finiz RS232, RS485, RS422, TTL, Modbus bulunur. Bu \u00fcr\u00fcn, kaya ve toprak temel \u00e7ukurlar\u0131n\u0131n e\u011fimini \u00f6l\u00e7mek i\u00e7in kullan\u0131lan \u00f6zelle\u015ftirilmi\u015f bir e\u011fimometredir. 24 bit kol \u00fcst d\u00fczey bir sistemini 4 saniyelik \u00e7\u00f6z\u00fcn\u00fcrl\u00fck ve 100 Hz'ye kadar yan\u0131t frekans\u0131yla entegre eder. Operat\u00f6r\u00fcn, y\u00fcksek hassasiyetli bir e\u011fim \u00f6l\u00e7e\u011fi yapmak i\u00e7in inklinometreyi veri iletim bilgisayar\u0131na ba\u011flamas\u0131 gerekir.<\/p>\n<p><strong><b>\u00d6zellikler<\/b><\/strong><\/p>\n<p>\u0130ki eksenli e\u011fim izleme<\/p>\n<p>Tam aral\u0131k do\u011frulu\u011fu 0.001 \u00b0, \u00e7\u00f6z\u00fcn\u00fcrl\u00fck 0.0005 \u00b0<\/p>\n<p>\u00c7\u0131k\u0131\u015f frekans\u0131 5 ~ 100Hz (iste\u011fe ba\u011fl\u0131)<\/p>\n<p>Geni\u015f Gerilim Giri\u015fi DC 11 ~ 36V<\/p>\n<p>Geni\u015f S\u0131cakl\u0131k \u00c7al\u0131\u015f\u0131yor -40 ~+85 \u2103<\/p>\n<p>\u00d6l\u00e7\u00fcm aral\u0131\u011f\u0131 0 ~ \u00b1 5 \/\u00b110\/\u00b115\/\u00b130\u00b0(optional)<\/p>\n<p>Y\u00fcksek Titre\u015fim Direnci&gt; 20000g<\/p>\n<p>Baud H\u0131z\u0131 2400 ~ 115200 (ayarlanabilir)<\/p>\n<p>IP67 korumas\u0131<\/p>\n<p>\u00c7\u0131k\u0131\u015f RS232 \/RS485\/TTL\/MODBUS (iste\u011fe ba\u011fl\u0131)<\/p>\n<p>K\u00fc\u00e7\u00fck hacim (160*20*20mm) (\u00f6zelle\u015ftirilebilir)<\/p>\n<p><strong><b>Ba\u015fvuru<\/b><\/strong><\/p>\n<p>Y\u00fcksek voltajl\u0131 tel kule dire\u011fi izleme<\/p>\n<p>Uydu g\u00fcne\u015f anten konumland\u0131rma<\/p>\n<p>Hassas Tak\u0131m Tak\u0131m\u0131 Yatay Kontrol<\/p>\n<p>Hassas lazer platform ekipman\u0131<\/p>\n<p>T\u0131bbi ekipman<\/p>\n<p>Tank seviyesi<\/p>\n<p>Demiryolu lokomotifi<\/p>\n<p>E\u011fim izlemeye dayal\u0131<\/p>\n<p>\u00c7e\u015fitli in\u015faat makinelerinin a\u00e7\u0131 kontrol\u00fc<\/p>\n<p>K\u00f6pr\u00fc, baraj ve binalar\u0131n izlenmesi<\/p>","protected":false},"featured_media":3363,"comment_status":"open","ping_status":"closed","template":"","meta":[],"product_brand":[],"product_cat":[24],"product_tag":[],"class_list":{"0":"post-2368","1":"product","2":"type-product","3":"status-publish","4":"has-post-thumbnail","6":"product_cat-tilt-sensor","8":"first","9":"instock","10":"shipping-taxable","11":"product-type-simple"},"_links":{"self":[{"href":"https:\/\/www.andelutech.com\/tr\/wp-json\/wp\/v2\/product\/2368","targetHints":{"allow":["GET"]}}],"collection":[{"href":"https:\/\/www.andelutech.com\/tr\/wp-json\/wp\/v2\/product"}],"about":[{"href":"https:\/\/www.andelutech.com\/tr\/wp-json\/wp\/v2\/types\/product"}],"replies":[{"embeddable":true,"href":"https:\/\/www.andelutech.com\/tr\/wp-json\/wp\/v2\/comments?post=2368"}],"wp:featuredmedia":[{"embeddable":true,"href":"https:\/\/www.andelutech.com\/tr\/wp-json\/wp\/v2\/media\/3363"}],"wp:attachment":[{"href":"https:\/\/www.andelutech.com\/tr\/wp-json\/wp\/v2\/media?parent=2368"}],"wp:term":[{"taxonomy":"product_brand","embeddable":true,"href":"https:\/\/www.andelutech.com\/tr\/wp-json\/wp\/v2\/product_brand?post=2368"},{"taxonomy":"product_cat","embeddable":true,"href":"https:\/\/www.andelutech.com\/tr\/wp-json\/wp\/v2\/product_cat?post=2368"},{"taxonomy":"product_tag","embeddable":true,"href":"https:\/\/www.andelutech.com\/tr\/wp-json\/wp\/v2\/product_tag?post=2368"}],"curies":[{"name":"wp","href":"https:\/\/api.w.org\/{rel}","templated":true}]}}