{"id":2363,"date":"2025-05-23T14:19:22","date_gmt":"2025-05-23T06:19:22","guid":{"rendered":"https:\/\/www.andelutech.com\/?post_type=product&#038;p=2363"},"modified":"2026-01-09T14:45:25","modified_gmt":"2026-01-09T06:45:25","slug":"high-precision-can-open-dual-axis-tilt-sensor-1225ca","status":"publish","type":"product","link":"https:\/\/www.andelutech.com\/tr\/product\/high-precision-can-open-dual-axis-tilt-sensor-1225ca\/","title":{"rendered":"AND-TM-1225CA High Precision CAN Open Dual Axis Tilt Sensor"},"content":{"rendered":"","protected":false},"excerpt":{"rendered":"<p><strong><b>Girii\u015f<\/b><\/strong><\/p>\n<p>Y\u00fcksek hassasiyetli bir kanopen iki eksendir\u00a0<a href=\"https:\/\/www.ericcointernational.com\/inclinomter\/\">e\u011fik sens\u00f6r<\/a>\u00a0Esas olarak end\u00fcstriyel saha kontrol\u00fc alan\u0131na y\u00f6nelik \u00fcr\u00fcn, end\u00fcstriyel standart izolat\u00f6r\u00fcn\u00fc 0.0005 \u00b0 \u00e7\u00f6z\u00fcn\u00fcrl\u00fck, 0.001 \u00b0 DO\u011eRULUK ve 0.0005 \u00b0 \/ \u00b0 C s\u0131cakl\u0131k kaymas\u0131 ile ALICI olarak alg\u0131lar.<\/p>\n<p>\u00dcr\u00fcn, \u00fcr\u00fcn\u00fcn d\u00fc\u015f\u00fck s\u0131cakl\u0131kta veya y\u00fcksek s\u0131cakl\u0131k ortam\u0131nda y\u00fcksek tekrarlanabilirli\u011fini sa\u011flamak i\u00e7in yerle\u015fik s\u0131cakl\u0131k sens\u00f6r\u00fcn\u00fcn de\u011fi\u015fmesine g\u00f6re sens\u00f6r\u00fcn s\u0131cakl\u0131k kaymas\u0131n\u0131 d\u00fczeltebilen yerle\u015fik bir y\u00fcksek hassasiyetli s\u0131cakl\u0131k sens\u00f6r\u00fcne sahiptir. \u00c7\u0131kt\u0131 yan\u0131t\u0131 frekans standard\u0131, \u00e7e\u015fitli sert end\u00fcstriyel kontrol ortamlar\u0131 i\u00e7in uygun olan 100Hz'e kadard\u0131r.<\/p>\n<p><strong><b>\u00d6zellikler<\/b><\/strong><\/p>\n<p>\u0130ki eksenli e\u011fim izleme<\/p>\n<p>Tam aral\u0131k do\u011frulu\u011fu 0.001 \u00b0, \u00e7\u00f6z\u00fcn\u00fcrl\u00fck 0.0005 \u00b0<\/p>\n<p>\u00c7\u0131k\u0131\u015f frekans\u0131 5 ~ 100Hz (iste\u011fe ba\u011fl\u0131)<\/p>\n<p>Geni\u015f voltaj giri\u015fi DC 11 ~ 36V<\/p>\n<p>Geni\u015f S\u0131cakl\u0131k \u00c7al\u0131\u015f\u0131yor -40 ~ +85 \u2103<\/p>\n<p>Aral\u0131k 0 ~ \u00b1 5 \/\u00b110\/\u00b115\/\u00b130\u00b0 (iste\u011fe ba\u011fl\u0131)<\/p>\n<p>Y\u00fcksek Titre\u015fim Direnci&gt; 20000g<\/p>\n<p>Baud H\u0131z\u0131: 100K ~ 500K BPS<\/p>\n<p>IP67 korumas\u0131<\/p>\n<p>\u00c7\u0131kt\u0131 Canopen<\/p>\n<p>Cilt (107*55*27mm) (\u00f6zelle\u015ftirilebilir)<\/p>\n<p><strong><b>Ba\u015fvuru<\/b><\/strong><\/p>\n<p>Y\u00fcksek voltajl\u0131 tel kulesi izleme<\/p>\n<p>Uydu g\u00fcne\u015f anten konumland\u0131rma<\/p>\n<p>Y\u00fcksek irtifa i\u015f arac\u0131<\/p>\n<p>Madencilik Makineleri, Petrol G\u00fcnl\u00fc\u011f\u00fc Ekipmanlar\u0131<\/p>\n<p>T\u0131bbi ekipman<\/p>\n<p>E\u011fim seviyesi<\/p>\n<p>Hidrolik kald\u0131rma platformu<\/p>\n<p>E\u011fim izleme<\/p>\n<p>\u00c7e\u015fitli in\u015faat makinelerinin a\u00e7\u0131 kontrol\u00fc<\/p>\n<p>K\u00f6pr\u00fcler ve barajlar, izleme<\/p>","protected":false},"featured_media":3368,"comment_status":"open","ping_status":"closed","template":"","meta":[],"product_brand":[],"product_cat":[24],"product_tag":[],"class_list":{"0":"post-2363","1":"product","2":"type-product","3":"status-publish","4":"has-post-thumbnail","6":"product_cat-tilt-sensor","8":"first","9":"instock","10":"shipping-taxable","11":"product-type-simple"},"_links":{"self":[{"href":"https:\/\/www.andelutech.com\/tr\/wp-json\/wp\/v2\/product\/2363","targetHints":{"allow":["GET"]}}],"collection":[{"href":"https:\/\/www.andelutech.com\/tr\/wp-json\/wp\/v2\/product"}],"about":[{"href":"https:\/\/www.andelutech.com\/tr\/wp-json\/wp\/v2\/types\/product"}],"replies":[{"embeddable":true,"href":"https:\/\/www.andelutech.com\/tr\/wp-json\/wp\/v2\/comments?post=2363"}],"wp:featuredmedia":[{"embeddable":true,"href":"https:\/\/www.andelutech.com\/tr\/wp-json\/wp\/v2\/media\/3368"}],"wp:attachment":[{"href":"https:\/\/www.andelutech.com\/tr\/wp-json\/wp\/v2\/media?parent=2363"}],"wp:term":[{"taxonomy":"product_brand","embeddable":true,"href":"https:\/\/www.andelutech.com\/tr\/wp-json\/wp\/v2\/product_brand?post=2363"},{"taxonomy":"product_cat","embeddable":true,"href":"https:\/\/www.andelutech.com\/tr\/wp-json\/wp\/v2\/product_cat?post=2363"},{"taxonomy":"product_tag","embeddable":true,"href":"https:\/\/www.andelutech.com\/tr\/wp-json\/wp\/v2\/product_tag?post=2363"}],"curies":[{"name":"wp","href":"https:\/\/api.w.org\/{rel}","templated":true}]}}