{"id":2354,"date":"2025-05-23T14:13:05","date_gmt":"2025-05-23T06:13:05","guid":{"rendered":"https:\/\/www.andelutech.com\/?post_type=product&#038;p=2354"},"modified":"2026-01-09T14:49:48","modified_gmt":"2026-01-09T06:49:48","slug":"tilt-sensor-precision-0-001","status":"publish","type":"product","link":"https:\/\/www.andelutech.com\/tr\/product\/tilt-sensor-precision-0-001\/","title":{"rendered":"AND-TS-12200 Tilt Sensor Precision 0.001\u00b0"},"content":{"rendered":"","protected":false},"excerpt":{"rendered":"<p><strong><b>Girii\u015f<\/b><\/strong><\/p>\n<p>Ve TS-12200-MODBUS Y\u00fcksek Hassas Kablosuz \u015eanz\u0131man<a href=\"https:\/\/www.ericcointernational.com\/tilt-sensor\">\u2002 E\u011fim Sens\u00f6r\u00fc<\/a>\u00a0g\u00fc\u00e7 kayna\u011f\u0131 olmayan kullan\u0131c\u0131lar\u0131n end\u00fcstriyel uygulamas\u0131n\u0131 veya nesne tutum a\u00e7\u0131s\u0131n\u0131n ger\u00e7ek zamanl\u0131 dinamik \u00f6l\u00e7\u00fclmesini ama\u00e7layan ultra d\u00fc\u015f\u00fck g\u00fc\u00e7 t\u00fcketimi, k\u00fc\u00e7\u00fck boyut ve y\u00fcksek performansa sahip kablosuz bir e\u011fim sens\u00f6r\u00fcd\u00fcr. Nesnelerin \u0130nterneti Teknolojisi Bluetooth ve Zigbee (iste\u011fe ba\u011fl\u0131) kablosuz \u015fanz\u0131man teknolojisine dayanan lityum pili ile g\u00fc\u00e7lendirilen t\u00fcm dahili devreler optimize edilmi\u015f ve tasarlanm\u0131\u015ft\u0131r ve end\u00fcstriyel MCU, \u00fc\u00e7 kan\u0131tl\u0131 PCB kart\u0131, ithal kablo, geni\u015f s\u0131cakl\u0131kl\u0131 metal kabu\u011fu, \u00fcr\u00fcn\u00fcn end\u00fcstriyel seviyesini iyile\u015ftirmek i\u00e7in benimsenmi\u015ftir. \u0130yi uzun s\u00fcreli stabilite ve k\u00fc\u00e7\u00fck s\u0131f\u0131r s\u00fcr\u00fcklenme ile, kullan\u0131m ortam\u0131na ba\u011f\u0131ml\u0131l\u0131ktan kurtulmak i\u00e7in d\u00fc\u015f\u00fck g\u00fc\u00e7l\u00fc uyku moduna otomatik olarak girebilir.<\/p>\n<p>\u00dcr\u00fcn kompakt yap\u0131ya, hassas tasar\u0131ma, s\u0131cakl\u0131k ve do\u011frusall\u0131k i\u00e7in yeniden telafiye ve k\u0131sa devre, anl\u0131k y\u00fcksek voltaj, polarite, dalgalanma vb. Gibi entegre kapsaml\u0131 koruma fonksiyonlar\u0131na sahiptir. Kablosuz dijital sinyal iletim y\u00f6ntemi, uzun kablo iletiminin neden oldu\u011fu hantal kablo ve g\u00fcr\u00fclt\u00fc parazitini ortadan kald\u0131r\u0131r;  Kablosuz sens\u00f6r d\u00fc\u011f\u00fcmleri b\u00fcy\u00fck bir kablosuz a\u011f olu\u015fturabilir, e\u011fimi ayn\u0131 anda izlemek i\u00e7in binlerce \u00f6l\u00e7\u00fcm noktas\u0131n\u0131 destekleyebilir ve profesyonel bilgisayar yaz\u0131l\u0131m\u0131n\u0131 destekleyebilir. Saha ara\u015ft\u0131rmas\u0131 olmadan, \u00f6l\u00e7\u00fclen nesnenin durumunu ger\u00e7ek zamanl\u0131 olarak \u00f6l\u00e7ebilir ve kaydedebilir;<\/p>\n<p><strong><b>\u00d6zellikler<\/b><\/strong><\/p>\n<p>\u00c7ift eksen izleme (tek eksen iste\u011fe ba\u011fl\u0131)<\/p>\n<p>Aral\u0131k: \u00b1 30 \u00b0<\/p>\n<p>Do\u011fruluk: 0.001 \u00b0, \u00c7\u00f6z\u00fcn\u00fcrl\u00fck: 0.0005 \u00b0<\/p>\n<p>Cilt (94*74*64mm) (\u00f6zelle\u015ftirilebilir)<\/p>\n<p>Ultra d\u00fc\u015f\u00fck g\u00fc\u00e7 t\u00fcketimi<\/p>\n<p>Yerle\u015fik \u015farj edilebilir lityum pil ile g\u00fc\u00e7lendirilir<\/p>\n<p>Geni\u015f S\u0131cakl\u0131k \u00c7al\u0131\u015fma -40 ~+85 \u2103<\/p>\n<p>IP67 koruma derecesi<\/p>\n<p><strong><b>Ba\u015fvuru<\/b><\/strong><\/p>\n<p>K\u00f6pr\u00fc in\u015faat\u0131<\/p>\n<p>Pan e\u011fim seviyesi<\/p>\n<p>Gemi Navigasyon Tutumu \u00d6l\u00e7\u00fcm\u00fc<\/p>\n<p>Y\u00fcksek Demiryolu Vakf\u0131 T\u00fcneli \u0130zleme<\/p>\n<p>Uydu g\u00fcne\u015f anten konumland\u0131rma<\/p>\n<p>T\u0131bbi ekipman<\/p>\n<p>\u00c7e\u015fitli in\u015faat makinelerinin a\u00e7\u0131 kontrol\u00fc<\/p>","protected":false},"featured_media":2355,"comment_status":"open","ping_status":"closed","template":"","meta":[],"product_brand":[],"product_cat":[24],"product_tag":[],"class_list":{"0":"post-2354","1":"product","2":"type-product","3":"status-publish","4":"has-post-thumbnail","6":"product_cat-tilt-sensor","8":"first","9":"instock","10":"shipping-taxable","11":"product-type-simple"},"_links":{"self":[{"href":"https:\/\/www.andelutech.com\/tr\/wp-json\/wp\/v2\/product\/2354","targetHints":{"allow":["GET"]}}],"collection":[{"href":"https:\/\/www.andelutech.com\/tr\/wp-json\/wp\/v2\/product"}],"about":[{"href":"https:\/\/www.andelutech.com\/tr\/wp-json\/wp\/v2\/types\/product"}],"replies":[{"embeddable":true,"href":"https:\/\/www.andelutech.com\/tr\/wp-json\/wp\/v2\/comments?post=2354"}],"wp:featuredmedia":[{"embeddable":true,"href":"https:\/\/www.andelutech.com\/tr\/wp-json\/wp\/v2\/media\/2355"}],"wp:attachment":[{"href":"https:\/\/www.andelutech.com\/tr\/wp-json\/wp\/v2\/media?parent=2354"}],"wp:term":[{"taxonomy":"product_brand","embeddable":true,"href":"https:\/\/www.andelutech.com\/tr\/wp-json\/wp\/v2\/product_brand?post=2354"},{"taxonomy":"product_cat","embeddable":true,"href":"https:\/\/www.andelutech.com\/tr\/wp-json\/wp\/v2\/product_cat?post=2354"},{"taxonomy":"product_tag","embeddable":true,"href":"https:\/\/www.andelutech.com\/tr\/wp-json\/wp\/v2\/product_tag?post=2354"}],"curies":[{"name":"wp","href":"https:\/\/api.w.org\/{rel}","templated":true}]}}