{"id":2352,"date":"2025-05-23T14:07:48","date_gmt":"2025-05-23T06:07:48","guid":{"rendered":"https:\/\/www.andelutech.com\/?post_type=product&#038;p=2352"},"modified":"2025-06-30T17:44:26","modified_gmt":"2025-06-30T09:44:26","slug":"and-fimu-5500-high-bandwidth-and-large-range-fog-imu","status":"publish","type":"product","link":"https:\/\/www.andelutech.com\/tr\/product\/and-fimu-5500-high-bandwidth-and-large-range-fog-imu\/","title":{"rendered":"Ve fimu-5500 y\u00fcksek bant geni\u015fli\u011fi ve geni\u015f menzilli sis imu\u00a0"},"content":{"rendered":"","protected":false},"excerpt":{"rendered":"<p><strong><b>Girii\u015f<\/b><\/strong><\/p>\n<p>Ve fimu-5500 y\u00fcksek bant geni\u015fli\u011fi ve geni\u015f aral\u0131k\u00a0<a href=\"https:\/\/www.ericcointernational.com\/inertial-measurement-units\/fog-imu\/\">SIS IMU<\/a>\u00a0fiber optik jiroskop ve kuvars esnek ivme\u00f6l\u00e7erden olu\u015fur. \u00dcr\u00fcn, iyi bir do\u011fruluk ve \u0131\u015f\u0131k g\u00f6r\u00fcn\u00fcm\u00fc olan \u00fc\u00e7 eksenli kapal\u0131 d\u00f6ng\u00fc fiber optik jiroskopu benimser. Optik fiber atalet \u00f6l\u00e7\u00fcm birimi \u00fcr\u00fcn\u00fc, geni\u015f bant, y\u00fcksek \u00e7\u00f6z\u00fcn\u00fcrl\u00fckl\u00fc, d\u00fc\u015f\u00fck s\u0131f\u0131r s\u00fcr\u00fcklenme, y\u00fcksek do\u011frusall\u0131k, k\u0131sa ba\u015flang\u0131\u00e7 \u200b\u200bs\u00fcresi, g\u00fc\u00e7l\u00fc \u015fok ve titre\u015fim direnci, k\u00fc\u00e7\u00fck boyut ve d\u00fc\u015f\u00fck maliyet \u00f6zelliklerine sahip uygun maliyetli bir atalet \u00f6l\u00e7\u00fcm cihaz\u0131d\u0131r.<\/p>\n<p><strong><b>\u00d6zellikler<\/b><\/strong><\/p>\n<p>Y\u00fcksek bant geni\u015fli\u011fi, geni\u015f aral\u0131k, d\u00fc\u015f\u00fck g\u00fc\u00e7 t\u00fcketimi ve k\u00fc\u00e7\u00fck hacim;<\/p>\n<p>Yan\u0131t s\u00fcresi k\u0131sad\u0131r ve veri g\u00fcncelleme oran\u0131 4 kHz kadar y\u00fcksek olabilir;<\/p>\n<p>ARM i\u015flemcisi ile navigasyon algoritmas\u0131 kullan\u0131c\u0131n\u0131n ihtiya\u00e7lar\u0131na g\u00f6re tasarlanabilir;<\/p>\n<p>Sens\u00f6r verileri kalibre edilir ve s\u0131cakl\u0131k telafi edilir ve t\u00fcm s\u0131cakl\u0131k performans\u0131 kararl\u0131d\u0131r.<\/p>\n<p><strong><b>Ba\u015fvuru<\/b><\/strong><\/p>\n<p>Ak\u0131ll\u0131 M\u00fchimmat (JDAM);<\/p>\n<p>Havac\u0131l\u0131k ve haritalama;<\/p>\n<p>Ara\u00e7 navigasyonu ve konumland\u0131rma;<\/p>\n<p>Tutum kontrol\u00fc;<\/p>\n<p>Y\u00fcksek \u00f6l\u00e7\u00fcm;<\/p>\n<p>Entegre navigasyon sistemi;<\/p>\n<p><strong><b>Ana teknik g\u00f6stergeler<\/b><\/strong><\/p>\n<p>Genel G\u00f6stergeler:<\/p>\n<p>A\u011f\u0131rl\u0131k: \u2264900g;<\/p>\n<p>Boyut: 81mm*81mm*98mm;<\/p>\n<p>G\u00fc\u00e7 kayna\u011f\u0131: 9 ~ 36V DC;<\/p>\n<p>Sabit g\u00fc\u00e7 t\u00fcketimi: \u226410w;<\/p>\n<p>\u00c7al\u0131\u015fma s\u0131cakl\u0131\u011f\u0131: -40 ~+60 c;<\/p>\n<p>Veri G\u00fcncelleme Frekans\u0131: 1000Hz (\u00f6zelle\u015ftirilebilir maks. 4000Hz);<\/p>\n<p>Aray\u00fcz: RS422.<\/p>\n<p><strong><b>Fiber optik jiroskop\u00a0<\/b><\/strong><\/p>\n<p>Aral\u0131k: \u00b1 1000 \u00b0 \/ s;<\/p>\n<p>Bias Stabilitesi: \u22640.5 \u00b0 \/ s<\/p>\n<p>\u00d6nyarg\u0131 Tekrarlanabilirli\u011fi: \u22640.5 \u00b0 \/ s<\/p>\n<p>Rastgele Y\u00fcr\u00fcy\u00fc\u015f Katsay\u0131s\u0131: \u22640.05 \u00b0 \/ H0.5<\/p>\n<p>Tekrarlanabilirli\u011fin \u00f6l\u00e7ek fakt\u00f6r\u00fc: \u2264100ppm<\/p>\n<p>\u00d6l\u00e7ek fakt\u00f6r\u00fc do\u011frusal olmama: \u2264100ppm<\/p>\n<p>Bant geni\u015fli\u011fi: \u2265500Hz<\/p>\n<p><strong><b>Kuvars ivme\u00f6l\u00e7er<\/b><\/strong><\/p>\n<p>Menzil: \u00b1 10g<\/p>\n<p>\u00d6nyarg\u0131 \u0130stikrar\u0131: \u2264300ug (ortalama 1)<\/p>\n<p>\u00d6l\u00e7ek fakt\u00f6r\u00fc stabilitesi: \u2264300ppm (-40 ~+60 \u2103)<\/p>\n<p><strong><b>Dikey Girro Modu G\u00f6stergeleri<\/b><\/strong><\/p>\n<p>Yatay tutum \u00f6l\u00e7\u00fcm aral\u0131\u011f\u0131: \u00b1 60 \u00b0;<\/p>\n<p>Yatay tutum do\u011frulu\u011fu: \u22640.03 \u00b0;<\/p>\n<p>Y\u00fcksek \u00f6l\u00e7\u00fcm aral\u0131\u011f\u0131: \u00b1 5m;<\/p>\n<p>Y\u00fcksek \u00f6l\u00e7\u00fcm do\u011frulu\u011fu: \u2264% 5 (genlik 1m'den az oldu\u011funda do\u011fruluk 5 cm'den daha iyidir).<\/p>","protected":false},"featured_media":2714,"comment_status":"open","ping_status":"closed","template":"","meta":[],"product_brand":[],"product_cat":[26],"product_tag":[],"class_list":{"0":"post-2352","1":"product","2":"type-product","3":"status-publish","4":"has-post-thumbnail","6":"product_cat-imu-mems-ins","8":"first","9":"instock","10":"shipping-taxable","11":"product-type-simple"},"_links":{"self":[{"href":"https:\/\/www.andelutech.com\/tr\/wp-json\/wp\/v2\/product\/2352","targetHints":{"allow":["GET"]}}],"collection":[{"href":"https:\/\/www.andelutech.com\/tr\/wp-json\/wp\/v2\/product"}],"about":[{"href":"https:\/\/www.andelutech.com\/tr\/wp-json\/wp\/v2\/types\/product"}],"replies":[{"embeddable":true,"href":"https:\/\/www.andelutech.com\/tr\/wp-json\/wp\/v2\/comments?post=2352"}],"wp:featuredmedia":[{"embeddable":true,"href":"https:\/\/www.andelutech.com\/tr\/wp-json\/wp\/v2\/media\/2714"}],"wp:attachment":[{"href":"https:\/\/www.andelutech.com\/tr\/wp-json\/wp\/v2\/media?parent=2352"}],"wp:term":[{"taxonomy":"product_brand","embeddable":true,"href":"https:\/\/www.andelutech.com\/tr\/wp-json\/wp\/v2\/product_brand?post=2352"},{"taxonomy":"product_cat","embeddable":true,"href":"https:\/\/www.andelutech.com\/tr\/wp-json\/wp\/v2\/product_cat?post=2352"},{"taxonomy":"product_tag","embeddable":true,"href":"https:\/\/www.andelutech.com\/tr\/wp-json\/wp\/v2\/product_tag?post=2352"}],"curies":[{"name":"wp","href":"https:\/\/api.w.org\/{rel}","templated":true}]}}