{"id":2350,"date":"2025-05-23T14:06:55","date_gmt":"2025-05-23T06:06:55","guid":{"rendered":"https:\/\/www.andelutech.com\/?post_type=product&#038;p=2350"},"modified":"2025-06-30T17:53:06","modified_gmt":"2025-06-30T09:53:06","slug":"and-fimu-70-fog-imu","status":"publish","type":"product","link":"https:\/\/www.andelutech.com\/tr\/product\/and-fimu-70-fog-imu\/","title":{"rendered":"VE FIMU-70 SIS IMU"},"content":{"rendered":"","protected":false},"excerpt":{"rendered":"<p><strong><b>Girii\u015f:<\/b><\/strong><\/p>\n<p>Ve FIMU-70 Sis Atalet \u00f6l\u00e7\u00fcm \u00fcnitesi taktik sistem uygulamalar\u0131 i\u00e7in \u00f6zel olarak geli\u015ftirilmi\u015ftir. \u00dcr\u00fcn, t\u00fcm kat\u0131 hal \u00fc\u00e7 eksenli fiber optikten olu\u015fur\u00a0<a href=\"https:\/\/www.ericcointernational.com\/gyroscope\"><u>jiroskop<\/u><\/a>, \u00fc\u00e7 eksenli kuvars esnek ivme\u00f6l\u00e7erler, g\u00f6vde yap\u0131s\u0131, veri aray\u00fcz kart\u0131 ve di\u011fer bile\u015fenler.<\/p>\n<p><strong><b>Ba\u015fvuru<\/b><\/strong><\/p>\n<p>Y\u00fczeyden havaya f\u00fczelerin atalet navigasyonu<\/p>\n<p>Havadan havaya f\u00fczeler ve navigasyon f\u00fczeleri<\/p>\n<p>Uzay Stabilizasyon Sistemleri, Haritalama Sistemleri, Tutum Referans Sistemleri, Hareket Tazminat Sistemleri, G\u00f6r\u00fcnt\u00fcleme Stabilizasyon Sistemleri, U\u00e7u\u015f Kontrol Sistemleri<\/p>\n<p>Hava Sava\u015f Manevras\u0131 Enstr\u00fcmanlar\u0131<\/p>\n<p>Navigasyon testi ekipman\u0131<\/p>\n<p><strong><b>Spesifikasyonlar<\/b><\/strong><\/p>\n<p><strong><b>Jiroskop:<\/b><\/strong><\/p>\n<p>\u00d6l\u00e7\u00fcm aral\u0131\u011f\u0131: \u2264500 \u00b0 \/ s<\/p>\n<p>Fakt\u00f6r \u00d6l\u00e7e\u011fi Do\u011frusal Olmayan \u2264300ppm (1\u03c3)<\/p>\n<p>\u00d6nyarg\u0131 Tekrarlanabilirli\u011fi \u22640.1-0.5\u00ba \/ s (1\u03c3)<\/p>\n<p>\u00d6nyarg\u0131 stabilitesi \u22640.1\u00ba-0.5\u00ba \/ s (1\u03c3)<\/p>\n<p><strong><b>\u0130vme\u00f6l\u00e7er:<\/b><\/strong><\/p>\n<p>\u00d6l\u00e7\u00fcm aral\u0131\u011f\u0131 \u00b1 50 g<\/p>\n<p>Fakt\u00f6r \u00d6l\u00e7e\u011fi Do\u011frusal Olmayan \u2264300ppm (1\u03c3)<\/p>\n<p>Fakt\u00f6r \u00d6l\u00e7e\u011fi Tekrarlanabilirli\u011fi \u22645 \u00d7 10-4g (1\u03c3)<\/p>\n<p>Boyutlar: 200*100*90 mm (\u00f6zelle\u015ftirilebilir)<\/p>\n<p>A\u011f\u0131rl\u0131k: 1200g \u00b1 60g<\/p>\n<p>G\u00fc\u00e7 kayna\u011f\u0131: 28V DC (\u00f6zelle\u015ftirilebilir)<\/p>\n<p>\u0130leti\u015fim Aray\u00fcz\u00fc: RS-232 (\u00d6zelle\u015ftirilebilir)<\/p>","protected":false},"featured_media":2728,"comment_status":"open","ping_status":"closed","template":"","meta":[],"product_brand":[],"product_cat":[26],"product_tag":[],"class_list":{"0":"post-2350","1":"product","2":"type-product","3":"status-publish","4":"has-post-thumbnail","6":"product_cat-imu-mems-ins","8":"first","9":"instock","10":"shipping-taxable","11":"product-type-simple"},"_links":{"self":[{"href":"https:\/\/www.andelutech.com\/tr\/wp-json\/wp\/v2\/product\/2350","targetHints":{"allow":["GET"]}}],"collection":[{"href":"https:\/\/www.andelutech.com\/tr\/wp-json\/wp\/v2\/product"}],"about":[{"href":"https:\/\/www.andelutech.com\/tr\/wp-json\/wp\/v2\/types\/product"}],"replies":[{"embeddable":true,"href":"https:\/\/www.andelutech.com\/tr\/wp-json\/wp\/v2\/comments?post=2350"}],"wp:featuredmedia":[{"embeddable":true,"href":"https:\/\/www.andelutech.com\/tr\/wp-json\/wp\/v2\/media\/2728"}],"wp:attachment":[{"href":"https:\/\/www.andelutech.com\/tr\/wp-json\/wp\/v2\/media?parent=2350"}],"wp:term":[{"taxonomy":"product_brand","embeddable":true,"href":"https:\/\/www.andelutech.com\/tr\/wp-json\/wp\/v2\/product_brand?post=2350"},{"taxonomy":"product_cat","embeddable":true,"href":"https:\/\/www.andelutech.com\/tr\/wp-json\/wp\/v2\/product_cat?post=2350"},{"taxonomy":"product_tag","embeddable":true,"href":"https:\/\/www.andelutech.com\/tr\/wp-json\/wp\/v2\/product_tag?post=2350"}],"curies":[{"name":"wp","href":"https:\/\/api.w.org\/{rel}","templated":true}]}}