{"id":2348,"date":"2025-05-23T14:05:59","date_gmt":"2025-05-23T06:05:59","guid":{"rendered":"https:\/\/www.andelutech.com\/?post_type=product&#038;p=2348"},"modified":"2025-06-30T17:48:49","modified_gmt":"2025-06-30T09:48:49","slug":"and-fimu-60-low-cost-high-precision-fog-imu-replace-ln200","status":"publish","type":"product","link":"https:\/\/www.andelutech.com\/tr\/product\/and-fimu-60-low-cost-high-precision-fog-imu-replace-ln200\/","title":{"rendered":"Ve-FIMU-60 D\u00fc\u015f\u00fck Maliyet &#038; Y\u00fcksek Hassasiyetli FOG IMU (LN200 De\u011fi\u015ftirin)"},"content":{"rendered":"","protected":false},"excerpt":{"rendered":"<p><strong><b>Girii\u015f:<\/b><\/strong><\/p>\n<p>Ve-FIMU-60 D\u00fc\u015f\u00fck Maliyet &amp; Y\u00fcksek Hassasiyetli FOG IMU (LN200 yerine) Northrop Grumman'\u0131n (Eski Litton) LN200 yerine taktik askeri sistemler i\u00e7in geli\u015ftirilmi\u015ftir. T\u00fcm\u00fcyle kat\u0131 bir \u00fc\u00e7 eksenli fiber optik jiroskopu ve \u00fc\u00e7 eksenli kuvars esneklik h\u0131zland\u0131r\u0131c\u0131, g\u00f6vde yap\u0131s\u0131, veri aray\u00fcz\u00fc panosu ve di\u011fer bile\u015fenlerden olu\u015fur. A\u015fa\u011f\u0131daki avantajlara sahiptir: h\u0131zl\u0131 ba\u015flang\u0131\u00e7 ve h\u0131zl\u0131 yan\u0131t; Tam tutum \u00f6l\u00e7\u00fcm\u00fc; d\u00fc\u015f\u00fck g\u00fc\u00e7 t\u00fcketimi ve miniat\u00fcrizasyon; tamamen m\u00fch\u00fcrlenmi\u015f, aktif olmayan par\u00e7a ve gaz koruma b\u00f6l\u00fcm\u00fc ve g\u00fcvenilir \u00e7er\u00e7eve yap\u0131s\u0131, b\u00f6ylece y\u00fcksek g\u00fcvenilirlik ve uzun \u00f6mre sahiptir. Sens\u00f6r d\u00fc\u015f\u00fck g\u00fcr\u00fclt\u00fcye ve k\u00fc\u00e7\u00fck ofsetlere sahiptir ve GNSS \/ INS entegre navigasyonu olu\u015fturmak i\u00e7in do\u011frudan navigasyon bilgisayar\u0131, uydu al\u0131c\u0131 ve ilgili yaz\u0131l\u0131mlarla entegre edilebilir. Do\u011frudan y\u00fcz-hava f\u00fczeleri, hava-hava f\u00fczeleri ve navigasyon f\u00fczelerinin inersyel navigasyonuna uygulanabilir. Uzay istikrarlama sistemleri, haritalama sistemleri, tutum referans sistemleri, hareket tazminat\u0131 sistemleri, g\u00f6r\u00fcnt\u00fcleme istikrarlama sistemleri, u\u00e7u\u015f kontrol sistemleri ve hava sava\u015f manevra aletleri \/ navigasyon test ekipmanlar\u0131nda yayg\u0131n olarak kullan\u0131labilir.<\/p>","protected":false},"featured_media":2722,"comment_status":"open","ping_status":"closed","template":"","meta":[],"product_brand":[],"product_cat":[26],"product_tag":[],"class_list":{"0":"post-2348","1":"product","2":"type-product","3":"status-publish","4":"has-post-thumbnail","6":"product_cat-imu-mems-ins","8":"first","9":"instock","10":"shipping-taxable","11":"product-type-simple"},"_links":{"self":[{"href":"https:\/\/www.andelutech.com\/tr\/wp-json\/wp\/v2\/product\/2348","targetHints":{"allow":["GET"]}}],"collection":[{"href":"https:\/\/www.andelutech.com\/tr\/wp-json\/wp\/v2\/product"}],"about":[{"href":"https:\/\/www.andelutech.com\/tr\/wp-json\/wp\/v2\/types\/product"}],"replies":[{"embeddable":true,"href":"https:\/\/www.andelutech.com\/tr\/wp-json\/wp\/v2\/comments?post=2348"}],"wp:featuredmedia":[{"embeddable":true,"href":"https:\/\/www.andelutech.com\/tr\/wp-json\/wp\/v2\/media\/2722"}],"wp:attachment":[{"href":"https:\/\/www.andelutech.com\/tr\/wp-json\/wp\/v2\/media?parent=2348"}],"wp:term":[{"taxonomy":"product_brand","embeddable":true,"href":"https:\/\/www.andelutech.com\/tr\/wp-json\/wp\/v2\/product_brand?post=2348"},{"taxonomy":"product_cat","embeddable":true,"href":"https:\/\/www.andelutech.com\/tr\/wp-json\/wp\/v2\/product_cat?post=2348"},{"taxonomy":"product_tag","embeddable":true,"href":"https:\/\/www.andelutech.com\/tr\/wp-json\/wp\/v2\/product_tag?post=2348"}],"curies":[{"name":"wp","href":"https:\/\/api.w.org\/{rel}","templated":true}]}}