{"id":2344,"date":"2025-05-23T14:04:36","date_gmt":"2025-05-23T06:04:36","guid":{"rendered":"https:\/\/www.andelutech.com\/?post_type=product&#038;p=2344"},"modified":"2025-06-30T17:12:23","modified_gmt":"2025-06-30T09:12:23","slug":"and-fimu-50-minimum-fog-imu-50","status":"publish","type":"product","link":"https:\/\/www.andelutech.com\/tr\/product\/and-fimu-50-minimum-fog-imu-50\/","title":{"rendered":"Ve-fimu-50 minimum sis imu 50"},"content":{"rendered":"","protected":false},"excerpt":{"rendered":"<p><strong><b>Girii\u015f<\/b><\/strong><\/p>\n<p>Ve-FIMU-50\u00a0<a href=\"https:\/\/www.ericcointernational.com\/inertial-measurement-units\/fog-imu\/\">FOG IMU'nun<\/a>Navigasyon, kontrol ve dinamik \u00f6l\u00e7\u00fcm i\u00e7in en az maliyet etkili bir inersyel \u00f6l\u00e7\u00fcm cihaz\u0131d\u0131r. Sistem y\u00fcksek g\u00fcvenilirlik kapal\u0131 d\u00f6ng\u00fcl\u00fc fiber optik jiroskop ve h\u0131zland\u0131r\u0131c\u0131 benimser ve \u00e7oklu tazminat teknikleri yoluyla \u00f6l\u00e7\u00fcm do\u011frulu\u011funu sa\u011flar. Ta\u015f\u0131y\u0131c\u0131n\u0131n a\u00e7\u0131l\u0131 hareketinin ve do\u011frusal hareket parametrelerinin sert ko\u015fullarda do\u011fru \u00f6l\u00e7\u00fclebilece\u011fini sa\u011flamak i\u00e7in \u00fcretim s\u00fcrecinde s\u0131k\u0131 bir teknoloji benimsenir.<\/p>\n<p>\u00dcr\u00fcn harika bir kullan\u0131c\u0131 deneyimine sahiptir. Geni\u015f voltajl\u0131 g\u00fc\u00e7 kayna\u011f\u0131na ek olarak, kullan\u0131c\u0131lar ayr\u0131ca ihtiya\u00e7lar\u0131na g\u00f6re \u00e7\u0131k\u0131\u015f bant geni\u015fli\u011fini, veri g\u00fcncelleme h\u0131z\u0131n\u0131, ileti\u015fim liman\u0131 baud h\u0131z\u0131n\u0131 ve ileti\u015fim protokol\u00fcn\u00fc de yap\u0131land\u0131rabilirler.<strong><b>\u00a0<\/b><\/strong><\/p>\n<p><strong><b>\u00d6zellikler<\/b><\/strong><\/p>\n<p>Minimum fiber optik\u00a0<a href=\"https:\/\/www.ericcointernational.com\/inertial-measurement-units\/\">IMU<\/a><\/p>\n<p>Tam s\u0131cakl\u0131k tazminat\u0131<\/p>\n<p>G\u00fc\u00e7l\u00fc \u015fok direnci ve titre\u015fim direnci<\/p>\n<p>Bant geni\u015fli\u011fi&gt; 100 Hz'de<\/p>\n<p>Veri g\u00fcncelleme h\u0131z\u0131: 100Hz ~ 4000Hz<\/p>\n<p>Baud h\u0131z\u0131 yap\u0131land\u0131r\u0131labilir, 921.6Kbps'ye kadar<\/p>\n<p>A\u011f\u0131rl\u0131k&lt; 600 gr<\/p>\n<p>Geni\u015f voltaj kayna\u011f\u0131 9V ~ 31V<\/p>\n<p>G\u00fc\u00e7 t\u00fcketimi 4.8 W<\/p>\n<p><strong><b>Ba\u015fvuru<\/b><\/strong><\/p>\n<p><a href=\"https:\/\/www.ericcointernational.com\/attitude-heading-reference-system\/\">AHRS<\/a><\/p>\n<p>Rehberlik kontrol sistemi<\/p>\n<p>Ara\u00e7 ve gemi tutumu \u00f6l\u00e7\u00fcm\u00fc<\/p>\n<p>Inersiyel\/uydu entegre navigasyon sistemi<\/p>\n<p>Sondaj sistemi<\/p>\n<p>Mobil e\u015fleme sistemi<\/p>\n<p>Uydu ileti\u015fimi harekette<\/p>","protected":false},"featured_media":2706,"comment_status":"open","ping_status":"closed","template":"","meta":[],"product_brand":[],"product_cat":[26],"product_tag":[],"class_list":{"0":"post-2344","1":"product","2":"type-product","3":"status-publish","4":"has-post-thumbnail","6":"product_cat-imu-mems-ins","8":"first","9":"instock","10":"shipping-taxable","11":"product-type-simple"},"_links":{"self":[{"href":"https:\/\/www.andelutech.com\/tr\/wp-json\/wp\/v2\/product\/2344","targetHints":{"allow":["GET"]}}],"collection":[{"href":"https:\/\/www.andelutech.com\/tr\/wp-json\/wp\/v2\/product"}],"about":[{"href":"https:\/\/www.andelutech.com\/tr\/wp-json\/wp\/v2\/types\/product"}],"replies":[{"embeddable":true,"href":"https:\/\/www.andelutech.com\/tr\/wp-json\/wp\/v2\/comments?post=2344"}],"wp:featuredmedia":[{"embeddable":true,"href":"https:\/\/www.andelutech.com\/tr\/wp-json\/wp\/v2\/media\/2706"}],"wp:attachment":[{"href":"https:\/\/www.andelutech.com\/tr\/wp-json\/wp\/v2\/media?parent=2344"}],"wp:term":[{"taxonomy":"product_brand","embeddable":true,"href":"https:\/\/www.andelutech.com\/tr\/wp-json\/wp\/v2\/product_brand?post=2344"},{"taxonomy":"product_cat","embeddable":true,"href":"https:\/\/www.andelutech.com\/tr\/wp-json\/wp\/v2\/product_cat?post=2344"},{"taxonomy":"product_tag","embeddable":true,"href":"https:\/\/www.andelutech.com\/tr\/wp-json\/wp\/v2\/product_tag?post=2344"}],"curies":[{"name":"wp","href":"https:\/\/api.w.org\/{rel}","templated":true}]}}