{"id":2335,"date":"2025-05-23T13:59:41","date_gmt":"2025-05-23T05:59:41","guid":{"rendered":"https:\/\/www.andelutech.com\/?post_type=product&#038;p=2335"},"modified":"2026-01-12T15:21:50","modified_gmt":"2026-01-12T07:21:50","slug":"high-accuracy-mems-imu-m01-a","status":"publish","type":"product","link":"https:\/\/www.andelutech.com\/tr\/product\/high-accuracy-mems-imu-m01-a\/","title":{"rendered":"AND-M01-A High Accuracy MEMS IMU"},"content":{"rendered":"","protected":false},"excerpt":{"rendered":"<p><strong><b>Girii\u015f<\/b><\/strong><\/p>\n<p>MEM'ler, ger\u00e7ek zamanl\u0131 olarak zift, rulo ve ba\u015fl\u0131k a\u00e7\u0131sal oran bilgilerini \u00f6l\u00e7ebilir ve kullan\u0131c\u0131lara \u00e7\u0131karabilir.<\/p>\n<p>A\u00a0<a href=\"https:\/\/www.ericcointernational.com\/inertial-measurement-units\/mems-inertial-measurement-unit\/\">MEMS IMU<\/a>\u00a0MEMS jiroskop, MEMS ivme\u00f6l\u00e7er ve manyetometreden OLU\u015eAN sens\u00f6r, JIROSKOP ve ivme\u00f6l\u00e7er, atalet navigasyon sisteminin \u00e7ekirdek bile\u015fenlerini olu\u015fturur. Yerle\u015fik ivme\u00f6l\u00e7er ve jiroskop yoluyla IMU, \u00fc\u00e7 y\u00f6nde do\u011frusal ivme ve d\u00f6nme a\u00e7\u0131sal h\u0131z\u0131 \u00f6l\u00e7ebilir ve ta\u015f\u0131y\u0131c\u0131lar\u0131n tutumunu, h\u0131z\u0131n\u0131 ve yer de\u011fi\u015ftirme bilgilerini alabilir.<\/p>\n<p>IMU \u00e7o\u011funlukla ara\u00e7lar ve robotlar gibi hareket kontrol ekipmanlar\u0131nda kullan\u0131l\u0131r ve denizalt\u0131lar, u\u00e7aklar, f\u00fczeler ve uzay arac\u0131 i\u00e7in atalet navigasyon ekipman\u0131 gibi do\u011fru yer de\u011fi\u015ftirme i\u00e7in tutum hesaplamas\u0131 kullan\u0131lmas\u0131n\u0131 gerektiren durumlarda da kullan\u0131labilir. Di\u011fer navigasyon ekipman\u0131 ile kar\u015f\u0131la\u015ft\u0131r\u0131ld\u0131\u011f\u0131nda, atalet navigasyon sistemi, kapsaml\u0131 bilgi, tam \u00f6zerklik, g\u00fc\u00e7l\u00fc gizlilik, ger\u00e7ek zamanl\u0131 s\u00fcrekli bilgiler, zamandan, co\u011frafi k\u0131s\u0131tlamalar ve insan fakt\u00f6rlerinin \u00f6nemli \u00f6zelliklerine sahiptir, bu da hava, su ve yeralt\u0131 i\u00e7in uygun hale getirir.<\/p>","protected":false},"featured_media":2318,"comment_status":"open","ping_status":"closed","template":"","meta":[],"product_brand":[],"product_cat":[26],"product_tag":[],"class_list":{"0":"post-2335","1":"product","2":"type-product","3":"status-publish","4":"has-post-thumbnail","6":"product_cat-imu-mems-ins","8":"first","9":"instock","10":"shipping-taxable","11":"product-type-simple"},"_links":{"self":[{"href":"https:\/\/www.andelutech.com\/tr\/wp-json\/wp\/v2\/product\/2335","targetHints":{"allow":["GET"]}}],"collection":[{"href":"https:\/\/www.andelutech.com\/tr\/wp-json\/wp\/v2\/product"}],"about":[{"href":"https:\/\/www.andelutech.com\/tr\/wp-json\/wp\/v2\/types\/product"}],"replies":[{"embeddable":true,"href":"https:\/\/www.andelutech.com\/tr\/wp-json\/wp\/v2\/comments?post=2335"}],"wp:featuredmedia":[{"embeddable":true,"href":"https:\/\/www.andelutech.com\/tr\/wp-json\/wp\/v2\/media\/2318"}],"wp:attachment":[{"href":"https:\/\/www.andelutech.com\/tr\/wp-json\/wp\/v2\/media?parent=2335"}],"wp:term":[{"taxonomy":"product_brand","embeddable":true,"href":"https:\/\/www.andelutech.com\/tr\/wp-json\/wp\/v2\/product_brand?post=2335"},{"taxonomy":"product_cat","embeddable":true,"href":"https:\/\/www.andelutech.com\/tr\/wp-json\/wp\/v2\/product_cat?post=2335"},{"taxonomy":"product_tag","embeddable":true,"href":"https:\/\/www.andelutech.com\/tr\/wp-json\/wp\/v2\/product_tag?post=2335"}],"curies":[{"name":"wp","href":"https:\/\/api.w.org\/{rel}","templated":true}]}}