{"id":2329,"date":"2025-05-23T13:56:45","date_gmt":"2025-05-23T05:56:45","guid":{"rendered":"https:\/\/www.andelutech.com\/?post_type=product&#038;p=2329"},"modified":"2026-01-12T15:40:05","modified_gmt":"2026-01-12T07:40:05","slug":"high-performance-mems-imu-m01","status":"publish","type":"product","link":"https:\/\/www.andelutech.com\/tr\/product\/high-performance-mems-imu-m01\/","title":{"rendered":"AND-M01 High Performance MEMS IMU"},"content":{"rendered":"","protected":false},"excerpt":{"rendered":"<p><strong><b>Girii\u015f<\/b><\/strong><\/p>\n<p>Birle\u015ftirilmi\u015f bir MEMS IMU sens\u00f6r\u00fc\u00a0<a href=\"https:\/\/www.ericcointernational.com\/gyroscope\/mems-gyroscope\/\">MEMS Gyroscope<\/a>,\u00a0<a href=\"https:\/\/www.ericcointernational.com\/accelerometer\/mems-accelerometer\/\">MEMS ivme\u00f6l\u00e7er<\/a>\u00a0ve manyetometre, jiroskop ve\u00a0<a href=\"https:\/\/www.ericcointernational.com\/accelerometer\/\">ivme\u00f6l\u00e7er<\/a>\u00a0ataletsel navigasyon sisteminin temel bile\u015fenlerini olu\u015fturur. Yerle\u015fik ivme\u00f6l\u00e7er ve jiroskop yoluyla IMU, do\u011frusal ivme ve d\u00f6nme a\u00e7\u0131sal h\u0131z\u0131 \u00fc\u00e7 y\u00f6nde \u00f6l\u00e7ebilir ve ta\u015f\u0131y\u0131c\u0131lar\u0131n tutumunu, h\u0131z\u0131n\u0131 ve yer de\u011fi\u015ftirme bilgilerini alabilir.<\/p>\n<p>\u00dcr\u00fcn \u00e7o\u011funlukla ara\u00e7lar ve robotlar gibi hareket kontrol ekipmanlar\u0131nda kullan\u0131l\u0131r ve denizalt\u0131lar, u\u00e7aklar, f\u00fczeler ve uzay arac\u0131 i\u00e7in atalet navigasyon ekipman\u0131 gibi do\u011fru yer de\u011fi\u015ftirme i\u00e7in tutum hesaplamas\u0131 kullan\u0131lmas\u0131n\u0131 gerektiren durumlarda da kullan\u0131labilir. Di\u011fer navigasyon ekipmanlar\u0131 ile kar\u015f\u0131la\u015ft\u0131r\u0131ld\u0131\u011f\u0131nda, atalet navigasyon sistemi, kapsaml\u0131 bilgi, tam \u00f6zerklik, g\u00fc\u00e7l\u00fc gizlilik, ger\u00e7ek zamanl\u0131 s\u00fcrekli bilgiler, zamandan, co\u011frafi k\u0131s\u0131tlamalar ve insan fakt\u00f6rlerinin \u00f6nemli \u00f6zelliklerine sahiptir, bu da hava, su ve yeralt\u0131 ortamda normal olarak \u00e7al\u0131\u015f\u0131r.<\/p>","protected":false},"featured_media":2330,"comment_status":"open","ping_status":"closed","template":"","meta":[],"product_brand":[],"product_cat":[26],"product_tag":[],"class_list":{"0":"post-2329","1":"product","2":"type-product","3":"status-publish","4":"has-post-thumbnail","6":"product_cat-imu-mems-ins","8":"first","9":"instock","10":"shipping-taxable","11":"product-type-simple"},"_links":{"self":[{"href":"https:\/\/www.andelutech.com\/tr\/wp-json\/wp\/v2\/product\/2329","targetHints":{"allow":["GET"]}}],"collection":[{"href":"https:\/\/www.andelutech.com\/tr\/wp-json\/wp\/v2\/product"}],"about":[{"href":"https:\/\/www.andelutech.com\/tr\/wp-json\/wp\/v2\/types\/product"}],"replies":[{"embeddable":true,"href":"https:\/\/www.andelutech.com\/tr\/wp-json\/wp\/v2\/comments?post=2329"}],"wp:featuredmedia":[{"embeddable":true,"href":"https:\/\/www.andelutech.com\/tr\/wp-json\/wp\/v2\/media\/2330"}],"wp:attachment":[{"href":"https:\/\/www.andelutech.com\/tr\/wp-json\/wp\/v2\/media?parent=2329"}],"wp:term":[{"taxonomy":"product_brand","embeddable":true,"href":"https:\/\/www.andelutech.com\/tr\/wp-json\/wp\/v2\/product_brand?post=2329"},{"taxonomy":"product_cat","embeddable":true,"href":"https:\/\/www.andelutech.com\/tr\/wp-json\/wp\/v2\/product_cat?post=2329"},{"taxonomy":"product_tag","embeddable":true,"href":"https:\/\/www.andelutech.com\/tr\/wp-json\/wp\/v2\/product_tag?post=2329"}],"curies":[{"name":"wp","href":"https:\/\/api.w.org\/{rel}","templated":true}]}}