{"id":2327,"date":"2025-05-23T13:54:18","date_gmt":"2025-05-23T05:54:18","guid":{"rendered":"https:\/\/www.andelutech.com\/?post_type=product&#038;p=2327"},"modified":"2026-01-09T13:14:48","modified_gmt":"2026-01-09T05:14:48","slug":"low-cost-attitude-control-mems-imu-08","status":"publish","type":"product","link":"https:\/\/www.andelutech.com\/tr\/product\/low-cost-attitude-control-mems-imu-08\/","title":{"rendered":"AND-IMU-08 Low-cost Attitude-control MEMS"},"content":{"rendered":"","protected":false},"excerpt":{"rendered":"<p><strong><b>Girii\u015f<\/b><\/strong><\/p>\n<p>IMU olarak adland\u0131r\u0131lan atalet \u00f6l\u00e7\u00fcm birimi, nesnenin \u00fc\u00e7 ekseninin tutum a\u00e7\u0131s\u0131n\u0131 (veya a\u00e7\u0131sal h\u0131z\u0131) ve h\u0131zlanmas\u0131n\u0131 \u00f6l\u00e7mek i\u00e7in bir cihazd\u0131r.\u00a0<a href=\"https:\/\/www.ericcointernational.com\/gyroscope\">Jiroskop<\/a>\u00a0ve<a href=\"https:\/\/www.ericcointernational.com\/accelerometer\">H\u0131zland\u0131r\u0131c\u0131<\/a>\u00a0ataletal navigasyon sisteminin temel cihazlar\u0131d\u0131r (<a href=\"https:\/\/www.ericcointernational.com\/inertial-navigation-system\">INS<\/a>). Dahili ivme\u00f6l\u00e7er sens\u00f6r\u00fc ve jiroskop ile IMU, do\u011frusal ivme ve d\u00f6n\u00fc\u015f a\u00e7\u0131sal h\u0131z\u0131 \u00fc\u00e7 y\u00f6nden \u00f6l\u00e7ebilir ve \u00e7\u00f6z\u00fcmleme yoluyla ta\u015f\u0131y\u0131c\u0131n\u0131n tutum, h\u0131z ve yer de\u011fi\u015ftirme bilgilerini alabilir.<\/p>\n<p>Ve MIMU-08, y\u00fcksek kalite ve g\u00fcvenilirlik, RS422 ve d\u0131\u015f ileti\u015fim ile MEMS ivme\u00f6l\u00e7er ve jiroskop kullan\u0131r, baud oran\u0131, kullan\u0131c\u0131n\u0131n gerekli ileti\u015fim baud h\u0131z\u0131n\u0131 ayarlamak i\u00e7in ileti\u015fim protokol\u00fc arac\u0131l\u0131\u011f\u0131yla esnek bir \u015fekilde 9600 ~ 921600 aras\u0131nda ayarlanabilir. X, Y, Z \u00fc\u00e7 eksenli hassas gyro, x, y, z y\u00fcksek \u00e7\u00f6z\u00fcn\u00fcrl\u00fckl\u00fc \u00fc\u00e7 eksenli ivme\u00f6l\u00e7er ile Rs422 x, y, z \u00fc\u00e7 ekseni jiroskop ve ivme\u00f6l\u00e7er jiroskop ve orijinal onalt\u0131l\u0131k kompleman verileri dahil (gyro heksadekimal tamamlama dahil, say\u0131sal s\u0131cakl\u0131k, zincirleme hex s\u0131cakl\u0131k, a\u00e7\u0131, a\u00e7\u0131, a\u00e7\u0131, a\u00e7\u0131, a\u00e7\u0131, a\u00e7\u0131, a\u00e7\u0131, a\u00e7\u0131, a\u00e7\u0131, a\u00e7\u0131, a\u00e7\u0131, a\u00e7\u0131, a\u00e7\u0131, a\u00e7\u0131, a\u00e7\u0131, a\u00e7\u0131, a\u00e7\u0131, a\u00e7\u0131, a\u00e7\u0131, a\u00e7\u0131, a\u00e7\u0131, a\u00e7\u0131.<\/p>\n<p><strong><b>Uygulama alanlar\u0131<\/b><\/strong><\/p>\n<p>\u0130n\u015faat makineleri dald\u0131rma a\u00e7\u0131s\u0131 \u00f6l\u00e7\u00fcm\u00fc, a\u00e7\u0131 kontrol\u00fc, pylon \u00e7al\u0131\u015fma izleme, t\u0131bbi ekipman a\u00e7\u0131s\u0131 kontrol\u00fc, uydu anten y\u0131ld\u0131z arama, k\u00f6pr\u00fc, y\u00fcksek bina, kule, baraj izleme ve kaya izleme, madencilik, tutum \/heading referans sistemi, entegre atalar navigasyon.<\/p>","protected":false},"featured_media":2328,"comment_status":"open","ping_status":"closed","template":"","meta":[],"product_brand":[],"product_cat":[26],"product_tag":[],"class_list":{"0":"post-2327","1":"product","2":"type-product","3":"status-publish","4":"has-post-thumbnail","6":"product_cat-imu-mems-ins","8":"first","9":"instock","10":"shipping-taxable","11":"product-type-simple"},"_links":{"self":[{"href":"https:\/\/www.andelutech.com\/tr\/wp-json\/wp\/v2\/product\/2327","targetHints":{"allow":["GET"]}}],"collection":[{"href":"https:\/\/www.andelutech.com\/tr\/wp-json\/wp\/v2\/product"}],"about":[{"href":"https:\/\/www.andelutech.com\/tr\/wp-json\/wp\/v2\/types\/product"}],"replies":[{"embeddable":true,"href":"https:\/\/www.andelutech.com\/tr\/wp-json\/wp\/v2\/comments?post=2327"}],"wp:featuredmedia":[{"embeddable":true,"href":"https:\/\/www.andelutech.com\/tr\/wp-json\/wp\/v2\/media\/2328"}],"wp:attachment":[{"href":"https:\/\/www.andelutech.com\/tr\/wp-json\/wp\/v2\/media?parent=2327"}],"wp:term":[{"taxonomy":"product_brand","embeddable":true,"href":"https:\/\/www.andelutech.com\/tr\/wp-json\/wp\/v2\/product_brand?post=2327"},{"taxonomy":"product_cat","embeddable":true,"href":"https:\/\/www.andelutech.com\/tr\/wp-json\/wp\/v2\/product_cat?post=2327"},{"taxonomy":"product_tag","embeddable":true,"href":"https:\/\/www.andelutech.com\/tr\/wp-json\/wp\/v2\/product_tag?post=2327"}],"curies":[{"name":"wp","href":"https:\/\/api.w.org\/{rel}","templated":true}]}}