{"id":2308,"date":"2025-05-23T12:00:48","date_gmt":"2025-05-23T04:00:48","guid":{"rendered":"https:\/\/www.andelutech.com\/?post_type=product&#038;p=2308"},"modified":"2026-01-09T13:21:12","modified_gmt":"2026-01-09T05:21:12","slug":"dynamically-tuned-inertial-navigation-system","status":"publish","type":"product","link":"https:\/\/www.andelutech.com\/tr\/product\/dynamically-tuned-inertial-navigation-system\/","title":{"rendered":"AND-DINS Dynamically Tuned Inertial Navigation System"},"content":{"rendered":"","protected":false},"excerpt":{"rendered":"<p><strong><b>Girii\u015f<\/b><\/strong><\/p>\n<p>Dinamik olarak ayarlanm\u0131\u015f\u00a0<a href=\"https:\/\/www.ericcointernational.com\/inertial-navigation-system\/\">Atalet navigasyon sistemi<\/a>\u00a0bir atalet \u00f6l\u00e7\u00fcm \u00fcnitesi, manyetik ba\u015fl\u0131k sens\u00f6r\u00fc ve ekran\u0131 kontrol, uydu al\u0131c\u0131 anten, doppler radar ve kurulum braketi bile\u015feninden olu\u015fur. Aldar anten, bd2 \/GPS\/GLONASS \u00fc\u00e7l\u00fc al\u0131c\u0131 anten veya BD2 anti-etkile\u015fim anteni ihtiya\u00e7lar\u0131na g\u00f6re \u00f6zelle\u015ftirilebilir. Ataletsel \u00f6l\u00e7\u00fcm \u00fcnitesi, her t\u00fcrl\u00fc f\u00fcze u\u00e7u\u015f kontrol sistemi ve rehberlik sistemi i\u00e7in ayr\u0131 bir atalet \u00f6l\u00e7\u00fcm \u00fcnitesi formu olabilir.<\/p>\n<p>Strapdown Ataletal navigasyon sistemi u\u00e7ak konumunu, ba\u015fl\u0131\u011f\u0131, y\u00fcksekli\u011fi, ivmeyi belirler. U\u00e7a\u011f\u0131n navigasyonu olarak u\u00e7u\u015f kontrol\u00fc, rota y\u00f6netimini belirler ve konum, h\u0131z, tutum, ba\u015fl\u0131k bilgileri sa\u011flar. Dinamik olarak ayarlanm\u0131\u015f atalet navigasyon sistemi acil h\u0131zl\u0131 hizalama, normal hizalama, navigasyon, d\u00fczeltme, parametre kalibrasyonu, test, parametre ba\u011flanmas\u0131 ve u\u00e7ucu olmayan depolama alan\u0131na sahiptir.<\/p>","protected":false},"featured_media":2309,"comment_status":"open","ping_status":"closed","template":"","meta":[],"product_brand":[],"product_cat":[26],"product_tag":[],"class_list":{"0":"post-2308","1":"product","2":"type-product","3":"status-publish","4":"has-post-thumbnail","6":"product_cat-imu-mems-ins","8":"first","9":"instock","10":"shipping-taxable","11":"product-type-simple"},"_links":{"self":[{"href":"https:\/\/www.andelutech.com\/tr\/wp-json\/wp\/v2\/product\/2308","targetHints":{"allow":["GET"]}}],"collection":[{"href":"https:\/\/www.andelutech.com\/tr\/wp-json\/wp\/v2\/product"}],"about":[{"href":"https:\/\/www.andelutech.com\/tr\/wp-json\/wp\/v2\/types\/product"}],"replies":[{"embeddable":true,"href":"https:\/\/www.andelutech.com\/tr\/wp-json\/wp\/v2\/comments?post=2308"}],"wp:featuredmedia":[{"embeddable":true,"href":"https:\/\/www.andelutech.com\/tr\/wp-json\/wp\/v2\/media\/2309"}],"wp:attachment":[{"href":"https:\/\/www.andelutech.com\/tr\/wp-json\/wp\/v2\/media?parent=2308"}],"wp:term":[{"taxonomy":"product_brand","embeddable":true,"href":"https:\/\/www.andelutech.com\/tr\/wp-json\/wp\/v2\/product_brand?post=2308"},{"taxonomy":"product_cat","embeddable":true,"href":"https:\/\/www.andelutech.com\/tr\/wp-json\/wp\/v2\/product_cat?post=2308"},{"taxonomy":"product_tag","embeddable":true,"href":"https:\/\/www.andelutech.com\/tr\/wp-json\/wp\/v2\/product_tag?post=2308"}],"curies":[{"name":"wp","href":"https:\/\/api.w.org\/{rel}","templated":true}]}}