{"id":2306,"date":"2025-05-23T11:57:43","date_gmt":"2025-05-23T03:57:43","guid":{"rendered":"https:\/\/www.andelutech.com\/?post_type=product&#038;p=2306"},"modified":"2025-06-30T15:51:28","modified_gmt":"2025-06-30T07:51:28","slug":"and-mins-5680-mems-integrated-ins","status":"publish","type":"product","link":"https:\/\/www.andelutech.com\/tr\/product\/and-mins-5680-mems-integrated-ins\/","title":{"rendered":"Ve minler-5680 MEMS Entegre Ins"},"content":{"rendered":"","protected":false},"excerpt":{"rendered":"<p>Girii\u015f<br \/>\nBu MEMS Entegre INS, 0.5 \u00b0 \/ s y\u00fcksek hassasiyetli MEMS jiroskopu, 100UG y\u00fcksek hassasiyetli kuvars ivme\u00f6l\u00e7er ve dinamik h\u0131zl\u0131 hizalama veya GNSS ikili anten deste\u011fi h\u0131zl\u0131 ve y\u00fcksek hassasiyetli y\u00f6nlendirme i\u00e7in \u00e7ok mod ve \u00e7ok frekans al\u0131c\u0131s\u0131na sahiptir. \u00dcr\u00fcn, m\u00fckemmel \u00f6l\u00e7eklenebilirli\u011fe sahip GNSS \/odometer\/DVL\/barometric altimetre ve di\u011fer sens\u00f6rleri harici destekler. \u00c7ok sens\u00f6r veri f\u00fczyon teknolojisinin kullan\u0131larak, atalet \u00f6l\u00e7\u00fcm\u00fcn\u00fc ve faz\u0131 bir araya getirmek i\u00e7in, sistemin co\u011frafi uyarlanabilirli\u011fe ve sa\u011flaml\u0131\u011f\u0131n\u0131 b\u00fcy\u00fck \u00f6l\u00e7\u00fcde iyile\u015ftirmesine neden olabilir. \u00dcr\u00fcn, denizcilik ve haritalama ve harita ara\u015ft\u0131rmas\u0131 ve e\u015fleme, orijinal veri depolama, inceleme ve e\u015fleme seviyesi ve navigasyonun ara\u015ft\u0131r\u0131lmas\u0131 ve e\u015fleme sonras\u0131 i\u015fleme yaz\u0131l\u0131m\u0131n\u0131n uygulama gereksinimlerini kar\u015f\u0131layabilir. Kullan\u0131c\u0131lar ihtiya\u00e7lar\u0131na g\u00f6re e\u015fle\u015febilir.<br \/>\n\u00d6zellikler<br \/>\nY\u00fcksek Hassas MEMS Cihazlar\u0131: 0.5 \u00b0 \/ saat jiroskop, 100UG ivme\u00f6l\u00e7er<br \/>\nAnket seviyesi GNSS Al\u0131c\u0131: Destek GPS \/ BDS \/ GLONASS<br \/>\nDinamik H\u0131zl\u0131 Hizalama: H\u0131zl\u0131 Hizalamay\u0131 Destekleyin, 1-2 Dakika (Dinamik Manevra Olmas\u0131 Gerekir)<br \/>\n\u00c7ift Anten H\u0131zl\u0131 Y\u00f6nlendirme: \u00c7ift anteni destekler H\u0131zl\u0131 Destekli Y\u00f6nlendirme: Do\u011fruluk 0.1 \u00b0 (Taban \u00e7izgisi 2m)<br \/>\nDepolama Deste\u011fi: 16G'ye kadar veri depolama uzant\u0131s\u0131n\u0131 destekler, Navigasyon Verilerini Destekler \/raw Veri \/ Harici Kullan\u0131c\u0131 Verileri<\/p>","protected":false},"featured_media":2307,"comment_status":"open","ping_status":"closed","template":"","meta":[],"product_brand":[],"product_cat":[26],"product_tag":[],"class_list":{"0":"post-2306","1":"product","2":"type-product","3":"status-publish","4":"has-post-thumbnail","6":"product_cat-imu-mems-ins","8":"first","9":"instock","10":"shipping-taxable","11":"product-type-simple"},"_links":{"self":[{"href":"https:\/\/www.andelutech.com\/tr\/wp-json\/wp\/v2\/product\/2306","targetHints":{"allow":["GET"]}}],"collection":[{"href":"https:\/\/www.andelutech.com\/tr\/wp-json\/wp\/v2\/product"}],"about":[{"href":"https:\/\/www.andelutech.com\/tr\/wp-json\/wp\/v2\/types\/product"}],"replies":[{"embeddable":true,"href":"https:\/\/www.andelutech.com\/tr\/wp-json\/wp\/v2\/comments?post=2306"}],"wp:featuredmedia":[{"embeddable":true,"href":"https:\/\/www.andelutech.com\/tr\/wp-json\/wp\/v2\/media\/2307"}],"wp:attachment":[{"href":"https:\/\/www.andelutech.com\/tr\/wp-json\/wp\/v2\/media?parent=2306"}],"wp:term":[{"taxonomy":"product_brand","embeddable":true,"href":"https:\/\/www.andelutech.com\/tr\/wp-json\/wp\/v2\/product_brand?post=2306"},{"taxonomy":"product_cat","embeddable":true,"href":"https:\/\/www.andelutech.com\/tr\/wp-json\/wp\/v2\/product_cat?post=2306"},{"taxonomy":"product_tag","embeddable":true,"href":"https:\/\/www.andelutech.com\/tr\/wp-json\/wp\/v2\/product_tag?post=2306"}],"curies":[{"name":"wp","href":"https:\/\/api.w.org\/{rel}","templated":true}]}}