{"id":2304,"date":"2025-05-23T11:53:01","date_gmt":"2025-05-23T03:53:01","guid":{"rendered":"https:\/\/www.andelutech.com\/?post_type=product&#038;p=2304"},"modified":"2025-06-30T15:54:17","modified_gmt":"2025-06-30T07:54:17","slug":"and-mins-210-230-mems-inertial-navigation-system","status":"publish","type":"product","link":"https:\/\/www.andelutech.com\/tr\/product\/and-mins-210-230-mems-inertial-navigation-system\/","title":{"rendered":"Ve-mins-210 \/230 MEMS Atalet Navigasyon Sistemi\u00a0"},"content":{"rendered":"","protected":false},"excerpt":{"rendered":"<p><strong><b>Girii\u015f<\/b><\/strong><\/p>\n<p>AND-MINS-210 \/ 230\u00a0<a href=\"https:\/\/www.ericcointernational.com\/inertial-navigation-system\/mems-inertial-navigation-system\/\">MEMS Atalet Navigasyon Sistemi<\/a>\u00a0Uydu sinyal sens\u00f6r\u00fc olarak Y\u00dcKSEK hassasiyetli, y\u00fcksek dinamik bir GPS al\u0131c\u0131s\u0131 kullan\u0131r. Ta\u015f\u0131y\u0131c\u0131 faz farkl\u0131la\u015fma teknolojisini ve ta\u015f\u0131y\u0131c\u0131n\u0131n hareketinin azimut a\u00e7\u0131s\u0131n\u0131 do\u011fru bir \u015fekilde hesaplayabilen t\u00fcm dairenin belirsizli\u011finin h\u0131zl\u0131 hesaplanmas\u0131n\u0131 benimser. GPS sinyalleri m\u00fcdahale etti\u011finde, sistem atalet \u00f6l\u00e7\u00fcm birimini bir s\u00fcre koruyarak hala y\u00fcksek hassasiyetli veriler \u00e7\u0131karabilir.<\/p>\n<p><strong><b>\u00d6zellikler<\/b><\/strong><\/p>\n<p>Ve-mins-210 \/230 MEMS Ataletsel navigasyon sistemi tek bir cihaz\u0131n eksikli\u011finin \u00fcstesinden gelir, GPS y\u00fcksek hassasiyetine tam oyun verir, birikim hatas\u0131, hi\u00e7bir s\u00fcr\u00fcklenme, d\u00fc\u015f\u00fck fiyat ve ataletsel \u00fcr\u00fcnler iyi dinamik performans, g\u00fc\u00e7l\u00fc m\u00fcdahale \u00f6nleme yetene\u011fi olmadan. Harici sinyal kayna\u011f\u0131na ihtiya\u00e7 duyulmadan, sistemin genel tutum \u00f6l\u00e7\u00fcm\u00fc do\u011frulu\u011funu, navigasyon do\u011frulu\u011funu ve ger\u00e7ek zamanl\u0131 izleme performans\u0131n\u0131 \u00e7al\u0131\u015ft\u0131rabilir ve geli\u015ftirebilir. Kara, deniz ve hava \u00e7e\u015fitli \u00e7evresel testler, 0,1 derecelik ba\u015fl\u0131k, rulo ve e\u011fim do\u011frulu\u011fu 0.05 derece ve ba\u015fl\u0131k hatas\u0131n\u0131n s\u00fcr\u00fcklenme a\u00e7\u0131s\u0131n\u0131n etkili bir \u015fekilde \u00fcstesinden gelir. \u00c7ok sistem uyumludur ve birbirini tamamlar, Kar\u015f\u0131l\u0131kl\u0131 Yedekleme T\u00fcm Dava Y\u00fcksek G\u00fcvenilirlik azimut \u00f6l\u00e7\u00fcm \u00fcr\u00fcnleri. \u00d6zellikle uydu ileti\u015fim arac\u0131, meteorolojik radar arac\u0131, sava\u015f gemisi, ke\u015fif gemisi, zeplin, \u0130HA, yang\u0131n kontrol sistemi, komuta ve kontrol sistemi, silah hedefleme sistemi i\u00e7in \u00e7ok g\u00fc\u00e7l\u00fc rekabet\u00e7ili\u011fe sahiptir.<\/p>\n<p><strong><b>Ba\u015fvuru<\/b><\/strong><\/p>\n<p>Ve-Mins-210 \/230 MEMS Ataletsel navigasyon sistemi yatay tutum, ba\u015fl\u0131k tutumu ve di\u011fer bilgiler, boylam, enlem, y\u00fckseklik, konumland\u0131rma bilgileri, 3D h\u0131zlanma, a\u00e7\u0131sal h\u0131z ataletsel \u00f6l\u00e7\u00fcm bilgileri veetc sa\u011flayabilir. Kilometre saya\u00e7 aral\u0131\u011f\u0131n\u0131 ve barometrenin y\u00fcksekli\u011fini geni\u015fleterek, sistemin do\u011frulu\u011funu ve uygulanabilirli\u011fini daha da art\u0131r\u0131r ve insans\u0131z hava ara\u00e7lar\u0131nda, ara\u00e7 navigasyonunda, havac\u0131l\u0131k ve platform denge kontrol\u00fcnde ve di\u011fer alanlarda yayg\u0131n olarak kullan\u0131labilir.<\/p>","protected":false},"featured_media":2305,"comment_status":"open","ping_status":"closed","template":"","meta":[],"product_brand":[],"product_cat":[26],"product_tag":[],"class_list":{"0":"post-2304","1":"product","2":"type-product","3":"status-publish","4":"has-post-thumbnail","6":"product_cat-imu-mems-ins","8":"first","9":"instock","10":"shipping-taxable","11":"product-type-simple"},"_links":{"self":[{"href":"https:\/\/www.andelutech.com\/tr\/wp-json\/wp\/v2\/product\/2304","targetHints":{"allow":["GET"]}}],"collection":[{"href":"https:\/\/www.andelutech.com\/tr\/wp-json\/wp\/v2\/product"}],"about":[{"href":"https:\/\/www.andelutech.com\/tr\/wp-json\/wp\/v2\/types\/product"}],"replies":[{"embeddable":true,"href":"https:\/\/www.andelutech.com\/tr\/wp-json\/wp\/v2\/comments?post=2304"}],"wp:featuredmedia":[{"embeddable":true,"href":"https:\/\/www.andelutech.com\/tr\/wp-json\/wp\/v2\/media\/2305"}],"wp:attachment":[{"href":"https:\/\/www.andelutech.com\/tr\/wp-json\/wp\/v2\/media?parent=2304"}],"wp:term":[{"taxonomy":"product_brand","embeddable":true,"href":"https:\/\/www.andelutech.com\/tr\/wp-json\/wp\/v2\/product_brand?post=2304"},{"taxonomy":"product_cat","embeddable":true,"href":"https:\/\/www.andelutech.com\/tr\/wp-json\/wp\/v2\/product_cat?post=2304"},{"taxonomy":"product_tag","embeddable":true,"href":"https:\/\/www.andelutech.com\/tr\/wp-json\/wp\/v2\/product_tag?post=2304"}],"curies":[{"name":"wp","href":"https:\/\/api.w.org\/{rel}","templated":true}]}}