{"id":2302,"date":"2025-05-23T11:51:03","date_gmt":"2025-05-23T03:51:03","guid":{"rendered":"https:\/\/www.andelutech.com\/?post_type=product&#038;p=2302"},"modified":"2025-06-30T15:55:43","modified_gmt":"2025-06-30T07:55:43","slug":"and-mins-5651-high-stability-mems-inertial-satellite-integrated-navigation-system","status":"publish","type":"product","link":"https:\/\/www.andelutech.com\/tr\/product\/and-mins-5651-high-stability-mems-inertial-satellite-integrated-navigation-system\/","title":{"rendered":"Ve-Mins-5651 Y\u00fcksek Kararl\u0131l\u0131k MEMS Atalet \/Satellite Entegre Navigasyon Sistemi\u00a0"},"content":{"rendered":"","protected":false},"excerpt":{"rendered":"<p>Girii\u015f<br \/>\nY\u00fcksek stabilite MEMS Atalet \/Satellite Entegre navigasyon sistemi mikro MEMS jiroskop, ivme\u00f6l\u00e7er ve mobil inceleme ve haritalama seviyesi \u00e7ok modlu \u00e7oklu frekansl\u0131 GNSS al\u0131c\u0131s\u0131 ile donat\u0131lm\u0131\u015ft\u0131r.<br \/>\n\/GLONSS\/BD i\u015flevini DESTEKLEYEN. \u00dcr\u00fcn m\u00fckemmel entegre navigasyon performans\u0131na sahiptir ve sistem boyutu e\u015fi g\u00f6r\u00fclmemi\u015f bir kompaktl\u0131\u011fa indirgenebilir. Dinamik h\u0131zl\u0131 hizalama veya GNSS \u00e7ift anten destekli h\u0131zl\u0131 ve y\u00fcksek hassasiyetli y\u00f6nelimi ger\u00e7ekle\u015ftirebilir ve oryantasyon do\u011frulu\u011fu 0.1 \u00b0 'ye ula\u015fabilir.<br \/>\nMobil sokak g\u00f6r\u00fcn\u00fcm\u00fc haritalama, okyanus haritalama ve di\u011fer e\u015fleme alanlar\u0131n\u0131n uygulama talebini kar\u015f\u0131lamak i\u00e7in, orijinal veri depolama ve i\u015flem sonras\u0131 yaz\u0131l\u0131m\u0131n ara\u015ft\u0131rmas\u0131 ve haritalama seviyesi navigasyon ile kullan\u0131c\u0131lar gereksinimlere g\u00f6re se\u00e7ebilirler.<br \/>\n\u00dcr\u00fcn, m\u00fckemmel \u00f6l\u00e7eklenebilirli\u011fe sahip GNSS \/odometer\/DVL\/barometric altimetre ve di\u011fer harici sens\u00f6rleri destekler. Multi sens\u00f6r veri f\u00fczyon teknolojisi kullanarak \u00e7ok kaynakl\u0131 verileri entegre ederek, b\u00f6lgesel uyum ve sa\u011flaml\u0131k sistemi b\u00fcy\u00fck \u00f6l\u00e7\u00fcde geli\u015ftirilmi\u015ftir, ayn\u0131 zamanda AHRS navigasyon referans fonksiyonuna sahiptir. Herhangi bir d\u0131\u015f yard\u0131m\u0131n yoklu\u011funda, uzun s\u00fcre tutum ve ba\u015fl\u0131k tutma sa\u011flayabilir. \u00d6zellikle insans\u0131z hava ara\u00e7lar\u0131, sualt\u0131 ara\u00e7lar\u0131 ve di\u011fer insans\u0131z hava ara\u00e7 navigasyonu ve tutum tespiti i\u00e7in uygundur.<br \/>\n\u00d6zellikler<br \/>\nDahil ve e\u015fleme seviyesi GNSS Al\u0131c\u0131: Destek Beidou B1, B2;<br \/>\nG\u00f6m\u00fcl\u00fc Veri F\u00fczyon Algoritmas\u0131 Motor SFE GNSS okl\u00fczyonu i\u00e7in, \u00e7ok yollu parazit \u00f6zel olarak optimize edilmi\u015ftir;<br \/>\nSeviye navigasyonu inceleme ve e\u015fleme i\u00e7in i\u015fleme sonras\u0131 yaz\u0131l\u0131m;<br \/>\nDestek H\u0131zl\u0131 Hizalama: Dinamik do\u011fruluk 0.1 \u00b0, s\u00fcre 1 ~ 2 dakika (dinamik manevra gereklidir);<br \/>\nDestek D\u00fc\u015f\u00fck Dinamik Uygulama Ortamlar\u0131 Durumu Durum Uydu \u00e7ift anten destekli h\u0131zl\u0131 y\u00f6nelim: 0.1 \u00b0 (2m taban \u00e7izgisi) do\u011frulu\u011fu;<br \/>\nAray\u00fcz: rs232 \/RS422\/LAN\/CAN\/USB;<br \/>\n16G veri depolama uzant\u0131lar\u0131 i\u00e7in maksimum destek, destek navigasyon verileri \/raw veri \/external kullan\u0131c\u0131 veri depolama;<br \/>\nBirden \u00e7ok harici sens\u00f6r kombinasyonunu destekleyin (Odometre \/DVL\/barometric Altimetre);<br \/>\nNMEA0183 Standart Protokol \u00c7\u0131k\u0131\u015f\u0131 ve 20'ye kadar \u00f6zel protokol esnek bir \u015fekilde mevcuttur.<\/p>","protected":false},"featured_media":2303,"comment_status":"open","ping_status":"closed","template":"","meta":[],"product_brand":[],"product_cat":[26],"product_tag":[],"class_list":{"0":"post-2302","1":"product","2":"type-product","3":"status-publish","4":"has-post-thumbnail","6":"product_cat-imu-mems-ins","8":"first","9":"instock","10":"shipping-taxable","11":"product-type-simple"},"_links":{"self":[{"href":"https:\/\/www.andelutech.com\/tr\/wp-json\/wp\/v2\/product\/2302","targetHints":{"allow":["GET"]}}],"collection":[{"href":"https:\/\/www.andelutech.com\/tr\/wp-json\/wp\/v2\/product"}],"about":[{"href":"https:\/\/www.andelutech.com\/tr\/wp-json\/wp\/v2\/types\/product"}],"replies":[{"embeddable":true,"href":"https:\/\/www.andelutech.com\/tr\/wp-json\/wp\/v2\/comments?post=2302"}],"wp:featuredmedia":[{"embeddable":true,"href":"https:\/\/www.andelutech.com\/tr\/wp-json\/wp\/v2\/media\/2303"}],"wp:attachment":[{"href":"https:\/\/www.andelutech.com\/tr\/wp-json\/wp\/v2\/media?parent=2302"}],"wp:term":[{"taxonomy":"product_brand","embeddable":true,"href":"https:\/\/www.andelutech.com\/tr\/wp-json\/wp\/v2\/product_brand?post=2302"},{"taxonomy":"product_cat","embeddable":true,"href":"https:\/\/www.andelutech.com\/tr\/wp-json\/wp\/v2\/product_cat?post=2302"},{"taxonomy":"product_tag","embeddable":true,"href":"https:\/\/www.andelutech.com\/tr\/wp-json\/wp\/v2\/product_tag?post=2302"}],"curies":[{"name":"wp","href":"https:\/\/api.w.org\/{rel}","templated":true}]}}