{"id":2300,"date":"2025-05-23T09:15:56","date_gmt":"2025-05-23T01:15:56","guid":{"rendered":"https:\/\/www.andelutech.com\/?post_type=product&#038;p=2300"},"modified":"2025-06-30T15:59:24","modified_gmt":"2025-06-30T07:59:24","slug":"and-mins-5610-mems-inertial-satellite-integrated-navigation-system","status":"publish","type":"product","link":"https:\/\/www.andelutech.com\/tr\/product\/and-mins-5610-mems-inertial-satellite-integrated-navigation-system\/","title":{"rendered":"Ve-Mins-5610 MEMS Atalet \/Satellite entegre navigasyon sistemi"},"content":{"rendered":"","protected":false},"excerpt":{"rendered":"<p><strong><b>Girii\u015f<\/b><\/strong><\/p>\n<p>Bu mems Atalet \/satellite\u00a0<a href=\"https:\/\/www.ericcointernational.com\/inertial-navigation-system\">entegre navigasyon sistemi<\/a>\u00a0MEMS jiroskop ve IVME\u00d6L\u00c7ER ve \u00e7ok modlu \u00e7oklu frekansl\u0131 GNSS al\u0131c\u0131s\u0131 E\u015eLEME ile donat\u0131lm\u0131\u015ft\u0131r. Tek bir anten dinamik hizalamas\u0131 veya \u00e7ift anten destekli h\u0131zl\u0131 y\u00fcksek hassasiyetli y\u00f6nelim elde edebilir ve y\u00f6n do\u011frulu\u011fu 0,1 derece kadar ula\u015fabilir.<\/p>\n<p>Bu \u00fcr\u00fcn yeni bir entegre navigasyon ve f\u00fczyon algoritmas\u0131 motoru ile donat\u0131lm\u0131\u015ft\u0131r. GNSS okl\u00fczyonu i\u00e7in SFE'nin kullan\u0131lmas\u0131, tasar\u0131m\u0131 optimize etmek i\u00e7in \u00e7ok yollu parazit, \u015fehirlerde, kanyonlarda ve di\u011fer karma\u015f\u0131k ortamlarda uzun s\u00fcre, y\u00fcksek hassasiyetli, y\u00fcksek g\u00fcvenilirlik navigasyon uygulamas\u0131 gereksinimlerini kar\u015f\u0131lamak i\u00e7in kullan\u0131labilir.<\/p>\n<p>\u00dcr\u00fcn, m\u00fckemmel \u00f6l\u00e7eklenebilirli\u011fe sahip GNSS \/odometer\/DVL\/barometric altimetre ve di\u011fer sens\u00f6rleri harici destekleyebilir. \u00c7ok sens\u00f6r veri f\u00fczyon teknolojisi ve atalet \u00f6l\u00e7\u00fcm ve faz kombinasyonu kullan\u0131larak, sistemin co\u011frafi uyarlanabilirli\u011fi ve sa\u011flaml\u0131\u011f\u0131n\u0131 b\u00fcy\u00fck \u00f6l\u00e7\u00fcde iyile\u015ftirmesini sa\u011flayabilir. \u00dcr\u00fcn, deniz incelemesi ve e\u015fleme ve harita ara\u015ft\u0131rmas\u0131n\u0131n uygulama gereksinimlerini, orijinal veri depolamas\u0131n\u0131n e\u015fle\u015fmesi, ara\u015ft\u0131rma ve e\u015fleme seviyesi ve navigasyonun ara\u015ft\u0131r\u0131lmas\u0131 ve e\u015fleme i\u00e7in i\u015fleme sonras\u0131 yaz\u0131l\u0131m\u0131n\u0131 kar\u015f\u0131layabilir. Kullan\u0131c\u0131lar ihtiya\u00e7lar\u0131na g\u00f6re e\u015fle\u015febilir.<\/p>\n<p><strong><b>\u00d6zellikler<\/b><\/strong><\/p>\n<p>Seri ba\u011flant\u0131 noktas\u0131 IMU ve GNSS verilerini okur<\/p>\n<p>Birle\u015fik navigasyon i\u015flevi, ta\u015f\u0131y\u0131c\u0131n\u0131n konumunun ger\u00e7ek zamanl\u0131 hesaplanmas\u0131, h\u0131z, ba\u015fl\u0131k ve tutum ve di\u011fer bilgiler<\/p>\n<p>GNSS'yi Destekleme Sonras\u0131 Verileri Depolayabilen Ger\u00e7ek Zamanl\u0131 RTK \u0130\u015flevini Destekleyin<\/p>\n<p>Kullan\u0131c\u0131y\u0131 kendi ihtiya\u00e7lar\u0131na g\u00f6re desteklemek i\u00e7in standartla\u015ft\u0131r\u0131lm\u0131\u015f kullan\u0131c\u0131 genel s\u00f6zle\u015fmesi sa\u011flay\u0131n<\/p>\n<p>\u00dcr\u00fcn \u00f6zelliklerinin standardizasyonunu ve \u00e7ok y\u00f6nl\u00fcl\u00fc\u011f\u00fcn\u00fc art\u0131rmak i\u00e7in iki RS232 ve RS422 seri aray\u00fcz mevcuttur.<\/p>","protected":false},"featured_media":2301,"comment_status":"open","ping_status":"closed","template":"","meta":[],"product_brand":[],"product_cat":[26],"product_tag":[],"class_list":{"0":"post-2300","1":"product","2":"type-product","3":"status-publish","4":"has-post-thumbnail","6":"product_cat-imu-mems-ins","8":"first","9":"instock","10":"shipping-taxable","11":"product-type-simple"},"_links":{"self":[{"href":"https:\/\/www.andelutech.com\/tr\/wp-json\/wp\/v2\/product\/2300","targetHints":{"allow":["GET"]}}],"collection":[{"href":"https:\/\/www.andelutech.com\/tr\/wp-json\/wp\/v2\/product"}],"about":[{"href":"https:\/\/www.andelutech.com\/tr\/wp-json\/wp\/v2\/types\/product"}],"replies":[{"embeddable":true,"href":"https:\/\/www.andelutech.com\/tr\/wp-json\/wp\/v2\/comments?post=2300"}],"wp:featuredmedia":[{"embeddable":true,"href":"https:\/\/www.andelutech.com\/tr\/wp-json\/wp\/v2\/media\/2301"}],"wp:attachment":[{"href":"https:\/\/www.andelutech.com\/tr\/wp-json\/wp\/v2\/media?parent=2300"}],"wp:term":[{"taxonomy":"product_brand","embeddable":true,"href":"https:\/\/www.andelutech.com\/tr\/wp-json\/wp\/v2\/product_brand?post=2300"},{"taxonomy":"product_cat","embeddable":true,"href":"https:\/\/www.andelutech.com\/tr\/wp-json\/wp\/v2\/product_cat?post=2300"},{"taxonomy":"product_tag","embeddable":true,"href":"https:\/\/www.andelutech.com\/tr\/wp-json\/wp\/v2\/product_tag?post=2300"}],"curies":[{"name":"wp","href":"https:\/\/api.w.org\/{rel}","templated":true}]}}