{"id":2298,"date":"2025-05-23T09:10:02","date_gmt":"2025-05-23T01:10:02","guid":{"rendered":"https:\/\/www.andelutech.com\/?post_type=product&#038;p=2298"},"modified":"2026-01-09T11:47:43","modified_gmt":"2026-01-09T03:47:43","slug":"high-precision-high-performance-fog-ins","status":"publish","type":"product","link":"https:\/\/www.andelutech.com\/tr\/product\/high-precision-high-performance-fog-ins\/","title":{"rendered":"AND-FINS-120 High Precision &#038; High Performance"},"content":{"rendered":"","protected":false},"excerpt":{"rendered":"<p><strong><b>Girii\u015f\u00a0<\/b><\/strong><\/p>\n<p>Ve 1020 y\u00fcksek hassasiyet ve y\u00fcksek performans\u00a0<a href=\"https:\/\/www.ericcointernational.com\/inertial-navigation-system\/fog-inertial-navigation-system\/\">SIS INS<\/a>\u00a0t\u00fcm kay\u0131\u015flar a\u015fa\u011f\u0131 atalet navigasyon \u00fcr\u00fcnleridir. Ataletal navigasyon \u00fcr\u00fcnleri serisinin temel bile\u015fenleri, kar\u015f\u0131l\u0131k gelen dereceli \u00fc\u00e7 optik fiber jiroskop, \u00fc\u00e7 kuvars esnek sark\u0131k ivme\u00f6l\u00e7er, navigasyon bilgisayar devresi, bilgi i\u015fleme devresi, ak\u0131m frekans d\u00f6n\u00fc\u015f\u00fcm\u00fc, yap\u0131sal platform \/structural kutusu ve titre\u015fim sepetleme cihaz\u0131 ve kutu. \u00dcr\u00fcn, \u00fc\u00e7 \u00e7eviri bilgisinin ger\u00e7ek zamanl\u0131 \u00f6l\u00e7\u00fcm\u00fc ve \u00e7e\u015fitli u\u00e7aklar\u0131n veya hareketli nesnelerin \u00fc\u00e7 hareketli bilgisinin ger\u00e7ek zamanl\u0131 \u00f6l\u00e7\u00fcm\u00fc i\u00e7in kullan\u0131labilir ve a\u00e7\u0131sal art\u0131\u015f, g\u00f6r\u00fcn\u00fcr h\u0131z art\u0131\u015f\u0131, tutumu, h\u0131z\u0131 ve konumu gibi ger\u00e7ek zamanl\u0131 navigasyon bilgilerini \u00e7\u0131karabilir. Bu \u00fcr\u00fcn serisi, geni\u015f dinamik \u00e7al\u0131\u015fma aral\u0131\u011f\u0131, \u00e7evreye g\u00fc\u00e7l\u00fc uyarlanabilirlik ve kapsaml\u0131 navigasyon bilgilerinin \u00f6zelliklerine sahiptir.<\/p>","protected":false},"featured_media":2299,"comment_status":"open","ping_status":"closed","template":"","meta":[],"product_brand":[],"product_cat":[26],"product_tag":[],"class_list":{"0":"post-2298","1":"product","2":"type-product","3":"status-publish","4":"has-post-thumbnail","6":"product_cat-imu-mems-ins","8":"first","9":"instock","10":"shipping-taxable","11":"product-type-simple"},"_links":{"self":[{"href":"https:\/\/www.andelutech.com\/tr\/wp-json\/wp\/v2\/product\/2298","targetHints":{"allow":["GET"]}}],"collection":[{"href":"https:\/\/www.andelutech.com\/tr\/wp-json\/wp\/v2\/product"}],"about":[{"href":"https:\/\/www.andelutech.com\/tr\/wp-json\/wp\/v2\/types\/product"}],"replies":[{"embeddable":true,"href":"https:\/\/www.andelutech.com\/tr\/wp-json\/wp\/v2\/comments?post=2298"}],"wp:featuredmedia":[{"embeddable":true,"href":"https:\/\/www.andelutech.com\/tr\/wp-json\/wp\/v2\/media\/2299"}],"wp:attachment":[{"href":"https:\/\/www.andelutech.com\/tr\/wp-json\/wp\/v2\/media?parent=2298"}],"wp:term":[{"taxonomy":"product_brand","embeddable":true,"href":"https:\/\/www.andelutech.com\/tr\/wp-json\/wp\/v2\/product_brand?post=2298"},{"taxonomy":"product_cat","embeddable":true,"href":"https:\/\/www.andelutech.com\/tr\/wp-json\/wp\/v2\/product_cat?post=2298"},{"taxonomy":"product_tag","embeddable":true,"href":"https:\/\/www.andelutech.com\/tr\/wp-json\/wp\/v2\/product_tag?post=2298"}],"curies":[{"name":"wp","href":"https:\/\/api.w.org\/{rel}","templated":true}]}}