{"id":2296,"date":"2025-05-23T09:02:39","date_gmt":"2025-05-23T01:02:39","guid":{"rendered":"https:\/\/www.andelutech.com\/?post_type=product&#038;p=2296"},"modified":"2025-06-30T15:46:54","modified_gmt":"2025-06-30T07:46:54","slug":"and-fins-98-high-performance-fog-ins-replace-phins","status":"publish","type":"product","link":"https:\/\/www.andelutech.com\/tr\/product\/and-fins-98-high-performance-fog-ins-replace-phins\/","title":{"rendered":"Ve FINS-98 Y\u00fcksek Performans\u00a0"},"content":{"rendered":"","protected":false},"excerpt":{"rendered":"<p><strong><b>Girii\u015f<\/b><\/strong><\/p>\n<p>AND-FINS-98\u00a0<a href=\"https:\/\/www.ericcointernational.com\/inertial-navigation-system\/fog-inertial-navigation-system\/\">Sis Atalet Navigasyon Sistemi\u2002<\/a>(Phinlerin ikamesi) A\u00e7\u0131sal hareketi alg\u0131lamak ve ta\u015f\u0131y\u0131c\u0131 hareketinin a\u00e7\u0131sal oran\u0131 ile orant\u0131l\u0131 bir dijital sinyali \u00e7\u0131karmak i\u00e7in \u00fc\u00e7 eksenli fiber optik jiroskop kullan\u0131r. Kuvars ivme\u00f6l\u00e7erinin \u00fc\u00e7 d\u00f6rtl\u00fc kollokasyonu, ta\u015f\u0131y\u0131c\u0131n\u0131n do\u011frusal ivmesini alg\u0131lamak ve I-F d\u00f6n\u00fc\u015f\u00fcm devresi taraf\u0131ndan bir frekans sinyaline d\u00f6n\u00fc\u015ft\u00fcr\u00fclen ve son olarak navigasyon bilgisayar\u0131na girilen orant\u0131l\u0131 bir ak\u0131m sinyali \u00e7\u0131karmak i\u00e7in kullan\u0131l\u0131r. Bilgisayar jiroskop, ivme\u00f6l\u00e7er ve harici GP'lerin veri al\u0131m\u0131n\u0131, sistem telafisi hatas\u0131 hesaplamas\u0131, navigasyon \u00e7\u00f6z\u00fcm\u00fc, izleme ba\u011flant\u0131 noktas\u0131 \u00fczerinden ek ger\u00e7ek zamanl\u0131 h\u0131z, konum, tutum ve navigasyon bilgilerini d\u0131\u015far\u0131ya g\u00f6nderir.<\/p>\n<p>Ve FINS-98'in ilk hizalamas\u0131 iki moda ayr\u0131l\u0131r: statik hizalama ve \u00e7ift konum hizalamas\u0131. \u0130ki konum hizalamas\u0131n\u0131n konum do\u011frulu\u011fu, statik hizalamadan daha y\u00fcksektir.<\/p>\n<p>Ve FINS-98, y\u00fcksek hassasiyet ve en iyi kararl\u0131l\u0131\u011fa sahiptir ve phinlerle ilgili INS \u00fcr\u00fcnleri ile kar\u015f\u0131la\u015ft\u0131rma testinde m\u00fckemmel performans g\u00f6stermi\u015ftir.<\/p>","protected":false},"featured_media":2297,"comment_status":"open","ping_status":"closed","template":"","meta":[],"product_brand":[],"product_cat":[26],"product_tag":[],"class_list":{"0":"post-2296","1":"product","2":"type-product","3":"status-publish","4":"has-post-thumbnail","6":"product_cat-imu-mems-ins","8":"first","9":"instock","10":"shipping-taxable","11":"product-type-simple"},"_links":{"self":[{"href":"https:\/\/www.andelutech.com\/tr\/wp-json\/wp\/v2\/product\/2296","targetHints":{"allow":["GET"]}}],"collection":[{"href":"https:\/\/www.andelutech.com\/tr\/wp-json\/wp\/v2\/product"}],"about":[{"href":"https:\/\/www.andelutech.com\/tr\/wp-json\/wp\/v2\/types\/product"}],"replies":[{"embeddable":true,"href":"https:\/\/www.andelutech.com\/tr\/wp-json\/wp\/v2\/comments?post=2296"}],"wp:featuredmedia":[{"embeddable":true,"href":"https:\/\/www.andelutech.com\/tr\/wp-json\/wp\/v2\/media\/2297"}],"wp:attachment":[{"href":"https:\/\/www.andelutech.com\/tr\/wp-json\/wp\/v2\/media?parent=2296"}],"wp:term":[{"taxonomy":"product_brand","embeddable":true,"href":"https:\/\/www.andelutech.com\/tr\/wp-json\/wp\/v2\/product_brand?post=2296"},{"taxonomy":"product_cat","embeddable":true,"href":"https:\/\/www.andelutech.com\/tr\/wp-json\/wp\/v2\/product_cat?post=2296"},{"taxonomy":"product_tag","embeddable":true,"href":"https:\/\/www.andelutech.com\/tr\/wp-json\/wp\/v2\/product_tag?post=2296"}],"curies":[{"name":"wp","href":"https:\/\/api.w.org\/{rel}","templated":true}]}}