{"id":2293,"date":"2026-01-16T10:06:50","date_gmt":"2026-01-16T02:06:50","guid":{"rendered":"https:\/\/www.andelutech.com\/?post_type=product&#038;p=2293"},"modified":"2026-03-26T09:54:52","modified_gmt":"2026-03-26T01:54:52","slug":"and-fins-98-high-performance-fog-ins-replace-phins-2","status":"publish","type":"product","link":"https:\/\/www.andelutech.com\/tr\/product\/and-fins-98-high-performance-fog-ins-replace-phins-2\/","title":{"rendered":"Ve FINS-98 Y\u00fcksek Performans\u00a0"},"content":{"rendered":"<p>Y\u00fcksek performansl\u0131 kuvars ivme\u00f6l\u00e7er ile ilgileniyorsan\u0131z, l\u00fctfen bize ula\u015f\u0131n:<strong><b> info@andelutech.com<\/b><\/strong><\/p>","protected":false},"excerpt":{"rendered":"<p>Girii\u015f<br \/>\nAND-FINS-98\u00a0FOG inertial navigation system\u2002(Substitute of PHINS)\u00a0uses a three-axis fiber optic gyroscope to sense angular movement and output a digital signal proportional to the angular rate of carrier movement. The three quadrature collocations of the quartz accelerometer are used to sense the linear acceleration of the carrier and output a proportional current signal, which is converted into a frequency signal by the I-F conversion circuit, and finally input to the navigation computer. The computer completes the data reception of the gyroscope, accelerometer and external GPS, system compensation error calculation, navigation solution, and sends loop additional real-time speed, position, attitude and navigation information to the outside through the monitoring port.<br \/>\nVe FINS-98'in ilk hizalamas\u0131 iki moda ayr\u0131l\u0131r: statik hizalama ve \u00e7ift konum hizalamas\u0131. \u0130ki konum hizalamas\u0131n\u0131n konum do\u011frulu\u011fu, statik hizalamadan daha y\u00fcksektir.<br \/>\nVe FINS-98, y\u00fcksek hassasiyet ve en iyi kararl\u0131l\u0131\u011fa sahiptir ve phinlerle ilgili INS \u00fcr\u00fcnleri ile kar\u015f\u0131la\u015ft\u0131rma testinde m\u00fckemmel performans g\u00f6stermi\u015ftir.<\/p>","protected":false},"featured_media":3680,"comment_status":"open","ping_status":"closed","template":"","meta":[],"product_brand":[],"product_cat":[26],"product_tag":[],"class_list":{"0":"post-2293","1":"product","2":"type-product","3":"status-publish","4":"has-post-thumbnail","6":"product_cat-imu-mems-ins","8":"first","9":"instock","10":"shipping-taxable","11":"product-type-simple"},"_links":{"self":[{"href":"https:\/\/www.andelutech.com\/tr\/wp-json\/wp\/v2\/product\/2293","targetHints":{"allow":["GET"]}}],"collection":[{"href":"https:\/\/www.andelutech.com\/tr\/wp-json\/wp\/v2\/product"}],"about":[{"href":"https:\/\/www.andelutech.com\/tr\/wp-json\/wp\/v2\/types\/product"}],"replies":[{"embeddable":true,"href":"https:\/\/www.andelutech.com\/tr\/wp-json\/wp\/v2\/comments?post=2293"}],"wp:featuredmedia":[{"embeddable":true,"href":"https:\/\/www.andelutech.com\/tr\/wp-json\/wp\/v2\/media\/3680"}],"wp:attachment":[{"href":"https:\/\/www.andelutech.com\/tr\/wp-json\/wp\/v2\/media?parent=2293"}],"wp:term":[{"taxonomy":"product_brand","embeddable":true,"href":"https:\/\/www.andelutech.com\/tr\/wp-json\/wp\/v2\/product_brand?post=2293"},{"taxonomy":"product_cat","embeddable":true,"href":"https:\/\/www.andelutech.com\/tr\/wp-json\/wp\/v2\/product_cat?post=2293"},{"taxonomy":"product_tag","embeddable":true,"href":"https:\/\/www.andelutech.com\/tr\/wp-json\/wp\/v2\/product_tag?post=2293"}],"curies":[{"name":"wp","href":"https:\/\/api.w.org\/{rel}","templated":true}]}}