{"id":2280,"date":"2025-05-20T19:58:53","date_gmt":"2025-05-20T11:58:53","guid":{"rendered":"https:\/\/www.andelutech.com\/?post_type=product&#038;p=2280"},"modified":"2025-05-29T14:46:35","modified_gmt":"2025-05-29T06:46:35","slug":"grt-series-high-temperature-electrical-connector","status":"publish","type":"product","link":"https:\/\/www.andelutech.com\/tr\/product\/grt-series-high-temperature-electrical-connector\/","title":{"rendered":"GRT Serisi Y\u00fcksek S\u0131cakl\u0131k Elektrik Konnekt\u00f6r\u00fc"},"content":{"rendered":"<p>E\u011fer ilgileniyorsan\u0131z, l\u00fctfen bizimle ileti\u015fime ge\u00e7in:<strong><b>\u00a0<\/b><\/strong><a href=\"mailto:info@joinsunny.cn\"><span style=\"color: #0000ff;\"><strong><b>info@andelu.cn<\/b><\/strong><\/span><\/a><\/p>","protected":false},"excerpt":{"rendered":"<p>GRT Serisi Y\u00fcksek S\u0131cakl\u0131k Elektrik Konnekt\u00f6r\u00fc \u00dcr\u00fcn Giri\u015f<br \/>\nPaslanmaz \u00e7elik kabuk iplik ba\u011flant\u0131s\u0131<br \/>\n\u00c7e\u015fitli aray\u00fczler ve montaj boyutlar\u0131, kullan\u0131c\u0131n\u0131n modelleri se\u00e7mesi i\u00e7in uygundur.<br \/>\n\u00dcr\u00fcn, HB 8477 ve Enterprise Standard 3E0 204 065JT'nin gereksinimlerine uygundur<\/p>","protected":false},"featured_media":2471,"comment_status":"open","ping_status":"closed","template":"","meta":[],"product_brand":[],"product_cat":[36],"product_tag":[],"class_list":{"0":"post-2280","1":"product","2":"type-product","3":"status-publish","4":"has-post-thumbnail","6":"product_cat-electrical-connector","8":"first","9":"instock","10":"shipping-taxable","11":"product-type-simple"},"_links":{"self":[{"href":"https:\/\/www.andelutech.com\/tr\/wp-json\/wp\/v2\/product\/2280","targetHints":{"allow":["GET"]}}],"collection":[{"href":"https:\/\/www.andelutech.com\/tr\/wp-json\/wp\/v2\/product"}],"about":[{"href":"https:\/\/www.andelutech.com\/tr\/wp-json\/wp\/v2\/types\/product"}],"replies":[{"embeddable":true,"href":"https:\/\/www.andelutech.com\/tr\/wp-json\/wp\/v2\/comments?post=2280"}],"wp:featuredmedia":[{"embeddable":true,"href":"https:\/\/www.andelutech.com\/tr\/wp-json\/wp\/v2\/media\/2471"}],"wp:attachment":[{"href":"https:\/\/www.andelutech.com\/tr\/wp-json\/wp\/v2\/media?parent=2280"}],"wp:term":[{"taxonomy":"product_brand","embeddable":true,"href":"https:\/\/www.andelutech.com\/tr\/wp-json\/wp\/v2\/product_brand?post=2280"},{"taxonomy":"product_cat","embeddable":true,"href":"https:\/\/www.andelutech.com\/tr\/wp-json\/wp\/v2\/product_cat?post=2280"},{"taxonomy":"product_tag","embeddable":true,"href":"https:\/\/www.andelutech.com\/tr\/wp-json\/wp\/v2\/product_tag?post=2280"}],"curies":[{"name":"wp","href":"https:\/\/api.w.org\/{rel}","templated":true}]}}