{"id":2267,"date":"2025-05-20T19:48:15","date_gmt":"2025-05-20T11:48:15","guid":{"rendered":"https:\/\/www.andelutech.com\/?post_type=product&#038;p=2267"},"modified":"2025-05-29T14:59:39","modified_gmt":"2025-05-29T06:59:39","slug":"gp-series-circular-electrical-connector","status":"publish","type":"product","link":"https:\/\/www.andelutech.com\/tr\/product\/gp-series-circular-electrical-connector\/","title":{"rendered":"GP Serisi Dairesel Elektrik Konnekt\u00f6r\u00fc"},"content":{"rendered":"<p>E\u011fer ilgileniyorsan\u0131z, l\u00fctfen bizimle ileti\u015fime ge\u00e7in:<strong><b>\u00a0<\/b><\/strong><a href=\"mailto:info@joinsunny.cn\"><span style=\"color: #0000ff;\"><strong><b>info@andelu.cn<\/b><\/strong><\/span><\/a><\/p>","protected":false},"excerpt":{"rendered":"<p>P elektrik konnekt\u00f6r\u00fcn\u00fcn de\u011fi\u015ftirilmi\u015f \u00fcr\u00fcn\u00fc<br \/>\nMontaj ve konumland\u0131rma boyutu P ile tamamen tutarl\u0131d\u0131r<br \/>\n10 Kabuk Boyutu ve 5 \u0130leti\u015fim \u00d6zellikleri Bayonet H\u0131zl\u0131 Ba\u011flant\u0131<br \/>\nK\u00f6r ekleme fonksiyonu ile be\u015f anahtar konumland\u0131rma<br \/>\nBe\u015f anahtarl\u0131 konumland\u0131rma tan\u0131mlamas\u0131, yanl\u0131\u015f eklenmeyi \u00f6nleyebilir, son derece g\u00fcvenilir \u00e7ift k\u0131vr\u0131lm\u0131\u015f SpringTactm<br \/>\nTamamen kapal\u0131 b\u00fck\u00fclme kablosu kelep\u00e7esi, geri d\u00f6nme \u00f6nleyici fonksiyona sahiptir<br \/>\nFi\u015f ve soket i\u00e7in pim konta\u011f\u0131 ve soket konta\u011f\u0131 mevcuttur<\/p>","protected":false},"featured_media":2476,"comment_status":"open","ping_status":"closed","template":"","meta":[],"product_brand":[],"product_cat":[36],"product_tag":[],"class_list":{"0":"post-2267","1":"product","2":"type-product","3":"status-publish","4":"has-post-thumbnail","6":"product_cat-electrical-connector","8":"first","9":"instock","10":"shipping-taxable","11":"product-type-simple"},"_links":{"self":[{"href":"https:\/\/www.andelutech.com\/tr\/wp-json\/wp\/v2\/product\/2267","targetHints":{"allow":["GET"]}}],"collection":[{"href":"https:\/\/www.andelutech.com\/tr\/wp-json\/wp\/v2\/product"}],"about":[{"href":"https:\/\/www.andelutech.com\/tr\/wp-json\/wp\/v2\/types\/product"}],"replies":[{"embeddable":true,"href":"https:\/\/www.andelutech.com\/tr\/wp-json\/wp\/v2\/comments?post=2267"}],"wp:featuredmedia":[{"embeddable":true,"href":"https:\/\/www.andelutech.com\/tr\/wp-json\/wp\/v2\/media\/2476"}],"wp:attachment":[{"href":"https:\/\/www.andelutech.com\/tr\/wp-json\/wp\/v2\/media?parent=2267"}],"wp:term":[{"taxonomy":"product_brand","embeddable":true,"href":"https:\/\/www.andelutech.com\/tr\/wp-json\/wp\/v2\/product_brand?post=2267"},{"taxonomy":"product_cat","embeddable":true,"href":"https:\/\/www.andelutech.com\/tr\/wp-json\/wp\/v2\/product_cat?post=2267"},{"taxonomy":"product_tag","embeddable":true,"href":"https:\/\/www.andelutech.com\/tr\/wp-json\/wp\/v2\/product_tag?post=2267"}],"curies":[{"name":"wp","href":"https:\/\/api.w.org\/{rel}","templated":true}]}}