{"id":2264,"date":"2025-05-20T19:44:18","date_gmt":"2025-05-20T11:44:18","guid":{"rendered":"https:\/\/www.andelutech.com\/?post_type=product&#038;p=2264"},"modified":"2025-06-03T14:35:59","modified_gmt":"2025-06-03T06:35:59","slug":"xl-series-small-sized-electrical-connector","status":"publish","type":"product","link":"https:\/\/www.andelutech.com\/tr\/product\/xl-series-small-sized-electrical-connector\/","title":{"rendered":"XL serisi k\u00fc\u00e7\u00fck boyutlu elektrik konnekt\u00f6r\u00fc"},"content":{"rendered":"<p>E\u011fer ilgileniyorsan\u0131z, l\u00fctfen bizimle ileti\u015fime ge\u00e7in:<strong><b>\u00a0<\/b><\/strong><a href=\"mailto:info@joinsunny.cn\"><span style=\"color: #0000ff;\"><strong><b>info@andelu.cn<\/b><\/strong><\/span><\/a><\/p>","protected":false},"excerpt":{"rendered":"<p>XL serisi k\u00fc\u00e7\u00fck boyutlu elektrik konnekt\u00f6r\u00fc<\/p>\n<p>Seri \u00fcr\u00fcnler Q \/3E20055-2003, gereksinimlerine uygundur ve k\u0131smi test y\u00f6ntemleri, askeri ekipmanlar i\u00e7in GJB150.16-86 \u00c7evre Test Y\u00f6ntemlerinden gelir-titre\u015fim testi. \u00dcr\u00fcn, araba, silah, askeri ve di\u011fer cihazlar\u0131n elektronik ve elektrik devresini ba\u011flamak veya ay\u0131rmak i\u00e7in kullan\u0131l\u0131r.<\/p>","protected":false},"featured_media":2466,"comment_status":"open","ping_status":"closed","template":"","meta":[],"product_brand":[],"product_cat":[36],"product_tag":[],"class_list":{"0":"post-2264","1":"product","2":"type-product","3":"status-publish","4":"has-post-thumbnail","6":"product_cat-electrical-connector","8":"first","9":"instock","10":"shipping-taxable","11":"product-type-simple"},"_links":{"self":[{"href":"https:\/\/www.andelutech.com\/tr\/wp-json\/wp\/v2\/product\/2264","targetHints":{"allow":["GET"]}}],"collection":[{"href":"https:\/\/www.andelutech.com\/tr\/wp-json\/wp\/v2\/product"}],"about":[{"href":"https:\/\/www.andelutech.com\/tr\/wp-json\/wp\/v2\/types\/product"}],"replies":[{"embeddable":true,"href":"https:\/\/www.andelutech.com\/tr\/wp-json\/wp\/v2\/comments?post=2264"}],"wp:featuredmedia":[{"embeddable":true,"href":"https:\/\/www.andelutech.com\/tr\/wp-json\/wp\/v2\/media\/2466"}],"wp:attachment":[{"href":"https:\/\/www.andelutech.com\/tr\/wp-json\/wp\/v2\/media?parent=2264"}],"wp:term":[{"taxonomy":"product_brand","embeddable":true,"href":"https:\/\/www.andelutech.com\/tr\/wp-json\/wp\/v2\/product_brand?post=2264"},{"taxonomy":"product_cat","embeddable":true,"href":"https:\/\/www.andelutech.com\/tr\/wp-json\/wp\/v2\/product_cat?post=2264"},{"taxonomy":"product_tag","embeddable":true,"href":"https:\/\/www.andelutech.com\/tr\/wp-json\/wp\/v2\/product_tag?post=2264"}],"curies":[{"name":"wp","href":"https:\/\/api.w.org\/{rel}","templated":true}]}}