{"id":2258,"date":"2025-05-20T19:39:19","date_gmt":"2025-05-20T11:39:19","guid":{"rendered":"https:\/\/www.andelutech.com\/?post_type=product&#038;p=2258"},"modified":"2025-05-29T14:25:46","modified_gmt":"2025-05-29T06:25:46","slug":"ty-4-electrical-connector","status":"publish","type":"product","link":"https:\/\/www.andelutech.com\/tr\/product\/ty-4-electrical-connector\/","title":{"rendered":"TY-4 Elektrik Ba\u011flay\u0131c\u0131s\u0131"},"content":{"rendered":"<p>Y\u00fcksek performansl\u0131 kuvars ivme\u00f6l\u00e7er ile ilgileniyorsan\u0131z, l\u00fctfen bize ula\u015f\u0131n:<strong><b>\u00a0<\/b><\/strong><a href=\"mailto:info@joinsunny.cn\"><span style=\"color: #0000ff;\"><strong><b>info@andelu.cn<\/b><\/strong><\/span><\/a><\/p>","protected":false},"excerpt":{"rendered":"<p>TY-4 Elektrik Ba\u011flay\u0131c\u0131s\u0131<\/p>\n<p>Seri \u00fcr\u00fcnler Q \/3E20032-2003 standard\u0131 gereksinimlerine uygundur ve havac\u0131l\u0131k, havac\u0131l\u0131k, arabada ve di\u011fer elektrik \u00fcnitelerinde yayg\u0131n olarak uygulan\u0131r ve u\u00e7ak kask\u0131ndaki ileti\u015fim kur\u015fun hatt\u0131n\u0131n elektriksel ba\u011flant\u0131s\u0131 i\u00e7in kullan\u0131l\u0131r.<\/p>","protected":false},"featured_media":2465,"comment_status":"open","ping_status":"closed","template":"","meta":[],"product_brand":[],"product_cat":[36],"product_tag":[],"class_list":{"0":"post-2258","1":"product","2":"type-product","3":"status-publish","4":"has-post-thumbnail","6":"product_cat-electrical-connector","8":"first","9":"instock","10":"shipping-taxable","11":"product-type-simple"},"_links":{"self":[{"href":"https:\/\/www.andelutech.com\/tr\/wp-json\/wp\/v2\/product\/2258","targetHints":{"allow":["GET"]}}],"collection":[{"href":"https:\/\/www.andelutech.com\/tr\/wp-json\/wp\/v2\/product"}],"about":[{"href":"https:\/\/www.andelutech.com\/tr\/wp-json\/wp\/v2\/types\/product"}],"replies":[{"embeddable":true,"href":"https:\/\/www.andelutech.com\/tr\/wp-json\/wp\/v2\/comments?post=2258"}],"wp:featuredmedia":[{"embeddable":true,"href":"https:\/\/www.andelutech.com\/tr\/wp-json\/wp\/v2\/media\/2465"}],"wp:attachment":[{"href":"https:\/\/www.andelutech.com\/tr\/wp-json\/wp\/v2\/media?parent=2258"}],"wp:term":[{"taxonomy":"product_brand","embeddable":true,"href":"https:\/\/www.andelutech.com\/tr\/wp-json\/wp\/v2\/product_brand?post=2258"},{"taxonomy":"product_cat","embeddable":true,"href":"https:\/\/www.andelutech.com\/tr\/wp-json\/wp\/v2\/product_cat?post=2258"},{"taxonomy":"product_tag","embeddable":true,"href":"https:\/\/www.andelutech.com\/tr\/wp-json\/wp\/v2\/product_tag?post=2258"}],"curies":[{"name":"wp","href":"https:\/\/api.w.org\/{rel}","templated":true}]}}