{"id":2253,"date":"2025-05-20T19:36:36","date_gmt":"2025-05-20T11:36:36","guid":{"rendered":"https:\/\/www.andelutech.com\/?post_type=product&#038;p=2253"},"modified":"2025-05-29T15:04:39","modified_gmt":"2025-05-29T07:04:39","slug":"kh-series-circular-electrical-connector","status":"publish","type":"product","link":"https:\/\/www.andelutech.com\/tr\/product\/kh-series-circular-electrical-connector\/","title":{"rendered":"KH Serisi Dairesel Elektrik Konnekt\u00f6r\u00fc"},"content":{"rendered":"<p>E\u011fer ilgileniyorsan\u0131z, l\u00fctfen bizimle ileti\u015fime ge\u00e7in:<strong><b>\u00a0<\/b><\/strong><a href=\"mailto:info@joinsunny.cn\"><span style=\"color: #0000ff;\"><strong><b>info@andelu.cn<\/b><\/strong><\/span><\/a><\/p>","protected":false},"excerpt":{"rendered":"<p>Seri \u00fcr\u00fcnleri 3E5 249 gereksinimlerine uygundur<\/p>\n<p>256\/299 300\/399<\/p>\n<p>JT Standard\u0131 ve d\u00fc\u015f\u00fck hacimli, hafif, h\u0131zl\u0131 ba\u011flant\u0131, kendi kendine kilitleme ve di\u011ferleri ile \u00f6ne \u00e7\u0131k\u0131yor. Havac\u0131l\u0131k, havac\u0131l\u0131k, araban\u0131n ve di\u011fer elektrik \u00fcnitelerinin elektrik ba\u011flant\u0131s\u0131 i\u00e7in uygundur.<\/p>","protected":false},"featured_media":2479,"comment_status":"open","ping_status":"closed","template":"","meta":[],"product_brand":[],"product_cat":[36],"product_tag":[],"class_list":{"0":"post-2253","1":"product","2":"type-product","3":"status-publish","4":"has-post-thumbnail","6":"product_cat-electrical-connector","8":"first","9":"instock","10":"shipping-taxable","11":"product-type-simple"},"_links":{"self":[{"href":"https:\/\/www.andelutech.com\/tr\/wp-json\/wp\/v2\/product\/2253","targetHints":{"allow":["GET"]}}],"collection":[{"href":"https:\/\/www.andelutech.com\/tr\/wp-json\/wp\/v2\/product"}],"about":[{"href":"https:\/\/www.andelutech.com\/tr\/wp-json\/wp\/v2\/types\/product"}],"replies":[{"embeddable":true,"href":"https:\/\/www.andelutech.com\/tr\/wp-json\/wp\/v2\/comments?post=2253"}],"wp:featuredmedia":[{"embeddable":true,"href":"https:\/\/www.andelutech.com\/tr\/wp-json\/wp\/v2\/media\/2479"}],"wp:attachment":[{"href":"https:\/\/www.andelutech.com\/tr\/wp-json\/wp\/v2\/media?parent=2253"}],"wp:term":[{"taxonomy":"product_brand","embeddable":true,"href":"https:\/\/www.andelutech.com\/tr\/wp-json\/wp\/v2\/product_brand?post=2253"},{"taxonomy":"product_cat","embeddable":true,"href":"https:\/\/www.andelutech.com\/tr\/wp-json\/wp\/v2\/product_cat?post=2253"},{"taxonomy":"product_tag","embeddable":true,"href":"https:\/\/www.andelutech.com\/tr\/wp-json\/wp\/v2\/product_tag?post=2253"}],"curies":[{"name":"wp","href":"https:\/\/api.w.org\/{rel}","templated":true}]}}