{"id":2249,"date":"2025-05-20T19:33:18","date_gmt":"2025-05-20T11:33:18","guid":{"rendered":"https:\/\/www.andelutech.com\/?post_type=product&#038;p=2249"},"modified":"2025-05-29T15:15:10","modified_gmt":"2025-05-29T07:15:10","slug":"ct-m-series-glass-sealed-socket","status":"publish","type":"product","link":"https:\/\/www.andelutech.com\/tr\/product\/ct-m-series-glass-sealed-socket\/","title":{"rendered":"CT-M Serisi Cam Kapal\u0131 Soket"},"content":{"rendered":"<p>E\u011fer ilgileniyorsan\u0131z, l\u00fctfen bizimle ileti\u015fime ge\u00e7in:<strong><b>\u00a0<\/b><\/strong><a href=\"mailto:info@joinsunny.cn\"><span style=\"color: #0000ff;\"><strong><b>info@andelu.cn<\/b><\/strong><\/span><\/a><\/p>","protected":false},"excerpt":{"rendered":"<p>\u00dcr\u00fcn, q \/3E 58-59 standart ve k\u0131smi \u00f6\u011felerin gereksinimlerine uygundur (tork, s\u0131v\u0131 ekleme ve ay\u0131rma gibi<\/p>\n<p>Dald\u0131rma ve di\u011ferleri MIL-C-26482G VE MIL-C-83723D'yi BENIMSER<\/p>\n<p>Ortama Dayan\u0131kl\u0131 Dairesel Elektrik Konekt\u00f6rleri - ABD Askeri<\/p>\n<p>Spesifikasyon \u00dcr\u00fcn, Araircraft'\u0131n elektrik ba\u011flant\u0131s\u0131 i\u00e7in kullan\u0131l\u0131r<\/p>\n<p>kabin ve hava ge\u00e7irmezlik gereksinimleri olan di\u011fer elektrik \u00fcniteleri.<\/p>","protected":false},"featured_media":2481,"comment_status":"open","ping_status":"closed","template":"","meta":[],"product_brand":[],"product_cat":[36],"product_tag":[],"class_list":{"0":"post-2249","1":"product","2":"type-product","3":"status-publish","4":"has-post-thumbnail","6":"product_cat-electrical-connector","8":"first","9":"instock","10":"shipping-taxable","11":"product-type-simple"},"_links":{"self":[{"href":"https:\/\/www.andelutech.com\/tr\/wp-json\/wp\/v2\/product\/2249","targetHints":{"allow":["GET"]}}],"collection":[{"href":"https:\/\/www.andelutech.com\/tr\/wp-json\/wp\/v2\/product"}],"about":[{"href":"https:\/\/www.andelutech.com\/tr\/wp-json\/wp\/v2\/types\/product"}],"replies":[{"embeddable":true,"href":"https:\/\/www.andelutech.com\/tr\/wp-json\/wp\/v2\/comments?post=2249"}],"wp:featuredmedia":[{"embeddable":true,"href":"https:\/\/www.andelutech.com\/tr\/wp-json\/wp\/v2\/media\/2481"}],"wp:attachment":[{"href":"https:\/\/www.andelutech.com\/tr\/wp-json\/wp\/v2\/media?parent=2249"}],"wp:term":[{"taxonomy":"product_brand","embeddable":true,"href":"https:\/\/www.andelutech.com\/tr\/wp-json\/wp\/v2\/product_brand?post=2249"},{"taxonomy":"product_cat","embeddable":true,"href":"https:\/\/www.andelutech.com\/tr\/wp-json\/wp\/v2\/product_cat?post=2249"},{"taxonomy":"product_tag","embeddable":true,"href":"https:\/\/www.andelutech.com\/tr\/wp-json\/wp\/v2\/product_tag?post=2249"}],"curies":[{"name":"wp","href":"https:\/\/api.w.org\/{rel}","templated":true}]}}