{"id":2240,"date":"2025-05-20T19:21:33","date_gmt":"2025-05-20T11:21:33","guid":{"rendered":"https:\/\/www.andelutech.com\/?post_type=product&#038;p=2240"},"modified":"2025-05-29T15:21:02","modified_gmt":"2025-05-29T07:21:02","slug":"pd-series-common-low-voltage-electrical-connector","status":"publish","type":"product","link":"https:\/\/www.andelutech.com\/tr\/product\/pd-series-common-low-voltage-electrical-connector\/","title":{"rendered":"PD Serisi Ortak D\u00fc\u015f\u00fck Voltajl\u0131 Elektrik Konnekt\u00f6r\u00fc"},"content":{"rendered":"<p>E\u011fer ilgileniyorsan\u0131z, l\u00fctfen bizimle ileti\u015fime ge\u00e7in:<strong><b>\u00a0<\/b><\/strong><a href=\"mailto:info@joinsunny.cn\"><span style=\"color: #0000ff;\"><strong><b>info@andelu.cn<\/b><\/strong><\/span><\/a><\/p>","protected":false},"excerpt":{"rendered":"<p>Seri \u00fcr\u00fcnler havac\u0131l\u0131k ve di\u011fer askeri ama\u00e7lar i\u00e7in ve sivil kullan\u0131m i\u00e7in d\u00fc\u015f\u00fck voltajl\u0131 elektrik devrelerinin elektrik ba\u011flant\u0131s\u0131 i\u00e7in kullan\u0131l\u0131r.<\/p>\n<p>\u00dcr\u00fcn, q \/3E20025-2003 standard\u0131 gereksinimlerine uygundur ve \u0449\u0440, \u0449\u0440\u0433 ad kodu ve Benek.364.003 keyifikasyonlu Rus \u00fcr\u00fcn\u00fcne kar\u015f\u0131l\u0131k gelir.<\/p>\n<p>&nbsp;<\/p>","protected":false},"featured_media":2485,"comment_status":"open","ping_status":"closed","template":"","meta":[],"product_brand":[],"product_cat":[36],"product_tag":[],"class_list":{"0":"post-2240","1":"product","2":"type-product","3":"status-publish","4":"has-post-thumbnail","6":"product_cat-electrical-connector","8":"first","9":"instock","10":"shipping-taxable","11":"product-type-simple"},"_links":{"self":[{"href":"https:\/\/www.andelutech.com\/tr\/wp-json\/wp\/v2\/product\/2240","targetHints":{"allow":["GET"]}}],"collection":[{"href":"https:\/\/www.andelutech.com\/tr\/wp-json\/wp\/v2\/product"}],"about":[{"href":"https:\/\/www.andelutech.com\/tr\/wp-json\/wp\/v2\/types\/product"}],"replies":[{"embeddable":true,"href":"https:\/\/www.andelutech.com\/tr\/wp-json\/wp\/v2\/comments?post=2240"}],"wp:featuredmedia":[{"embeddable":true,"href":"https:\/\/www.andelutech.com\/tr\/wp-json\/wp\/v2\/media\/2485"}],"wp:attachment":[{"href":"https:\/\/www.andelutech.com\/tr\/wp-json\/wp\/v2\/media?parent=2240"}],"wp:term":[{"taxonomy":"product_brand","embeddable":true,"href":"https:\/\/www.andelutech.com\/tr\/wp-json\/wp\/v2\/product_brand?post=2240"},{"taxonomy":"product_cat","embeddable":true,"href":"https:\/\/www.andelutech.com\/tr\/wp-json\/wp\/v2\/product_cat?post=2240"},{"taxonomy":"product_tag","embeddable":true,"href":"https:\/\/www.andelutech.com\/tr\/wp-json\/wp\/v2\/product_tag?post=2240"}],"curies":[{"name":"wp","href":"https:\/\/api.w.org\/{rel}","templated":true}]}}