{"id":2235,"date":"2025-05-20T19:18:18","date_gmt":"2025-05-20T11:18:18","guid":{"rendered":"https:\/\/www.andelutech.com\/?post_type=product&#038;p=2235"},"modified":"2025-05-29T15:36:13","modified_gmt":"2025-05-29T07:36:13","slug":"x-series-electrical-connector","status":"publish","type":"product","link":"https:\/\/www.andelutech.com\/tr\/product\/x-series-electrical-connector\/","title":{"rendered":"X Serisi Elektrik Ba\u011flay\u0131c\u0131s\u0131"},"content":{"rendered":"<p>E\u011fer ilgileniyorsan\u0131z, l\u00fctfen bizimle ileti\u015fime ge\u00e7in:<strong><b>\u00a0<\/b><\/strong><a href=\"mailto:info@joinsunny.cn\"><span style=\"color: #0000ff;\"><strong><b>info@andelu.cn<\/b><\/strong><\/span><\/a><\/p>","protected":false},"excerpt":{"rendered":"<p>\u00dcr\u00fcn, q \/3E 20006-2003 standard\u0131n\u0131n gereksinimlerine uygundur ve Rus isim koduna sahip elektrik konekt\u00f6rlerine kar\u015f\u0131l\u0131k gelir ve 2 pm, 2 pm ve benzeri.\u00a0 Havac\u0131l\u0131k, silah ve di\u011fer askeri ve sivil alanlarda yayg\u0131n olarak uygulan\u0131r ve elektrik ekipmanlar\u0131n\u0131 ve radyo devresini g\u00fcvenilir bir \u015fekilde ba\u011flamak ve ay\u0131rmak i\u00e7in kullan\u0131l\u0131r<\/p>","protected":false},"featured_media":2486,"comment_status":"open","ping_status":"closed","template":"","meta":[],"product_brand":[],"product_cat":[36],"product_tag":[],"class_list":{"0":"post-2235","1":"product","2":"type-product","3":"status-publish","4":"has-post-thumbnail","6":"product_cat-electrical-connector","8":"first","9":"instock","10":"shipping-taxable","11":"product-type-simple"},"_links":{"self":[{"href":"https:\/\/www.andelutech.com\/tr\/wp-json\/wp\/v2\/product\/2235","targetHints":{"allow":["GET"]}}],"collection":[{"href":"https:\/\/www.andelutech.com\/tr\/wp-json\/wp\/v2\/product"}],"about":[{"href":"https:\/\/www.andelutech.com\/tr\/wp-json\/wp\/v2\/types\/product"}],"replies":[{"embeddable":true,"href":"https:\/\/www.andelutech.com\/tr\/wp-json\/wp\/v2\/comments?post=2235"}],"wp:featuredmedia":[{"embeddable":true,"href":"https:\/\/www.andelutech.com\/tr\/wp-json\/wp\/v2\/media\/2486"}],"wp:attachment":[{"href":"https:\/\/www.andelutech.com\/tr\/wp-json\/wp\/v2\/media?parent=2235"}],"wp:term":[{"taxonomy":"product_brand","embeddable":true,"href":"https:\/\/www.andelutech.com\/tr\/wp-json\/wp\/v2\/product_brand?post=2235"},{"taxonomy":"product_cat","embeddable":true,"href":"https:\/\/www.andelutech.com\/tr\/wp-json\/wp\/v2\/product_cat?post=2235"},{"taxonomy":"product_tag","embeddable":true,"href":"https:\/\/www.andelutech.com\/tr\/wp-json\/wp\/v2\/product_tag?post=2235"}],"curies":[{"name":"wp","href":"https:\/\/api.w.org\/{rel}","templated":true}]}}