{"id":2222,"date":"2025-05-20T19:08:36","date_gmt":"2025-05-20T11:08:36","guid":{"rendered":"https:\/\/www.andelutech.com\/?post_type=product&#038;p=2222"},"modified":"2025-08-29T14:24:38","modified_gmt":"2025-08-29T06:24:38","slug":"mp1-series-miniature-electrical-connector","status":"publish","type":"product","link":"https:\/\/www.andelutech.com\/tr\/product\/mp1-series-miniature-electrical-connector\/","title":{"rendered":"MP1 Serisi minyat\u00fcr elektrik konnekt\u00f6r\u00fc"},"content":{"rendered":"<p>E\u011fer ilgileniyorsan\u0131z, l\u00fctfen bizimle ileti\u015fime ge\u00e7in:<strong><b>\u00a0<\/b><\/strong><a href=\"mailto:info@joinsunny.cn\"><span style=\"color: #0000ff;\"><strong><b>info@andelu.cn<\/b><\/strong><\/span><\/a><\/p>","protected":false},"excerpt":{"rendered":"<p>MP1 minyat\u00fcr elektrik konnekt\u00f6r\u00fc kapat\u0131l\u0131r ve 3MHz'in alt\u0131ndaki AC devresinde ve ak\u0131m mukavemeti ve 140V \u00e7al\u0131\u015fma voltaj\u0131 ile kullan\u0131labilir.<br \/>\nYurti\u00e7i Model: MP1<\/p>","protected":false},"featured_media":2492,"comment_status":"closed","ping_status":"closed","template":"","meta":[],"product_brand":[],"product_cat":[36],"product_tag":[],"class_list":{"0":"post-2222","1":"product","2":"type-product","3":"status-publish","4":"has-post-thumbnail","6":"product_cat-electrical-connector","8":"first","9":"instock","10":"shipping-taxable","11":"product-type-simple"},"_links":{"self":[{"href":"https:\/\/www.andelutech.com\/tr\/wp-json\/wp\/v2\/product\/2222","targetHints":{"allow":["GET"]}}],"collection":[{"href":"https:\/\/www.andelutech.com\/tr\/wp-json\/wp\/v2\/product"}],"about":[{"href":"https:\/\/www.andelutech.com\/tr\/wp-json\/wp\/v2\/types\/product"}],"replies":[{"embeddable":true,"href":"https:\/\/www.andelutech.com\/tr\/wp-json\/wp\/v2\/comments?post=2222"}],"wp:featuredmedia":[{"embeddable":true,"href":"https:\/\/www.andelutech.com\/tr\/wp-json\/wp\/v2\/media\/2492"}],"wp:attachment":[{"href":"https:\/\/www.andelutech.com\/tr\/wp-json\/wp\/v2\/media?parent=2222"}],"wp:term":[{"taxonomy":"product_brand","embeddable":true,"href":"https:\/\/www.andelutech.com\/tr\/wp-json\/wp\/v2\/product_brand?post=2222"},{"taxonomy":"product_cat","embeddable":true,"href":"https:\/\/www.andelutech.com\/tr\/wp-json\/wp\/v2\/product_cat?post=2222"},{"taxonomy":"product_tag","embeddable":true,"href":"https:\/\/www.andelutech.com\/tr\/wp-json\/wp\/v2\/product_tag?post=2222"}],"curies":[{"name":"wp","href":"https:\/\/api.w.org\/{rel}","templated":true}]}}