{"id":2218,"date":"2025-05-20T19:05:06","date_gmt":"2025-05-20T11:05:06","guid":{"rendered":"https:\/\/www.andelutech.com\/?post_type=product&#038;p=2218"},"modified":"2025-08-29T14:22:04","modified_gmt":"2025-08-29T06:22:04","slug":"zh-series-high-density-subminiature-electrical-connector","status":"publish","type":"product","link":"https:\/\/www.andelutech.com\/tr\/product\/zh-series-high-density-subminiature-electrical-connector\/","title":{"rendered":"ZH Serisi Y\u00fcksek Yo\u011funluklu Subminat\u00fcr Elektrik Konnekt\u00f6r\u00fc"},"content":{"rendered":"<p>E\u011fer ilgileniyorsan\u0131z, l\u00fctfen bizimle ileti\u015fime ge\u00e7in:<strong><b>\u00a0<\/b><\/strong><a href=\"mailto:info@joinsunny.cn\"><span style=\"color: #0000ff;\"><strong><b>info@andelu.cn<\/b><\/strong><\/span><\/a><\/p>","protected":false},"excerpt":{"rendered":"<p>CH\u044613, CH\u044614 ve CH\u044642 Y\u00fcksek Yo\u011funluklu Subminiature Dairesel Elektrik<br \/>\nKonekt\u00f6r, DC ORAC d\u00fcrt\u00fc devresinin (3MHz'den d\u00fc\u015f\u00fck) ba\u011flant\u0131s\u0131 kullan\u0131l\u0131r. Enstr\u00fcman \u00fczerine soket montaj y\u00f6ntemleri:<br \/>\nCh\u044613 - f\u00fczyon kayna\u011f\u0131<br \/>\nCH\u044614 - NUT CH\u044642 - ARREC\u0130 KAYNA\u011eI Yurti\u00e7i Model: ZH13, ZH14, ZH42<\/p>","protected":false},"featured_media":2467,"comment_status":"closed","ping_status":"closed","template":"","meta":[],"product_brand":[],"product_cat":[36],"product_tag":[],"class_list":{"0":"post-2218","1":"product","2":"type-product","3":"status-publish","4":"has-post-thumbnail","6":"product_cat-electrical-connector","8":"first","9":"instock","10":"shipping-taxable","11":"product-type-simple"},"_links":{"self":[{"href":"https:\/\/www.andelutech.com\/tr\/wp-json\/wp\/v2\/product\/2218","targetHints":{"allow":["GET"]}}],"collection":[{"href":"https:\/\/www.andelutech.com\/tr\/wp-json\/wp\/v2\/product"}],"about":[{"href":"https:\/\/www.andelutech.com\/tr\/wp-json\/wp\/v2\/types\/product"}],"replies":[{"embeddable":true,"href":"https:\/\/www.andelutech.com\/tr\/wp-json\/wp\/v2\/comments?post=2218"}],"wp:featuredmedia":[{"embeddable":true,"href":"https:\/\/www.andelutech.com\/tr\/wp-json\/wp\/v2\/media\/2467"}],"wp:attachment":[{"href":"https:\/\/www.andelutech.com\/tr\/wp-json\/wp\/v2\/media?parent=2218"}],"wp:term":[{"taxonomy":"product_brand","embeddable":true,"href":"https:\/\/www.andelutech.com\/tr\/wp-json\/wp\/v2\/product_brand?post=2218"},{"taxonomy":"product_cat","embeddable":true,"href":"https:\/\/www.andelutech.com\/tr\/wp-json\/wp\/v2\/product_cat?post=2218"},{"taxonomy":"product_tag","embeddable":true,"href":"https:\/\/www.andelutech.com\/tr\/wp-json\/wp\/v2\/product_tag?post=2218"}],"curies":[{"name":"wp","href":"https:\/\/api.w.org\/{rel}","templated":true}]}}