{"id":2214,"date":"2025-05-20T19:01:41","date_gmt":"2025-05-20T11:01:41","guid":{"rendered":"https:\/\/www.andelutech.com\/?post_type=product&#038;p=2214"},"modified":"2025-08-29T14:18:58","modified_gmt":"2025-08-29T06:18:58","slug":"pc-series-subminiature-electrical-connector","status":"publish","type":"product","link":"https:\/\/www.andelutech.com\/tr\/product\/pc-series-subminiature-electrical-connector\/","title":{"rendered":"PC Serisi Subminiature Elektrik Ba\u011flay\u0131c\u0131s\u0131"},"content":{"rendered":"<p>E\u011fer ilgileniyorsan\u0131z, l\u00fctfen bizimle ileti\u015fime ge\u00e7in:<strong><b>\u00a0<\/b><\/strong><a href=\"mailto:info@joinsunny.cn\"><span style=\"color: #0000ff;\"><strong><b>info@andelu.cn<\/b><\/strong><\/span><\/a><\/p>","protected":false},"excerpt":{"rendered":"<p>PC Serisi Subminiature Dairesel Elektrik Konnekt\u00f6r\u00fc, radyo ve elektrikli cihazlarda elektrik ba\u011flant\u0131s\u0131 i\u00e7in kullan\u0131l\u0131r. \u0130plik ba\u011flama somunu, kablo fi\u015fini cihaza sabitlenmi\u015f sokete ba\u011flamak i\u00e7in kullan\u0131l\u0131r. Her iki cihaz da ba\u011flant\u0131y\u0131 ger\u00e7ekle\u015ftirmek i\u00e7in cihazlara monte edilmi\u015f tapa ve soket ile do\u011frudan yerle\u015ftirilebilir (eklem).<br \/>\nSubminat\u00fcr dairesel elektrik konnekt\u00f6r\u00fc, m\u00fch\u00fcrl\u00fc ve kapat\u0131lmam\u0131\u015f tipi kapsar ve t\u0131ka\u00e7 ve soket s\u0131ras\u0131yla kuyruk aksesuar\u0131 donan\u0131ml\u0131d\u0131r. Soket pim konta\u011f\u0131 i\u00e7indir ve fi\u015f soket konta\u011f\u0131 i\u00e7indir.<br \/>\nYurti\u00e7i Model: PC<\/p>","protected":false},"featured_media":2494,"comment_status":"closed","ping_status":"closed","template":"","meta":[],"product_brand":[],"product_cat":[36],"product_tag":[],"class_list":{"0":"post-2214","1":"product","2":"type-product","3":"status-publish","4":"has-post-thumbnail","6":"product_cat-electrical-connector","8":"first","9":"instock","10":"shipping-taxable","11":"product-type-simple"},"_links":{"self":[{"href":"https:\/\/www.andelutech.com\/tr\/wp-json\/wp\/v2\/product\/2214","targetHints":{"allow":["GET"]}}],"collection":[{"href":"https:\/\/www.andelutech.com\/tr\/wp-json\/wp\/v2\/product"}],"about":[{"href":"https:\/\/www.andelutech.com\/tr\/wp-json\/wp\/v2\/types\/product"}],"replies":[{"embeddable":true,"href":"https:\/\/www.andelutech.com\/tr\/wp-json\/wp\/v2\/comments?post=2214"}],"wp:featuredmedia":[{"embeddable":true,"href":"https:\/\/www.andelutech.com\/tr\/wp-json\/wp\/v2\/media\/2494"}],"wp:attachment":[{"href":"https:\/\/www.andelutech.com\/tr\/wp-json\/wp\/v2\/media?parent=2214"}],"wp:term":[{"taxonomy":"product_brand","embeddable":true,"href":"https:\/\/www.andelutech.com\/tr\/wp-json\/wp\/v2\/product_brand?post=2214"},{"taxonomy":"product_cat","embeddable":true,"href":"https:\/\/www.andelutech.com\/tr\/wp-json\/wp\/v2\/product_cat?post=2214"},{"taxonomy":"product_tag","embeddable":true,"href":"https:\/\/www.andelutech.com\/tr\/wp-json\/wp\/v2\/product_tag?post=2214"}],"curies":[{"name":"wp","href":"https:\/\/api.w.org\/{rel}","templated":true}]}}