{"id":2210,"date":"2025-05-20T18:57:54","date_gmt":"2025-05-20T10:57:54","guid":{"rendered":"https:\/\/www.andelutech.com\/?post_type=product&#038;p=2210"},"modified":"2025-08-29T14:17:05","modified_gmt":"2025-08-29T06:17:05","slug":"ohs-series-subminiature-electrical-connector","status":"publish","type":"product","link":"https:\/\/www.andelutech.com\/tr\/product\/ohs-series-subminiature-electrical-connector\/","title":{"rendered":"OHS Serisi Subminiature Elektrik Ba\u011flay\u0131c\u0131s\u0131"},"content":{"rendered":"<p>Y\u00fcksek performansl\u0131 kuvars ivme\u00f6l\u00e7er ile ilgileniyorsan\u0131z, l\u00fctfen bize ula\u015f\u0131n:<strong><b>\u00a0<\/b><\/strong><a href=\"mailto:info@joinsunny.cn\"><span style=\"color: #0000ff;\"><strong><b>info@andelu.cn<\/b><\/strong><\/span><\/a><\/p>","protected":false},"excerpt":{"rendered":"<p>OH\u0446-arsap-1 (2) Elektrik konnekt\u00f6r\u00fc DC ANDAC devreleri i\u00e7in kullan\u0131l\u0131r ve tapa ve soket s\u00fcng\u00fc ba\u011flant\u0131s\u0131n\u0131 benimser.<br \/>\nFi\u015f kuyruk aksesuar\u0131 ile donat\u0131lmam\u0131\u015ft\u0131r ve soket d\u00fcz plastik kuyruk aksesuar\u0131 ile donat\u0131lm\u0131\u015ft\u0131r.<br \/>\nYurti\u00e7i Model: OHS<\/p>","protected":false},"featured_media":2461,"comment_status":"closed","ping_status":"closed","template":"","meta":[],"product_brand":[],"product_cat":[36],"product_tag":[],"class_list":{"0":"post-2210","1":"product","2":"type-product","3":"status-publish","4":"has-post-thumbnail","6":"product_cat-electrical-connector","8":"first","9":"instock","10":"shipping-taxable","11":"product-type-simple"},"_links":{"self":[{"href":"https:\/\/www.andelutech.com\/tr\/wp-json\/wp\/v2\/product\/2210","targetHints":{"allow":["GET"]}}],"collection":[{"href":"https:\/\/www.andelutech.com\/tr\/wp-json\/wp\/v2\/product"}],"about":[{"href":"https:\/\/www.andelutech.com\/tr\/wp-json\/wp\/v2\/types\/product"}],"replies":[{"embeddable":true,"href":"https:\/\/www.andelutech.com\/tr\/wp-json\/wp\/v2\/comments?post=2210"}],"wp:featuredmedia":[{"embeddable":true,"href":"https:\/\/www.andelutech.com\/tr\/wp-json\/wp\/v2\/media\/2461"}],"wp:attachment":[{"href":"https:\/\/www.andelutech.com\/tr\/wp-json\/wp\/v2\/media?parent=2210"}],"wp:term":[{"taxonomy":"product_brand","embeddable":true,"href":"https:\/\/www.andelutech.com\/tr\/wp-json\/wp\/v2\/product_brand?post=2210"},{"taxonomy":"product_cat","embeddable":true,"href":"https:\/\/www.andelutech.com\/tr\/wp-json\/wp\/v2\/product_cat?post=2210"},{"taxonomy":"product_tag","embeddable":true,"href":"https:\/\/www.andelutech.com\/tr\/wp-json\/wp\/v2\/product_tag?post=2210"}],"curies":[{"name":"wp","href":"https:\/\/api.w.org\/{rel}","templated":true}]}}