{"id":2197,"date":"2025-05-20T18:03:30","date_gmt":"2025-05-20T10:03:30","guid":{"rendered":"https:\/\/www.andelutech.com\/?post_type=product&#038;p=2197"},"modified":"2025-08-29T14:12:11","modified_gmt":"2025-08-29T06:12:11","slug":"pbh-series-push-pull-electrical-connector","status":"publish","type":"product","link":"https:\/\/www.andelutech.com\/tr\/product\/pbh-series-push-pull-electrical-connector\/","title":{"rendered":"PBH Serisi Push-Pull Electrical Connector"},"content":{"rendered":"<p>E\u011fer ilgileniyorsan\u0131z, l\u00fctfen bizimle ileti\u015fime ge\u00e7in:<strong><b>\u00a0<\/b><\/strong><a href=\"mailto:info@joinsunny.cn\"><span style=\"color: #0000ff;\"><strong><b>info@andelu.cn<\/b><\/strong><\/span><\/a><\/p>","protected":false},"excerpt":{"rendered":"<p>PBH1, PBH2 ve PBH3, AC ve DC devrelerinin elektrik ba\u011flant\u0131s\u0131 i\u00e7in kullan\u0131l\u0131r. Burada, PBH1 konta\u011f\u0131 g\u00fcm\u00fc\u015f palladyum ala\u015f\u0131m kapl\u0131, PBH2 konta\u011f\u0131 g\u00fcm\u00fc\u015f kaplama ve PBH3 konta\u011f\u0131 alt\u0131n kaplama. Fi\u015f ve soket, itme-pull Connect ve ba\u011flant\u0131s\u0131 y\u00f6ntemini benimser.<\/p>\n<p>Yurti\u00e7i Model: TY (PBH2)<\/p>","protected":false},"featured_media":2497,"comment_status":"closed","ping_status":"closed","template":"","meta":[],"product_brand":[],"product_cat":[36],"product_tag":[],"class_list":{"0":"post-2197","1":"product","2":"type-product","3":"status-publish","4":"has-post-thumbnail","6":"product_cat-electrical-connector","8":"first","9":"instock","10":"shipping-taxable","11":"product-type-simple"},"_links":{"self":[{"href":"https:\/\/www.andelutech.com\/tr\/wp-json\/wp\/v2\/product\/2197","targetHints":{"allow":["GET"]}}],"collection":[{"href":"https:\/\/www.andelutech.com\/tr\/wp-json\/wp\/v2\/product"}],"about":[{"href":"https:\/\/www.andelutech.com\/tr\/wp-json\/wp\/v2\/types\/product"}],"replies":[{"embeddable":true,"href":"https:\/\/www.andelutech.com\/tr\/wp-json\/wp\/v2\/comments?post=2197"}],"wp:featuredmedia":[{"embeddable":true,"href":"https:\/\/www.andelutech.com\/tr\/wp-json\/wp\/v2\/media\/2497"}],"wp:attachment":[{"href":"https:\/\/www.andelutech.com\/tr\/wp-json\/wp\/v2\/media?parent=2197"}],"wp:term":[{"taxonomy":"product_brand","embeddable":true,"href":"https:\/\/www.andelutech.com\/tr\/wp-json\/wp\/v2\/product_brand?post=2197"},{"taxonomy":"product_cat","embeddable":true,"href":"https:\/\/www.andelutech.com\/tr\/wp-json\/wp\/v2\/product_cat?post=2197"},{"taxonomy":"product_tag","embeddable":true,"href":"https:\/\/www.andelutech.com\/tr\/wp-json\/wp\/v2\/product_tag?post=2197"}],"curies":[{"name":"wp","href":"https:\/\/api.w.org\/{rel}","templated":true}]}}