{"id":2183,"date":"2025-05-20T17:51:43","date_gmt":"2025-05-20T09:51:43","guid":{"rendered":"https:\/\/www.andelutech.com\/?post_type=product&#038;p=2183"},"modified":"2025-08-29T14:04:04","modified_gmt":"2025-08-29T06:04:04","slug":"zh23-series-environment-resistant-bayonet-electrical-connector","status":"publish","type":"product","link":"https:\/\/www.andelutech.com\/tr\/product\/zh23-series-environment-resistant-bayonet-electrical-connector\/","title":{"rendered":"ZH23 Serisi \u00c7evreye Dayan\u0131kl\u0131 Bayonet Elektrik Konnekt\u00f6r\u00fc"},"content":{"rendered":"<p>E\u011fer ilgileniyorsan\u0131z, l\u00fctfen bizimle ileti\u015fime ge\u00e7in:<strong><b>\u00a0<\/b><\/strong><a href=\"mailto:info@joinsunny.cn\"><span style=\"color: #0000ff;\"><strong><b>info@andelu.cn<\/b><\/strong><\/span><\/a><\/p>","protected":false},"excerpt":{"rendered":"<p>CH\u044623 Serisi Elektrik Konnekt\u00f6r\u00fc, \u00c7evre Direnci, Be\u015f Ana Konumland\u0131rma Anti-Misinsertion, Bayonet Quick Connection ve di\u011ferleri taraf\u0131ndan \u00f6zelliklidir. Kontak, arkadan serbest b\u0131rakma ve son mola tipidir ve d\u00fc\u015f\u00fck frekansl\u0131 AC \/DC devreleri i\u00e7in kullan\u0131l\u0131r.<\/p>\n<p>Yurti\u00e7i Model: ZH23<\/p>","protected":false},"featured_media":2503,"comment_status":"closed","ping_status":"closed","template":"","meta":[],"product_brand":[],"product_cat":[36],"product_tag":[],"class_list":{"0":"post-2183","1":"product","2":"type-product","3":"status-publish","4":"has-post-thumbnail","6":"product_cat-electrical-connector","8":"first","9":"instock","10":"shipping-taxable","11":"product-type-simple"},"_links":{"self":[{"href":"https:\/\/www.andelutech.com\/tr\/wp-json\/wp\/v2\/product\/2183","targetHints":{"allow":["GET"]}}],"collection":[{"href":"https:\/\/www.andelutech.com\/tr\/wp-json\/wp\/v2\/product"}],"about":[{"href":"https:\/\/www.andelutech.com\/tr\/wp-json\/wp\/v2\/types\/product"}],"replies":[{"embeddable":true,"href":"https:\/\/www.andelutech.com\/tr\/wp-json\/wp\/v2\/comments?post=2183"}],"wp:featuredmedia":[{"embeddable":true,"href":"https:\/\/www.andelutech.com\/tr\/wp-json\/wp\/v2\/media\/2503"}],"wp:attachment":[{"href":"https:\/\/www.andelutech.com\/tr\/wp-json\/wp\/v2\/media?parent=2183"}],"wp:term":[{"taxonomy":"product_brand","embeddable":true,"href":"https:\/\/www.andelutech.com\/tr\/wp-json\/wp\/v2\/product_brand?post=2183"},{"taxonomy":"product_cat","embeddable":true,"href":"https:\/\/www.andelutech.com\/tr\/wp-json\/wp\/v2\/product_cat?post=2183"},{"taxonomy":"product_tag","embeddable":true,"href":"https:\/\/www.andelutech.com\/tr\/wp-json\/wp\/v2\/product_tag?post=2183"}],"curies":[{"name":"wp","href":"https:\/\/api.w.org\/{rel}","templated":true}]}}