{"id":2172,"date":"2025-05-20T17:41:01","date_gmt":"2025-05-20T09:41:01","guid":{"rendered":"https:\/\/www.andelutech.com\/?post_type=product&#038;p=2172"},"modified":"2025-08-29T14:00:05","modified_gmt":"2025-08-29T06:00:05","slug":"p-zp-pr-series-electrical-connector","status":"publish","type":"product","link":"https:\/\/www.andelutech.com\/tr\/product\/p-zp-pr-series-electrical-connector\/","title":{"rendered":"P.ZP.PR Serisi Elektrik Ba\u011flay\u0131c\u0131s\u0131"},"content":{"rendered":"<p>E\u011fer ilgileniyorsan\u0131z, l\u00fctfen bizimle ileti\u015fime ge\u00e7in:<strong><b>\u00a0<\/b><\/strong><a href=\"mailto:info@joinsunny.cn\"><span style=\"color: #0000ff;\"><strong><b>info@andelu.cn<\/b><\/strong><\/span><\/a><\/p>","protected":false},"excerpt":{"rendered":"<p>Ortak dairesel elektrik konnekt\u00f6r\u00fc standart bir elektrik konnekt\u00f6r\u00fcd\u00fcr ve m\u00fch\u00fcrl\u00fc ve kapat\u0131lmam\u0131\u015f tipi kapsar. Konekt\u00f6r genellikle enstr\u00fcmana sabitlenmi\u015f par\u00e7a (soket) ve kabloya sabitlenmi\u015f ve f\u0131nd\u0131k ba\u011flama ile ba\u011flan\u0131r.<\/p>\n<p>Yerel Model: P (\u0448p, ZP (C\u0448P), PR-B (2PTT)<\/p>","protected":false},"featured_media":2507,"comment_status":"closed","ping_status":"closed","template":"","meta":[],"product_brand":[],"product_cat":[36],"product_tag":[],"class_list":{"0":"post-2172","1":"product","2":"type-product","3":"status-publish","4":"has-post-thumbnail","6":"product_cat-electrical-connector","8":"first","9":"instock","10":"shipping-taxable","11":"product-type-simple"},"_links":{"self":[{"href":"https:\/\/www.andelutech.com\/tr\/wp-json\/wp\/v2\/product\/2172","targetHints":{"allow":["GET"]}}],"collection":[{"href":"https:\/\/www.andelutech.com\/tr\/wp-json\/wp\/v2\/product"}],"about":[{"href":"https:\/\/www.andelutech.com\/tr\/wp-json\/wp\/v2\/types\/product"}],"replies":[{"embeddable":true,"href":"https:\/\/www.andelutech.com\/tr\/wp-json\/wp\/v2\/comments?post=2172"}],"wp:featuredmedia":[{"embeddable":true,"href":"https:\/\/www.andelutech.com\/tr\/wp-json\/wp\/v2\/media\/2507"}],"wp:attachment":[{"href":"https:\/\/www.andelutech.com\/tr\/wp-json\/wp\/v2\/media?parent=2172"}],"wp:term":[{"taxonomy":"product_brand","embeddable":true,"href":"https:\/\/www.andelutech.com\/tr\/wp-json\/wp\/v2\/product_brand?post=2172"},{"taxonomy":"product_cat","embeddable":true,"href":"https:\/\/www.andelutech.com\/tr\/wp-json\/wp\/v2\/product_cat?post=2172"},{"taxonomy":"product_tag","embeddable":true,"href":"https:\/\/www.andelutech.com\/tr\/wp-json\/wp\/v2\/product_tag?post=2172"}],"curies":[{"name":"wp","href":"https:\/\/api.w.org\/{rel}","templated":true}]}}