{"id":2160,"date":"2025-05-20T14:45:31","date_gmt":"2025-05-20T06:45:31","guid":{"rendered":"https:\/\/www.andelutech.com\/?post_type=product&#038;p=2160"},"modified":"2025-08-04T09:41:18","modified_gmt":"2025-08-04T01:41:18","slug":"k-series-hermetic-electrical-connector","status":"publish","type":"product","link":"https:\/\/www.andelutech.com\/tr\/product\/k-series-hermetic-electrical-connector\/","title":{"rendered":"K serisi Hermetik elektrik konnekt\u00f6r\u00fc"},"content":{"rendered":"<p>E\u011fer ilgileniyorsan\u0131z, l\u00fctfen bizimle ileti\u015fime ge\u00e7in:<strong><b>\u00a0<\/b><\/strong><a href=\"mailto:info@joinsunny.cn\"><span style=\"color: #0000ff;\"><strong><b>info@andelu.cn<\/b><\/strong><\/span><\/a><\/p>","protected":false},"excerpt":{"rendered":"<p>\u00dcr\u00fcn Giri\u015f<\/p>\n<p>Seri \u00fcr\u00fcnleri, GJB598A-1996 (ABD Standart MIL-C-26482G ve end\u00fcstri standard\u0131 HB6-77-83) gereksinimlerine uygundur ve ayn\u0131 kabuk boyutu ve ekleme say\u0131s\u0131 ZH8525 serisi ile e\u015fle\u015ftirilebilir ve birlikte kullan\u0131labilir. K konta\u011f\u0131, K-F konta\u011f\u0131 kaynaklan\u0131rken sar\u0131l\u0131r, bu da u\u00e7ak elektrikli ekipmanlar\u0131n\u0131n ve radyo cihaz\u0131 devrelerinin h\u0131zl\u0131 ve g\u00fcvenilir bir \u015fekilde ba\u011flanmas\u0131 ve ba\u011flant\u0131s\u0131 i\u00e7in uygundur.<\/p>\n<p>&nbsp;<\/p>","protected":false},"featured_media":2498,"comment_status":"closed","ping_status":"closed","template":"","meta":[],"product_brand":[],"product_cat":[36],"product_tag":[],"class_list":{"0":"post-2160","1":"product","2":"type-product","3":"status-publish","4":"has-post-thumbnail","6":"product_cat-electrical-connector","8":"first","9":"instock","10":"shipping-taxable","11":"product-type-simple"},"_links":{"self":[{"href":"https:\/\/www.andelutech.com\/tr\/wp-json\/wp\/v2\/product\/2160","targetHints":{"allow":["GET"]}}],"collection":[{"href":"https:\/\/www.andelutech.com\/tr\/wp-json\/wp\/v2\/product"}],"about":[{"href":"https:\/\/www.andelutech.com\/tr\/wp-json\/wp\/v2\/types\/product"}],"replies":[{"embeddable":true,"href":"https:\/\/www.andelutech.com\/tr\/wp-json\/wp\/v2\/comments?post=2160"}],"wp:featuredmedia":[{"embeddable":true,"href":"https:\/\/www.andelutech.com\/tr\/wp-json\/wp\/v2\/media\/2498"}],"wp:attachment":[{"href":"https:\/\/www.andelutech.com\/tr\/wp-json\/wp\/v2\/media?parent=2160"}],"wp:term":[{"taxonomy":"product_brand","embeddable":true,"href":"https:\/\/www.andelutech.com\/tr\/wp-json\/wp\/v2\/product_brand?post=2160"},{"taxonomy":"product_cat","embeddable":true,"href":"https:\/\/www.andelutech.com\/tr\/wp-json\/wp\/v2\/product_cat?post=2160"},{"taxonomy":"product_tag","embeddable":true,"href":"https:\/\/www.andelutech.com\/tr\/wp-json\/wp\/v2\/product_tag?post=2160"}],"curies":[{"name":"wp","href":"https:\/\/api.w.org\/{rel}","templated":true}]}}