{"id":2148,"date":"2025-05-19T11:05:22","date_gmt":"2025-05-19T03:05:22","guid":{"rendered":"https:\/\/www.andelutech.com\/?post_type=product&#038;p=2148"},"modified":"2026-01-16T10:05:52","modified_gmt":"2026-01-16T02:05:52","slug":"and-3qa-02d-high-precision-three-axis-quartz-accelerometer","status":"publish","type":"product","link":"https:\/\/www.andelutech.com\/tr\/product\/and-3qa-02d-high-precision-three-axis-quartz-accelerometer\/","title":{"rendered":"Ve -3qA -02D y\u00fcksek hassasiyetli \u00fc\u00e7 eksenli kuvars ivme\u00f6l\u00e7er\u00a0"},"content":{"rendered":"<p>Y\u00fcksek performansl\u0131 kuvars ivme\u00f6l\u00e7er ile ilgileniyorsan\u0131z, l\u00fctfen bize ula\u015f\u0131n:<strong><b> info@andelutech.com<\/b><\/strong><\/p>","protected":false},"excerpt":{"rendered":"<p><strong><b>Girii\u015f<\/b><\/strong><\/p>\n<p>Ve -3qA -02d y\u00fcksek hassasiyetli \u00fc\u00e7 eksen\u00a0<a href=\"https:\/\/www.ericcointernational.com\/accelerometer\/quartz-accelerometer\/\">Kuvars ivme\u00f6l\u00e7er<\/a>\u00a0Y\u00fcksek hassasiyetle \u00fc\u00e7 A15 h\u0131zlanma sens\u00f6r\u00fc, 24bit Y\u00dcKSEK hassasiyeti A \/d d\u00f6n\u00fc\u015ft\u00fcr\u00fcc\u00fc, 16 BIT ultra D\u00dc\u015e\u00dcK g\u00fc\u00e7 t\u00fcketimi tek \u00e7ip mikrobilgisayar ve mekanik yap\u0131dan olu\u015fur. Ve -3QA -02D, dijital \u00e7\u0131k\u0131\u015f, y\u00fcksek hassasiyetli kurulum hatas\u0131, s\u0131cakl\u0131k telafisi ve d\u00fc\u015f\u00fck g\u00fc\u00e7 t\u00fcketimine sahiptir.<\/p>","protected":false},"featured_media":3561,"comment_status":"open","ping_status":"closed","template":"","meta":[],"product_brand":[],"product_cat":[25],"product_tag":[],"class_list":{"0":"post-2148","1":"product","2":"type-product","3":"status-publish","4":"has-post-thumbnail","6":"product_cat-accelerometer","8":"first","9":"instock","10":"shipping-taxable","11":"product-type-simple"},"_links":{"self":[{"href":"https:\/\/www.andelutech.com\/tr\/wp-json\/wp\/v2\/product\/2148","targetHints":{"allow":["GET"]}}],"collection":[{"href":"https:\/\/www.andelutech.com\/tr\/wp-json\/wp\/v2\/product"}],"about":[{"href":"https:\/\/www.andelutech.com\/tr\/wp-json\/wp\/v2\/types\/product"}],"replies":[{"embeddable":true,"href":"https:\/\/www.andelutech.com\/tr\/wp-json\/wp\/v2\/comments?post=2148"}],"wp:featuredmedia":[{"embeddable":true,"href":"https:\/\/www.andelutech.com\/tr\/wp-json\/wp\/v2\/media\/3561"}],"wp:attachment":[{"href":"https:\/\/www.andelutech.com\/tr\/wp-json\/wp\/v2\/media?parent=2148"}],"wp:term":[{"taxonomy":"product_brand","embeddable":true,"href":"https:\/\/www.andelutech.com\/tr\/wp-json\/wp\/v2\/product_brand?post=2148"},{"taxonomy":"product_cat","embeddable":true,"href":"https:\/\/www.andelutech.com\/tr\/wp-json\/wp\/v2\/product_cat?post=2148"},{"taxonomy":"product_tag","embeddable":true,"href":"https:\/\/www.andelutech.com\/tr\/wp-json\/wp\/v2\/product_tag?post=2148"}],"curies":[{"name":"wp","href":"https:\/\/api.w.org\/{rel}","templated":true}]}}