{"id":2146,"date":"2025-05-19T10:56:08","date_gmt":"2025-05-19T02:56:08","guid":{"rendered":"https:\/\/www.andelutech.com\/?post_type=product&#038;p=2146"},"modified":"2026-01-16T10:03:56","modified_gmt":"2026-01-16T02:03:56","slug":"and-qa-02b-anti-vibration-and-high-temp-accelerometer-for-oil-gas-fields","status":"publish","type":"product","link":"https:\/\/www.andelutech.com\/tr\/product\/and-qa-02b-anti-vibration-and-high-temp-accelerometer-for-oil-gas-fields\/","title":{"rendered":"Ve petrol ve gaz alanlar\u0131 i\u00e7in -qa-02b anti-vibrasyon ve y\u00fcksek temp ivme\u00f6l\u00e7er"},"content":{"rendered":"<p>Y\u00fcksek performansl\u0131 kuvars ivme\u00f6l\u00e7er ile ilgileniyorsan\u0131z, l\u00fctfen bize ula\u015f\u0131n:<strong><b> info@andelutech.com<\/b><\/strong><\/p>","protected":false},"excerpt":{"rendered":"<p>Ba\u015fvuru<br \/>\nVe -QA-02B Petrol ve Gaz Alan\u0131 i\u00e7in -qA-02B Anti-Vibrasyon ve Y\u00fcksek TEMP ivme\u00f6l\u00e7er, s\u00fcrekli Kuzey Arama Sistemleri i\u00e7in \u00f6zel olarak uygulan\u0131r, ayr\u0131ca di\u011fer sert \u00e7al\u0131\u015fma ko\u015fullar\u0131nda da yayg\u0131n olarak kullan\u0131labilir.<br \/>\n\u00d6zellikler<br \/>\nAnti-vibrasyon<br \/>\nY\u00fcksek do\u011fruluk<\/p>","protected":false},"featured_media":3563,"comment_status":"open","ping_status":"closed","template":"","meta":[],"product_brand":[],"product_cat":[25],"product_tag":[],"class_list":{"0":"post-2146","1":"product","2":"type-product","3":"status-publish","4":"has-post-thumbnail","6":"product_cat-accelerometer","8":"first","9":"instock","10":"shipping-taxable","11":"product-type-simple"},"_links":{"self":[{"href":"https:\/\/www.andelutech.com\/tr\/wp-json\/wp\/v2\/product\/2146","targetHints":{"allow":["GET"]}}],"collection":[{"href":"https:\/\/www.andelutech.com\/tr\/wp-json\/wp\/v2\/product"}],"about":[{"href":"https:\/\/www.andelutech.com\/tr\/wp-json\/wp\/v2\/types\/product"}],"replies":[{"embeddable":true,"href":"https:\/\/www.andelutech.com\/tr\/wp-json\/wp\/v2\/comments?post=2146"}],"wp:featuredmedia":[{"embeddable":true,"href":"https:\/\/www.andelutech.com\/tr\/wp-json\/wp\/v2\/media\/3563"}],"wp:attachment":[{"href":"https:\/\/www.andelutech.com\/tr\/wp-json\/wp\/v2\/media?parent=2146"}],"wp:term":[{"taxonomy":"product_brand","embeddable":true,"href":"https:\/\/www.andelutech.com\/tr\/wp-json\/wp\/v2\/product_brand?post=2146"},{"taxonomy":"product_cat","embeddable":true,"href":"https:\/\/www.andelutech.com\/tr\/wp-json\/wp\/v2\/product_cat?post=2146"},{"taxonomy":"product_tag","embeddable":true,"href":"https:\/\/www.andelutech.com\/tr\/wp-json\/wp\/v2\/product_tag?post=2146"}],"curies":[{"name":"wp","href":"https:\/\/api.w.org\/{rel}","templated":true}]}}