{"id":2144,"date":"2025-05-19T10:47:56","date_gmt":"2025-05-19T02:47:56","guid":{"rendered":"https:\/\/www.andelutech.com\/?post_type=product&#038;p=2144"},"modified":"2026-01-16T10:02:56","modified_gmt":"2026-01-16T02:02:56","slug":"and-qa-01c-low-cost-quartz-accelerometer","status":"publish","type":"product","link":"https:\/\/www.andelutech.com\/tr\/product\/and-qa-01c-low-cost-quartz-accelerometer\/","title":{"rendered":"Ve -qa -01c d\u00fc\u015f\u00fck maliyetli kuvars ivme\u00f6l\u00e7er\u00a0"},"content":{"rendered":"<p>Y\u00fcksek performansl\u0131 kuvars ivme\u00f6l\u00e7er ile ilgileniyorsan\u0131z, l\u00fctfen bize ula\u015f\u0131n:<strong><b> info@andelutech.com<\/b><\/strong><\/p>","protected":false},"excerpt":{"rendered":"<p>D\u00fc\u015f\u00fck maliyetli kuvars ivme\u00f6l\u00e7er, havac\u0131l\u0131k ara\u00e7lar\u0131nda, atalet navigasyon sistemi ve gemilerin kontrol sisteminde geni\u015f bir uygulamaya sahip atalet navigasyon sisteminde yayg\u0131n olarak kullan\u0131labilir.<\/p>\n<p><strong><b>Ba\u015fvuru<\/b><\/strong><\/p>\n<p>Tank navigasyon sistemi<\/p>\n<p>Askeri ara\u00e7<\/p>","protected":false},"featured_media":3562,"comment_status":"open","ping_status":"closed","template":"","meta":[],"product_brand":[],"product_cat":[25],"product_tag":[],"class_list":{"0":"post-2144","1":"product","2":"type-product","3":"status-publish","4":"has-post-thumbnail","6":"product_cat-accelerometer","8":"first","9":"instock","10":"shipping-taxable","11":"product-type-simple"},"_links":{"self":[{"href":"https:\/\/www.andelutech.com\/tr\/wp-json\/wp\/v2\/product\/2144","targetHints":{"allow":["GET"]}}],"collection":[{"href":"https:\/\/www.andelutech.com\/tr\/wp-json\/wp\/v2\/product"}],"about":[{"href":"https:\/\/www.andelutech.com\/tr\/wp-json\/wp\/v2\/types\/product"}],"replies":[{"embeddable":true,"href":"https:\/\/www.andelutech.com\/tr\/wp-json\/wp\/v2\/comments?post=2144"}],"wp:featuredmedia":[{"embeddable":true,"href":"https:\/\/www.andelutech.com\/tr\/wp-json\/wp\/v2\/media\/3562"}],"wp:attachment":[{"href":"https:\/\/www.andelutech.com\/tr\/wp-json\/wp\/v2\/media?parent=2144"}],"wp:term":[{"taxonomy":"product_brand","embeddable":true,"href":"https:\/\/www.andelutech.com\/tr\/wp-json\/wp\/v2\/product_brand?post=2144"},{"taxonomy":"product_cat","embeddable":true,"href":"https:\/\/www.andelutech.com\/tr\/wp-json\/wp\/v2\/product_cat?post=2144"},{"taxonomy":"product_tag","embeddable":true,"href":"https:\/\/www.andelutech.com\/tr\/wp-json\/wp\/v2\/product_tag?post=2144"}],"curies":[{"name":"wp","href":"https:\/\/api.w.org\/{rel}","templated":true}]}}