{"id":2140,"date":"2025-05-19T10:29:24","date_gmt":"2025-05-19T02:29:24","guid":{"rendered":"https:\/\/www.andelutech.com\/?post_type=product&#038;p=2140"},"modified":"2026-01-16T10:01:52","modified_gmt":"2026-01-16T02:01:52","slug":"and-qa-01a-aerospace-quartz-accelerometer","status":"publish","type":"product","link":"https:\/\/www.andelutech.com\/tr\/product\/and-qa-01a-aerospace-quartz-accelerometer\/","title":{"rendered":"Ve -qA -01A Havac\u0131l\u0131k ve Uzay Kuvars \u0130vme\u00f6l\u00e7er"},"content":{"rendered":"<p>Y\u00fcksek performansl\u0131 kuvars ivme\u00f6l\u00e7er ile ilgileniyorsan\u0131z, l\u00fctfen bize ula\u015f\u0131n:<strong><b> info@andelutech.com<\/b><\/strong><\/p>","protected":false},"excerpt":{"rendered":"<p><strong><b>Ba\u015fvuru<\/b><\/strong><\/p>\n<p>Ve -qA -01A Havac\u0131l\u0131k ve Uzay\u00a0<a href=\"https:\/\/www.ericcointernational.com\/accelerometer\/quartz-accelerometer\/\">Kuvars ivme\u00f6l\u00e7er<\/a>\u00a0y\u00fcksek hassasiyetle ta\u015f\u0131y\u0131c\u0131n\u0131n mikro yer\u00e7ekimi \u00f6l\u00e7\u00fcm sisteminde, atalet navigasyon sistemi, statik a\u00e7\u0131 \u00f6l\u00e7\u00fcm sisteminde kullan\u0131l\u0131r.<\/p>\n<p><strong><b>\u00d6zellikler<\/b><\/strong><\/p>\n<p>Y\u00fcksek hassasiyet<\/p>\n<p>Y\u00fcksek performans<\/p>","protected":false},"featured_media":3564,"comment_status":"open","ping_status":"closed","template":"","meta":[],"product_brand":[],"product_cat":[25],"product_tag":[],"class_list":{"0":"post-2140","1":"product","2":"type-product","3":"status-publish","4":"has-post-thumbnail","6":"product_cat-accelerometer","8":"first","9":"instock","10":"shipping-taxable","11":"product-type-simple"},"_links":{"self":[{"href":"https:\/\/www.andelutech.com\/tr\/wp-json\/wp\/v2\/product\/2140","targetHints":{"allow":["GET"]}}],"collection":[{"href":"https:\/\/www.andelutech.com\/tr\/wp-json\/wp\/v2\/product"}],"about":[{"href":"https:\/\/www.andelutech.com\/tr\/wp-json\/wp\/v2\/types\/product"}],"replies":[{"embeddable":true,"href":"https:\/\/www.andelutech.com\/tr\/wp-json\/wp\/v2\/comments?post=2140"}],"wp:featuredmedia":[{"embeddable":true,"href":"https:\/\/www.andelutech.com\/tr\/wp-json\/wp\/v2\/media\/3564"}],"wp:attachment":[{"href":"https:\/\/www.andelutech.com\/tr\/wp-json\/wp\/v2\/media?parent=2140"}],"wp:term":[{"taxonomy":"product_brand","embeddable":true,"href":"https:\/\/www.andelutech.com\/tr\/wp-json\/wp\/v2\/product_brand?post=2140"},{"taxonomy":"product_cat","embeddable":true,"href":"https:\/\/www.andelutech.com\/tr\/wp-json\/wp\/v2\/product_cat?post=2140"},{"taxonomy":"product_tag","embeddable":true,"href":"https:\/\/www.andelutech.com\/tr\/wp-json\/wp\/v2\/product_tag?post=2140"}],"curies":[{"name":"wp","href":"https:\/\/api.w.org\/{rel}","templated":true}]}}