{"id":2128,"date":"2025-05-19T10:14:31","date_gmt":"2025-05-19T02:14:31","guid":{"rendered":"https:\/\/www.andelutech.com\/?post_type=product&#038;p=2128"},"modified":"2025-12-24T15:52:05","modified_gmt":"2025-12-24T07:52:05","slug":"and-qa-03d-anti-shock-and-high-temp-quartz-accelerometer-for-oil-and-gas","status":"publish","type":"product","link":"https:\/\/www.andelutech.com\/tr\/product\/and-qa-03d-anti-shock-and-high-temp-quartz-accelerometer-for-oil-and-gas\/","title":{"rendered":"Ve petrol ve gaz i\u00e7in -qA-03D anti-\u015fok ve y\u00fcksek temp kuvars ivme\u00f6l\u00e7er\u00a0"},"content":{"rendered":"<p><strong><b>Ba\u015fvuru\u00a0<\/b><\/strong><\/p>\n<p>MWD Ara\u00e7lar\u0131<\/p>\n<p>LWD Ara\u00e7lar\u0131<\/p>\n<p>Atalet navigasyonu<\/p>\n<p>Petrol kuyusu g\u00fcnl\u00fc\u011f\u00fc<\/p>\n<p>Gyro inklinometre<\/p>\n<p>Rehberlik ve kontrol<\/p>","protected":false},"excerpt":{"rendered":"<p><strong><b>Girii\u015f<\/b><\/strong><\/p>\n<p>Ve -QA-03D y\u00fcksek s\u0131cakl\u0131k\u00a0<a href=\"https:\/\/www.ericcointernational.com\/accelerometer\/quartz-accelerometer\/\">Kuvars ivme\u00f6l\u00e7er<\/a>\u00a0y\u00fcksek temp, g\u00fc\u00e7l\u00fc anti-\u015fok ve y\u00fcksek g\u00fcvenilirlik performans\u0131na sahip petrol ve gaz i\u00e7in sadece havac\u0131l\u0131k ve havac\u0131l\u0131k atalet testlerinde de\u011fil, ayn\u0131 zamanda hem statik hem de dinamik ivme \u00f6l\u00e7\u00fcmlerinde de kullan\u0131labilir. Buna ek olarak, ivme\u00f6l\u00e7er, operat\u00f6r\u00fcn s\u0131cakl\u0131k fakt\u00f6rlerinin etkisini azaltmak i\u00e7in yanl\u0131l\u0131\u011f\u0131 ve \u00f6l\u00e7ek fakt\u00f6r\u00fc parametrelerini telafi etmek i\u00e7in kullanabilece\u011fi bir s\u0131cakl\u0131k sens\u00f6r\u00fc kullan\u0131r.<\/p>\n<p>Applications \uff1aThe products are widely used for aerospace inertial navigation, guidance and control, industrial measurement and for measurement-while-drilling (MWD) in oil and gas fields.<\/p>\n<p>&nbsp;<\/p>","protected":false},"featured_media":2130,"comment_status":"open","ping_status":"closed","template":"","meta":[],"product_brand":[],"product_cat":[25],"product_tag":[],"class_list":{"0":"post-2128","1":"product","2":"type-product","3":"status-publish","4":"has-post-thumbnail","6":"product_cat-accelerometer","8":"first","9":"instock","10":"shipping-taxable","11":"product-type-simple"},"_links":{"self":[{"href":"https:\/\/www.andelutech.com\/tr\/wp-json\/wp\/v2\/product\/2128","targetHints":{"allow":["GET"]}}],"collection":[{"href":"https:\/\/www.andelutech.com\/tr\/wp-json\/wp\/v2\/product"}],"about":[{"href":"https:\/\/www.andelutech.com\/tr\/wp-json\/wp\/v2\/types\/product"}],"replies":[{"embeddable":true,"href":"https:\/\/www.andelutech.com\/tr\/wp-json\/wp\/v2\/comments?post=2128"}],"wp:featuredmedia":[{"embeddable":true,"href":"https:\/\/www.andelutech.com\/tr\/wp-json\/wp\/v2\/media\/2130"}],"wp:attachment":[{"href":"https:\/\/www.andelutech.com\/tr\/wp-json\/wp\/v2\/media?parent=2128"}],"wp:term":[{"taxonomy":"product_brand","embeddable":true,"href":"https:\/\/www.andelutech.com\/tr\/wp-json\/wp\/v2\/product_brand?post=2128"},{"taxonomy":"product_cat","embeddable":true,"href":"https:\/\/www.andelutech.com\/tr\/wp-json\/wp\/v2\/product_cat?post=2128"},{"taxonomy":"product_tag","embeddable":true,"href":"https:\/\/www.andelutech.com\/tr\/wp-json\/wp\/v2\/product_tag?post=2128"}],"curies":[{"name":"wp","href":"https:\/\/api.w.org\/{rel}","templated":true}]}}