{"id":2123,"date":"2025-05-19T10:03:54","date_gmt":"2025-05-19T02:03:54","guid":{"rendered":"https:\/\/www.andelutech.com\/?post_type=product&#038;p=2123"},"modified":"2025-12-24T15:56:12","modified_gmt":"2025-12-24T07:56:12","slug":"and-qa-03b-wide-range-quartz-accelerometer","status":"publish","type":"product","link":"https:\/\/www.andelutech.com\/tr\/product\/and-qa-03b-wide-range-quartz-accelerometer\/","title":{"rendered":"Ve -qA-03b geni\u015f menzilli kuvars ivme\u00f6l\u00e7er\u00a0"},"content":{"rendered":"<p>&nbsp;<\/p>","protected":false},"excerpt":{"rendered":"<p><strong><b>Girii\u015f<\/b><\/strong><\/p>\n<p>Ve -qA-03b geni\u015f aral\u0131k\u00a0<a href=\"https:\/\/www.ericcointernational.com\/accelerometer\/quartz-accelerometer\/\">Kuvars ivme\u00f6l\u00e7er<\/a>\u00a0geni\u015f menzilli, y\u00fcksek do\u011fruluk, y\u00fcksek g\u00fcvenilirli\u011fe sahip havac\u0131l\u0131k ve uzay i\u00e7in sadece havac\u0131l\u0131k ve havac\u0131l\u0131k eylemsiz testinde de\u011fil, ayn\u0131 zamanda hem statik hem de dinamik ivme \u00f6l\u00e7\u00fcm\u00fcnde de kullan\u0131labilir. Buna ek olarak, ivme\u00f6l\u00e7er, operat\u00f6r\u00fcn s\u0131cakl\u0131k fakt\u00f6rlerinin etkisini azaltmak i\u00e7in yanl\u0131l\u0131\u011f\u0131 ve \u00f6l\u00e7ek fakt\u00f6r\u00fc parametrelerini telafi etmek i\u00e7in kullanabilece\u011fi bir s\u0131cakl\u0131k sens\u00f6r\u00fc kullan\u0131r.<\/p>\n<p><strong><b>Ba\u015fvuru<\/b><\/strong><\/p>\n<p>U\u00e7u\u015f kontrol\u00fc<\/p>\n<p>\u0130stikrar<\/p>\n<p>U\u00e7ak navigasyon sistemleri<\/p>\n<p>Tutum Ba\u015fl\u0131k Referans Sistemleri (AHRS)<\/p>\n<p>Zemin Titre\u015fim Testi (GVT) -Wind T\u00fcnel Testi<\/p>","protected":false},"featured_media":2126,"comment_status":"closed","ping_status":"closed","template":"","meta":[],"product_brand":[],"product_cat":[25],"product_tag":[],"class_list":{"0":"post-2123","1":"product","2":"type-product","3":"status-publish","4":"has-post-thumbnail","6":"product_cat-accelerometer","8":"first","9":"instock","10":"shipping-taxable","11":"product-type-simple"},"_links":{"self":[{"href":"https:\/\/www.andelutech.com\/tr\/wp-json\/wp\/v2\/product\/2123","targetHints":{"allow":["GET"]}}],"collection":[{"href":"https:\/\/www.andelutech.com\/tr\/wp-json\/wp\/v2\/product"}],"about":[{"href":"https:\/\/www.andelutech.com\/tr\/wp-json\/wp\/v2\/types\/product"}],"replies":[{"embeddable":true,"href":"https:\/\/www.andelutech.com\/tr\/wp-json\/wp\/v2\/comments?post=2123"}],"wp:featuredmedia":[{"embeddable":true,"href":"https:\/\/www.andelutech.com\/tr\/wp-json\/wp\/v2\/media\/2126"}],"wp:attachment":[{"href":"https:\/\/www.andelutech.com\/tr\/wp-json\/wp\/v2\/media?parent=2123"}],"wp:term":[{"taxonomy":"product_brand","embeddable":true,"href":"https:\/\/www.andelutech.com\/tr\/wp-json\/wp\/v2\/product_brand?post=2123"},{"taxonomy":"product_cat","embeddable":true,"href":"https:\/\/www.andelutech.com\/tr\/wp-json\/wp\/v2\/product_cat?post=2123"},{"taxonomy":"product_tag","embeddable":true,"href":"https:\/\/www.andelutech.com\/tr\/wp-json\/wp\/v2\/product_tag?post=2123"}],"curies":[{"name":"wp","href":"https:\/\/api.w.org\/{rel}","templated":true}]}}