{"id":1855,"date":"2025-04-11T17:49:33","date_gmt":"2025-04-11T09:49:33","guid":{"rendered":"https:\/\/www.andelutech.com\/?post_type=product&#038;p=1855"},"modified":"2026-01-16T10:22:01","modified_gmt":"2026-01-16T02:22:01","slug":"and-fins-70-high-performance-low-cost-fog-ins","status":"publish","type":"product","link":"https:\/\/www.andelutech.com\/tr\/product\/and-fins-70-high-performance-low-cost-fog-ins\/","title":{"rendered":"Ve 70 y\u00fcksek performansl\u0131 ve d\u00fc\u015f\u00fck maliyetli sis ins"},"content":{"rendered":"<p><strong><b>Sistem yap\u0131s\u0131 ve i\u015flevleri<\/b><\/strong><\/p>\n<p>Sistem bir \u015fasi, bir IMU g\u00f6vdesi (\u00fc\u00e7 eksenli fiber optik jiroskop, \u00fc\u00e7 eksenli ivme\u00f6l\u00e7er ile), bir jiroskop anakart, \u00f6l\u00e7\u00fcl\u00fc anakart, ikincil g\u00fc\u00e7 kayna\u011f\u0131, navigasyon bilgisayar\u0131 ve konekt\u00f6rlerden olu\u015fur.<\/p>\n<p>Ta\u015f\u0131y\u0131c\u0131n\u0131n her t\u00fcrl\u00fc tam-otonom \u00fc\u00e7 eksenli tutum \u00f6l\u00e7\u00fcm\u00fcn\u00fcn gereksinimlerini kar\u015f\u0131layabilir ve kendi kendine hizalama fonksiyonuna sahiptir. K\u0131sa s\u00fcreli saf atalet navigasyonu ve kombine navigasyon fonksiyonlar\u0131n\u0131 ve \u00e7\u0131kt\u0131 ta\u015f\u0131y\u0131c\u0131 ger\u00e7ek zamanl\u0131 tutum verilerini ger\u00e7ekle\u015ftirebilir.<\/p>\n<p><strong><b>Spesifikasyonlar<\/b><\/strong><\/p>\n<p><strong><b>3.1 Performans \u00d6zellikleri<\/b><\/strong><\/p>\n<p>3.1.1 Tam s\u0131cakl\u0131k sens\u00f6r\u00fc parametresi<\/p>\n<p>Gyro 0.05 \u00b0 \/ s'den daha iyidir ve ivme\u00f6l\u00e7er 200UG'dan (10s, 1\u03c3) daha iyidir.<\/p>\n<p>3.1.2 Ba\u015flang\u0131\u00e7 \u200b\u200bhizalamas\u0131 (normal s\u0131cakl\u0131k 25 \u00b0 C)<\/p>\n<p>Hizalama Modu: Kendinden uyum;<\/p>\n<p>Hizalama s\u00fcresi: 5 dakika daha az (statik baz);<\/p>\n<p>Yatay tutum (zift, rulo) hizalama do\u011frulu\u011fu (1\u03c3): \u22640.03 \u00b0;<\/p>\n<p>Ba\u015fl\u0131k Hizalama Do\u011frulu\u011fu (1\u03c3): \u22640.3 \u00b0.<\/p>\n<p>3.1.3 Tutum Do\u011frulu\u011fu koruma<\/p>\n<p>1h saf atalet durumu;<\/p>\n<p>Yatay tutum (zift, rulo) do\u011frulu\u011fu koruma (1\u03c3): \u22640.05 \u00b0;<\/p>\n<p>Ba\u015fl\u0131k do\u011frulu\u011fu (1\u03c3): \u22640.2 \u00b0;<\/p>\n<p>8h konum kombinasyonu durumu;<\/p>\n<p>Konum do\u011frulu\u011fu (CEP): 10m;<\/p>\n<p><strong><b>3.2 Hacim, A\u011f\u0131rl\u0131k<\/b><\/strong><\/p>\n<p>3.2.1 VE-FINS-70A<\/p>\n<p>Sistem hacmi: 237mm \u00d7 157mm \u00d7 122mm;<\/p>\n<p>Sistem a\u011f\u0131rl\u0131\u011f\u0131: 5 kg'dan az.<\/p>\n<p>3.2.2 VE-FINS-70B<\/p>\n<p>Sistem hacmi: 140mm \u00d7 140mm \u00d7 100mm;<\/p>\n<p>Sistem a\u011f\u0131rl\u0131\u011f\u0131: 3kg'dan az.<\/p>\n<p><strong><b>3.3 \u00c7evre Ko\u015fullar\u0131 Gereksinimleri<\/b><\/strong><\/p>\n<p>\u00c7al\u0131\u015fma s\u0131cakl\u0131\u011f\u0131 aral\u0131\u011f\u0131: -40 \u00b0 C ~+60 \u00b0 C.<\/p>\n<p><strong><b>3.4 G\u00fc\u00e7 kayna\u011f\u0131 ve g\u00fc\u00e7 t\u00fcketimi<\/b><\/strong><\/p>\n<p>Ortalama g\u00fc\u00e7 t\u00fcketimi normal s\u0131cakl\u0131kta 15W, 10W;<\/p>\n<p>G\u00fc\u00e7 kayna\u011f\u0131 24V, \u00e7al\u0131\u015fma voltaj\u0131 16 ~ 32V.<\/p>\n<p><strong><b>3.5 Giri\u015f ve \u00c7\u0131k\u0131\u015f Arabirimi<\/b><\/strong><\/p>\n<p>RS422 Giri\u015f ve \u00c7\u0131k\u0131\u015f Arabirimi: Gezinme parametrelerini g\u00f6nderin ve kontrol komutlar\u0131n\u0131 al\u0131n<\/p>\n<p>Y\u00fcksek performans ve d\u00fc\u015f\u00fck maliyetli sislerle ilgileniyorsan\u0131z, l\u00fctfen bize ula\u015f\u0131n:<b> <\/b><a href=\"mailto:info@joinsunny.cn\"><span style=\"color: #0000ff;\"><strong><b>info@andelutech.com<\/b><\/strong><\/span><\/a><\/p>","protected":false},"excerpt":{"rendered":"<p><strong><b>Girii\u015f<\/b><\/strong><\/p>\n<p>Ve 70 y\u00fcksek performans ve\u00a0<span style=\"color: #0000ff;\">D\u00fc\u015f\u00fck maliyetli sis ins<\/span>\u00a0is mainly composed of three solid fiber optic gyroscopes, three quartz flexible accelerometers, data packing plates, body structural parts and related software.<\/p>\n<p>It can measure the angular velocity and linear acceleration of the carrier motion; performs the error compensation of temperature, installation misalignment angle, non-linearity and zero position etc.; automatically searches and outputs true north heading; provides three-dimensional attitude; provides information for carrier attitude and navigation control and the measurement result is output through RS422 serial interface.<\/p>","protected":false},"featured_media":1863,"comment_status":"open","ping_status":"closed","template":"","meta":[],"product_brand":[],"product_cat":[22],"product_tag":[],"class_list":{"0":"post-1855","1":"product","2":"type-product","3":"status-publish","4":"has-post-thumbnail","6":"product_cat-gyro-sensor","8":"first","9":"instock","10":"shipping-taxable","11":"product-type-simple"},"_links":{"self":[{"href":"https:\/\/www.andelutech.com\/tr\/wp-json\/wp\/v2\/product\/1855","targetHints":{"allow":["GET"]}}],"collection":[{"href":"https:\/\/www.andelutech.com\/tr\/wp-json\/wp\/v2\/product"}],"about":[{"href":"https:\/\/www.andelutech.com\/tr\/wp-json\/wp\/v2\/types\/product"}],"replies":[{"embeddable":true,"href":"https:\/\/www.andelutech.com\/tr\/wp-json\/wp\/v2\/comments?post=1855"}],"wp:featuredmedia":[{"embeddable":true,"href":"https:\/\/www.andelutech.com\/tr\/wp-json\/wp\/v2\/media\/1863"}],"wp:attachment":[{"href":"https:\/\/www.andelutech.com\/tr\/wp-json\/wp\/v2\/media?parent=1855"}],"wp:term":[{"taxonomy":"product_brand","embeddable":true,"href":"https:\/\/www.andelutech.com\/tr\/wp-json\/wp\/v2\/product_brand?post=1855"},{"taxonomy":"product_cat","embeddable":true,"href":"https:\/\/www.andelutech.com\/tr\/wp-json\/wp\/v2\/product_cat?post=1855"},{"taxonomy":"product_tag","embeddable":true,"href":"https:\/\/www.andelutech.com\/tr\/wp-json\/wp\/v2\/product_tag?post=1855"}],"curies":[{"name":"wp","href":"https:\/\/api.w.org\/{rel}","templated":true}]}}