{"id":1851,"date":"2025-04-11T17:40:51","date_gmt":"2025-04-11T09:40:51","guid":{"rendered":"https:\/\/www.andelutech.com\/?post_type=product&#038;p=1851"},"modified":"2026-01-09T11:42:36","modified_gmt":"2026-01-09T03:42:36","slug":"electronic-compass","status":"publish","type":"product","link":"https:\/\/www.andelutech.com\/tr\/product\/electronic-compass\/","title":{"rendered":"AND-EC-220 Electronic Compass"},"content":{"rendered":"<p><strong><b>\u00d6zellikler<\/b><\/strong><\/p>\n<p>\u00d6l\u00e7\u00fcm aral\u0131\u011f\u0131 0 ~ 360 \u00b0<\/p>\n<p>Ba\u015f do\u011frulu\u011fu 1 \u00b0, e\u011fim aral\u0131\u011f\u0131 \u00b1 5 \u00b0<\/p>\n<p>End\u00fcstriyel s\u0131n\u0131f tasar\u0131m\u0131<\/p>\n<p>Giri\u015f Voltaj\u0131 DC 5V<\/p>\n<p>Geni\u015f S\u0131cakl\u0131k \u00c7al\u0131\u015f\u0131yor -40 ~+85 \u2103<\/p>\n<p>Sert manyetik, yumu\u015fak manyetik ve e\u011fim telafisi ile<\/p>\n<p>Baud H\u0131z\u0131 2400 ~ 115200 (ayarlanabilir)<\/p>\n<p>\u00c7al\u0131\u015fma Ak\u0131m\u0131: 40mA<\/p>\n<p>IP67 Koruma Seviyesi<\/p>\n<p>\u00c7\u0131k\u0131\u015f RS232 \/RS485\/TTL\/MODBUS (iste\u011fe ba\u011fl\u0131)<\/p>\n<p>K\u00fc\u00e7\u00fck hacim (33*27*8mm) (\u00f6zelle\u015ftirilebilir)<\/p>\n<p>\u00dcr\u00fcn k\u00fc\u00e7\u00fck ve g\u00fc\u00e7 t\u00fcketimi d\u00fc\u015f\u00fckt\u00fcr ve anten stabilitesi, otomotiv ve sistem entegrasyonu gibi bir\u00e7ok alanda kullan\u0131labilir. G\u00fc\u00e7l\u00fc \u015fok direnci, g\u00fcn\u00fcm\u00fcz\u00fcn minyat\u00fcrle\u015ftirilmi\u015f y\u00fcksek hassasiyetli \u00f6l\u00e7\u00fcm i\u00e7in daha uygun olan son derece sert ortamlarda normal \u00e7al\u0131\u015fabilir.<\/p>\n<p>Y\u00fcksek hassasiyetli 2D Elektronik Pusula-Dijital Tip-PLS ile ilgileniyorsan\u0131z, PLS Bize Ula\u015f\u0131n:<strong><b>\u00a0<\/b><\/strong><a href=\"mailto:info@joinsunny.cn\"><span style=\"color: #0000ff;\"><strong><b>info@joinsunny.cn<\/b><\/strong><\/span><\/a><\/p>","protected":false},"excerpt":{"rendered":"<p><strong><b>Girii\u015f<\/b><\/strong><\/p>\n<p>Azimutu 0'dan 360 \u00b0 'ye \u00f6l\u00e7en ve ABD patent teknolojisini tan\u0131tan y\u00fcksek hassasiyetli iki boyutlu bir elektronik pusulad\u0131r. Y\u00fcksek g\u00fcvenilirlik ve g\u00fc\u00e7l\u00fc anti-m\u00fcdahale yetene\u011fine sahip end\u00fcstriyel mikrodenetleyiciden olu\u015fur, y\u00fcksek hassasiyetli manyetik\u00a0<span style=\"color: #0000ff;\">sens\u00f6r<\/span>\u00a0tahrik \u00e7ipleri ve sert manyetik parazit ve yumu\u015fak manyetik parazit telafi teknolojisini entegre eder. M\u00fc\u015fteri ihtiya\u00e7lar\u0131na g\u00f6re \u00f6zelle\u015ftirilebilir ve elektronik pusula i\u015flevini \u00e7e\u015fitli \u00fcr\u00fcnlere h\u0131zl\u0131 bir \u015fekilde entegre etmek \u00e7ok uygundur.<\/p>\n<p><strong><b>Ba\u015fvuru<\/b><\/strong><\/p>\n<p>Bireysel sava\u015f ekipman\u0131<\/p>\n<p>Uydu g\u00fcne\u015f anten konumland\u0131rma<\/p>\n<p>D\u00fc\u015f\u00fck Agv Araba<\/p>\n<p>Madencilik Makineleri, Petrol G\u00fcnl\u00fc\u011f\u00fc Ekipmanlar\u0131<\/p>\n<p>T\u0131bbi ekipman<\/p>\n<p>Gimp seviyesi<\/p>\n<p>\u0130HA konumland\u0131rma ve navigasyon<\/p>\n<p>E\u011fim tabanl\u0131 izleme<\/p>\n<p>\u00c7e\u015fitli in\u015faat makineleri a\u00e7\u0131s\u0131 kontrol\u00fc<\/p>\n<p>K\u00f6pr\u00fc ve barajlar\u0131n denetimi<\/p>\n<p>&nbsp;<\/p>","protected":false},"featured_media":1853,"comment_status":"open","ping_status":"closed","template":"","meta":[],"product_brand":[],"product_cat":[41],"product_tag":[],"class_list":{"0":"post-1851","1":"product","2":"type-product","3":"status-publish","4":"has-post-thumbnail","6":"product_cat-compass","8":"first","9":"instock","10":"shipping-taxable","11":"product-type-simple"},"_links":{"self":[{"href":"https:\/\/www.andelutech.com\/tr\/wp-json\/wp\/v2\/product\/1851","targetHints":{"allow":["GET"]}}],"collection":[{"href":"https:\/\/www.andelutech.com\/tr\/wp-json\/wp\/v2\/product"}],"about":[{"href":"https:\/\/www.andelutech.com\/tr\/wp-json\/wp\/v2\/types\/product"}],"replies":[{"embeddable":true,"href":"https:\/\/www.andelutech.com\/tr\/wp-json\/wp\/v2\/comments?post=1851"}],"wp:featuredmedia":[{"embeddable":true,"href":"https:\/\/www.andelutech.com\/tr\/wp-json\/wp\/v2\/media\/1853"}],"wp:attachment":[{"href":"https:\/\/www.andelutech.com\/tr\/wp-json\/wp\/v2\/media?parent=1851"}],"wp:term":[{"taxonomy":"product_brand","embeddable":true,"href":"https:\/\/www.andelutech.com\/tr\/wp-json\/wp\/v2\/product_brand?post=1851"},{"taxonomy":"product_cat","embeddable":true,"href":"https:\/\/www.andelutech.com\/tr\/wp-json\/wp\/v2\/product_cat?post=1851"},{"taxonomy":"product_tag","embeddable":true,"href":"https:\/\/www.andelutech.com\/tr\/wp-json\/wp\/v2\/product_tag?post=1851"}],"curies":[{"name":"wp","href":"https:\/\/api.w.org\/{rel}","templated":true}]}}