{"id":1839,"date":"2025-04-11T17:31:08","date_gmt":"2025-04-11T09:31:08","guid":{"rendered":"https:\/\/www.andelutech.com\/?post_type=product&#038;p=1839"},"modified":"2026-01-09T13:50:23","modified_gmt":"2026-01-09T05:50:23","slug":"low-costfog-rate-gyroscope","status":"publish","type":"product","link":"https:\/\/www.andelutech.com\/tr\/product\/low-costfog-rate-gyroscope\/","title":{"rendered":"AND-FOG-25 Low Cost FOG Rate Gyroscope"},"content":{"rendered":"<p><strong><b>Spesifikasyonlar<\/b><\/strong><\/p>\n<p>\u00d6l\u00e7\u00fcm aral\u0131\u011f\u0131: 500 \u00b0 \/ s, ayarlanabilir;<br \/>\n(1\u03c3) 'n\u0131n \u00f6nyarg\u0131 stabilitesi: 1-5 \u00b0 \/ s;<br \/>\n\u00c7\u00f6z\u00fcn\u00fcrl\u00fck: 0.5 \u00b0 \/ s;<br \/>\n\u00d6l\u00e7ek fakt\u00f6r\u00fc do\u011frusal olmama (1\u03c3): 300ppm;<br \/>\nRastgele y\u00fcr\u00fcy\u00fc\u015f katsay\u0131s\u0131: 0.1 (\u00b0 \/ \u221aH);<br \/>\nBant geni\u015fli\u011fi: 400Hz'den az de\u011fil;<br \/>\nG\u00fc\u00e7 t\u00fcketimi: 3W'dan az;<br \/>\n\u00c7al\u0131\u015fma s\u0131cakl\u0131\u011f\u0131: M1A: -40 \u00b0 C ila +60 \u00b0 C;<br \/>\nG\u00fc\u00e7 kayna\u011f\u0131: \u00b1 5V DC (g\u00fc\u00e7 do\u011frulu\u011fu \u00b1%5, dalgalanma 30mv'den az)<br \/>\nAray\u00fcz: RS-422<br \/>\nBoyutlar: \u03c625mm*40mm<br \/>\nA\u011f\u0131rl\u0131k: 60 \u00b1 5g<\/p>","protected":false},"excerpt":{"rendered":"<p>Ve-FOG-25 Y\u00fcksek Hassasiyet ve D\u00fc\u015f\u00fck Maliyetli Sis Oran\u0131 Gyro (S\u0131v\u0131 Y\u00fczer H\u0131z\u0131 Gyro'nun \u00d6zel Olarak Tasarlanmas\u0131), arac\u0131n tutum \u00f6l\u00e7\u00fcm\u00fc i\u00e7in \u00f6zel olarak tasarlanm\u0131\u015ft\u0131r ve s\u0131v\u0131 y\u00fczen veya yar\u0131-s\u0131v\u0131 y\u00fczen h\u0131z\u0131 gyro'nun yerini alabilir. Kurulmas\u0131 kolay, kullan\u0131m\u0131 kolay, istikrarl\u0131 ve g\u00fcvenilirdir. Kullan\u0131c\u0131lar\u0131n yaln\u0131zca g\u00fc\u00e7 kayna\u011f\u0131, harici anakart sa\u011flamak ve gyro \u00e7\u0131kt\u0131 verileri almak i\u00e7in bir fi\u015f kullanmalar\u0131 gerekir. \u00dcr\u00fcn navigasyon, rehberlik ve di\u011fer alanlar i\u00e7in de kullan\u0131labilir.<\/p>","protected":false},"featured_media":1841,"comment_status":"closed","ping_status":"closed","template":"","meta":[],"product_brand":[],"product_cat":[22],"product_tag":[],"class_list":{"0":"post-1839","1":"product","2":"type-product","3":"status-publish","4":"has-post-thumbnail","6":"product_cat-gyro-sensor","8":"first","9":"instock","10":"shipping-taxable","11":"product-type-simple"},"_links":{"self":[{"href":"https:\/\/www.andelutech.com\/tr\/wp-json\/wp\/v2\/product\/1839","targetHints":{"allow":["GET"]}}],"collection":[{"href":"https:\/\/www.andelutech.com\/tr\/wp-json\/wp\/v2\/product"}],"about":[{"href":"https:\/\/www.andelutech.com\/tr\/wp-json\/wp\/v2\/types\/product"}],"replies":[{"embeddable":true,"href":"https:\/\/www.andelutech.com\/tr\/wp-json\/wp\/v2\/comments?post=1839"}],"wp:featuredmedia":[{"embeddable":true,"href":"https:\/\/www.andelutech.com\/tr\/wp-json\/wp\/v2\/media\/1841"}],"wp:attachment":[{"href":"https:\/\/www.andelutech.com\/tr\/wp-json\/wp\/v2\/media?parent=1839"}],"wp:term":[{"taxonomy":"product_brand","embeddable":true,"href":"https:\/\/www.andelutech.com\/tr\/wp-json\/wp\/v2\/product_brand?post=1839"},{"taxonomy":"product_cat","embeddable":true,"href":"https:\/\/www.andelutech.com\/tr\/wp-json\/wp\/v2\/product_cat?post=1839"},{"taxonomy":"product_tag","embeddable":true,"href":"https:\/\/www.andelutech.com\/tr\/wp-json\/wp\/v2\/product_tag?post=1839"}],"curies":[{"name":"wp","href":"https:\/\/api.w.org\/{rel}","templated":true}]}}