{"id":1837,"date":"2025-04-11T17:33:19","date_gmt":"2025-04-11T09:33:19","guid":{"rendered":"https:\/\/www.andelutech.com\/?post_type=product&#038;p=1837"},"modified":"2026-01-15T20:26:37","modified_gmt":"2026-01-15T12:26:37","slug":"high-accuracy-north-seeking-mems-imu","status":"publish","type":"product","link":"https:\/\/www.andelutech.com\/tr\/product\/high-accuracy-north-seeking-mems-imu\/","title":{"rendered":"AND-MIMU-01\u00a0 High Accuracy North-Seeking MEMS IMU"},"content":{"rendered":"<p><strong><b>Uygulama alanlar\u0131<\/b><\/strong><\/p>\n<p>Petrol ke\u015ffi;<\/p>\n<p>K\u00f6pr\u00fc, uzun bina, kule, baraj izleme<\/p>\n<p>Kaya ve toprak izleme<\/p>\n<p>Madencilik<\/p>\n<p><strong><b>\u00d6zellikler<\/b><\/strong><\/p>\n<p>Hacim: 38.6 mm \u00d7 44.8 mm \u00d7 21.8 mm;<\/p>\n<p>5V g\u00fc\u00e7 kayna\u011f\u0131, d\u00fc\u015f\u00fck g\u00fc\u00e7 t\u00fcketimi 1.0W;<\/p>\n<p>Hafif: \u226460g;<\/p>\n<p>\u00dcr\u00fcnler aras\u0131nda x, y, z \u00fc\u00e7 eksenli MEMS gyro ve x, y, z \u00fc\u00e7 eksenli MEMS ivme\u00f6l\u00e7er;<\/p>\n<p>RS422 Otob\u00fcs \u0130leti\u015fimi, 9600 ~ 921600 tarihinden itibaren baud oran\u0131 ayarlanabilir.<\/p>\n<p>Y\u00fcksek do\u011frulukla ilgileniyorsan\u0131z, kuzey arayan mems imu, l\u00fctfen bize ula\u015f\u0131n:\u00a0<a href=\"mailto:info@joinsunny.cn\"><span style=\"color: #0000ff;\"><strong><b>info@andelutech.com<\/b><\/strong><\/span><\/a><\/p>","protected":false},"excerpt":{"rendered":"<p><strong><b>\u00dcr\u00fcn Giri\u015f<\/b><\/strong><\/p>\n<p>IMU olarak adland\u0131r\u0131lan atalet \u00f6l\u00e7\u00fcm birimi, nesnenin \u00fc\u00e7 ekseninin tutum a\u00e7\u0131s\u0131n\u0131 (veya a\u00e7\u0131sal h\u0131z\u0131) ve h\u0131zlanmas\u0131n\u0131 \u00f6l\u00e7mek i\u00e7in bir cihazd\u0131r. Jiroskop ve ivme\u00f6l\u00e7er Ataletal Navigasyon Sisteminin (INS) temel cihazlar\u0131d\u0131r. Dahili ivme\u00f6l\u00e7er sens\u00f6r\u00fc ve jiroskop ile IMU, do\u011frusal ivme ve d\u00f6n\u00fc\u015f a\u00e7\u0131sal h\u0131z\u0131 \u00fc\u00e7 y\u00f6nden \u00f6l\u00e7ebilir ve \u00e7\u00f6z\u00fcmleme yoluyla ta\u015f\u0131y\u0131c\u0131n\u0131n tutum, h\u0131z ve yer de\u011fi\u015ftirme bilgilerini alabilir.<\/p>\n<p>Ve-mimu-01 kullan\u0131r\u00a0<span style=\"color: #0000ff;\">MEMS ivme\u00f6l\u00e7er\u00a0<\/span>ve\u00a0<span style=\"color: #0000ff;\">jiroskop<\/span>\u00a0Y\u00fcksek kalite ve g\u00fcvenilirlik, RS422 VE d\u0131\u015f ileti\u015fim ile baud oran\u0131, kullan\u0131c\u0131n\u0131n gerekli ileti\u015fim baud h\u0131z\u0131n\u0131 AYARLAMAK i\u00e7in ileti\u015fim protokol\u00fc arac\u0131l\u0131\u011f\u0131yla esnek bir \u015fekilde 9600 ~ 921600 aras\u0131nda ayarlanabilir. X, Y, Z \u00fc\u00e7 eksenli hassas gyro, x, y, z y\u00fcksek \u00e7\u00f6z\u00fcn\u00fcrl\u00fckl\u00fc \u00fc\u00e7 eksenli ivme\u00f6l\u00e7er ile Rs422 x, y, z \u00fc\u00e7 ekseni jiroskop ve ivme\u00f6l\u00e7er jiroskop ve orijinal onalt\u0131l\u0131k kompleman verileri dahil (gyro heksadekimal tamamlama dahil, say\u0131sal s\u0131cakl\u0131k, zincirleme hex s\u0131cakl\u0131k, a\u00e7\u0131, a\u00e7\u0131, a\u00e7\u0131, a\u00e7\u0131, a\u00e7\u0131, a\u00e7\u0131, a\u00e7\u0131, a\u00e7\u0131, a\u00e7\u0131, a\u00e7\u0131, a\u00e7\u0131, a\u00e7\u0131, a\u00e7\u0131, a\u00e7\u0131, a\u00e7\u0131, a\u00e7\u0131, a\u00e7\u0131, a\u00e7\u0131, a\u00e7\u0131, a\u00e7\u0131, a\u00e7\u0131, a\u00e7\u0131.<\/p>","protected":false},"featured_media":1845,"comment_status":"open","ping_status":"closed","template":"","meta":[],"product_brand":[],"product_cat":[26],"product_tag":[],"class_list":{"0":"post-1837","1":"product","2":"type-product","3":"status-publish","4":"has-post-thumbnail","6":"product_cat-imu-mems-ins","8":"first","9":"instock","10":"shipping-taxable","11":"product-type-simple"},"_links":{"self":[{"href":"https:\/\/www.andelutech.com\/tr\/wp-json\/wp\/v2\/product\/1837","targetHints":{"allow":["GET"]}}],"collection":[{"href":"https:\/\/www.andelutech.com\/tr\/wp-json\/wp\/v2\/product"}],"about":[{"href":"https:\/\/www.andelutech.com\/tr\/wp-json\/wp\/v2\/types\/product"}],"replies":[{"embeddable":true,"href":"https:\/\/www.andelutech.com\/tr\/wp-json\/wp\/v2\/comments?post=1837"}],"wp:featuredmedia":[{"embeddable":true,"href":"https:\/\/www.andelutech.com\/tr\/wp-json\/wp\/v2\/media\/1845"}],"wp:attachment":[{"href":"https:\/\/www.andelutech.com\/tr\/wp-json\/wp\/v2\/media?parent=1837"}],"wp:term":[{"taxonomy":"product_brand","embeddable":true,"href":"https:\/\/www.andelutech.com\/tr\/wp-json\/wp\/v2\/product_brand?post=1837"},{"taxonomy":"product_cat","embeddable":true,"href":"https:\/\/www.andelutech.com\/tr\/wp-json\/wp\/v2\/product_cat?post=1837"},{"taxonomy":"product_tag","embeddable":true,"href":"https:\/\/www.andelutech.com\/tr\/wp-json\/wp\/v2\/product_tag?post=1837"}],"curies":[{"name":"wp","href":"https:\/\/api.w.org\/{rel}","templated":true}]}}