{"id":1826,"date":"2025-04-11T17:07:55","date_gmt":"2025-04-11T09:07:55","guid":{"rendered":"https:\/\/www.andelutech.com\/?post_type=product&#038;p=1826"},"modified":"2026-01-16T10:20:45","modified_gmt":"2026-01-16T02:20:45","slug":"and-dtg-e6-high-temperature-dynamically-tuned-gyroscope","status":"publish","type":"product","link":"https:\/\/www.andelutech.com\/tr\/product\/and-dtg-e6-high-temperature-dynamically-tuned-gyroscope\/","title":{"rendered":"Ve DTG-E6 y\u00fcksek s\u0131cakl\u0131k dinamik olarak ayarlanm\u0131\u015f jiroskop"},"content":{"rendered":"<p><strong><b>\u00d6zellikler<\/b><\/strong><\/p>\n<p>Hafif;<\/p>\n<p>K\u00fc\u00e7\u00fck hacim;<\/p>\n<p>K\u0131sa ba\u015flang\u0131\u00e7 \u200b\u200bzaman\u0131;<\/p>\n<p>Y\u00fcksek s\u0131cakl\u0131k.<\/p>\n<p>Y\u00fcksek s\u0131cakl\u0131k DTG ile ilgileniyorsan\u0131z, l\u00fctfen bize ula\u015f\u0131n:<b> <\/b><a href=\"mailto:info@joinsunny.cn\"><span style=\"color: #0000ff;\"><strong><b>info@andelutech.com<\/b><\/strong><\/span><\/a><\/p>","protected":false},"excerpt":{"rendered":"<p><strong><b>Girii\u015f<\/b><\/strong><\/p>\n<p>Ve DTG-E6 y\u00fcksek s\u0131cakl\u0131k dinamik olarak ayarlanm\u0131\u015f\u00a0<span style=\"color: #0000ff;\">Jiroskop<\/span>\u00a0y\u00fcksek s\u0131cakl\u0131k, k\u00fc\u00e7\u00fck boyut ve k\u0131sa ba\u015flang\u0131\u00e7 \u200b\u200bs\u00fcresi ile, sadece daha y\u00fcksek \u00e7al\u0131\u015fma s\u0131cakl\u0131\u011f\u0131 ya\u011f\u0131 sondaj inklinometre tak\u0131m\u0131nda de\u011fil, ayn\u0131 zamanda k\u0131sa menzilli f\u00fcze kay\u0131\u015f tutum sistemi ve atalet \u00f6l\u00e7\u00fcm cihaz\u0131nda da kullan\u0131labilir.<\/p>","protected":false},"featured_media":1791,"comment_status":"open","ping_status":"closed","template":"","meta":[],"product_brand":[],"product_cat":[22],"product_tag":[],"class_list":{"0":"post-1826","1":"product","2":"type-product","3":"status-publish","4":"has-post-thumbnail","6":"product_cat-gyro-sensor","8":"first","9":"instock","10":"shipping-taxable","11":"product-type-simple"},"_links":{"self":[{"href":"https:\/\/www.andelutech.com\/tr\/wp-json\/wp\/v2\/product\/1826","targetHints":{"allow":["GET"]}}],"collection":[{"href":"https:\/\/www.andelutech.com\/tr\/wp-json\/wp\/v2\/product"}],"about":[{"href":"https:\/\/www.andelutech.com\/tr\/wp-json\/wp\/v2\/types\/product"}],"replies":[{"embeddable":true,"href":"https:\/\/www.andelutech.com\/tr\/wp-json\/wp\/v2\/comments?post=1826"}],"wp:featuredmedia":[{"embeddable":true,"href":"https:\/\/www.andelutech.com\/tr\/wp-json\/wp\/v2\/media\/1791"}],"wp:attachment":[{"href":"https:\/\/www.andelutech.com\/tr\/wp-json\/wp\/v2\/media?parent=1826"}],"wp:term":[{"taxonomy":"product_brand","embeddable":true,"href":"https:\/\/www.andelutech.com\/tr\/wp-json\/wp\/v2\/product_brand?post=1826"},{"taxonomy":"product_cat","embeddable":true,"href":"https:\/\/www.andelutech.com\/tr\/wp-json\/wp\/v2\/product_cat?post=1826"},{"taxonomy":"product_tag","embeddable":true,"href":"https:\/\/www.andelutech.com\/tr\/wp-json\/wp\/v2\/product_tag?post=1826"}],"curies":[{"name":"wp","href":"https:\/\/api.w.org\/{rel}","templated":true}]}}