{"id":1823,"date":"2025-04-11T17:05:29","date_gmt":"2025-04-11T09:05:29","guid":{"rendered":"https:\/\/www.andelutech.com\/?post_type=product&#038;p=1823"},"modified":"2026-01-16T10:19:53","modified_gmt":"2026-01-16T02:19:53","slug":"and-dtg-e5-flexible-gyroscope","status":"publish","type":"product","link":"https:\/\/www.andelutech.com\/tr\/product\/and-dtg-e5-flexible-gyroscope\/","title":{"rendered":"Ve dtg-e5 esnek jiroskop\u00a0"},"content":{"rendered":"<p><strong><b>\u00d6zellikler<\/b><\/strong><\/p>\n<p>Y\u00fcksek h\u0131z;<\/p>\n<p>Hafif;<\/p>\n<p>K\u00fc\u00e7\u00fck hacim;<\/p>\n<p>Y\u00fcksek g\u00fcvenilirlik.<\/p>\n<p>Strapdown esnek jiroskopla ilgileniyorsan\u0131z, l\u00fctfen bize ula\u015f\u0131n:<b> <\/b><a href=\"mailto:info@joinsunny.cn\"><span style=\"color: #0000ff;\"><strong><b>info@andelutech.com<\/b><\/strong><\/span><\/a><\/p>","protected":false},"excerpt":{"rendered":"<p><strong><b>Girii\u015f<\/b><\/strong><\/p>\n<p>Strapdown esnek\u00a0<span style=\"color: #0000ff;\">jiroskop<\/span>\u00a0uzun \u00f6m\u00fcr boyu, geni\u015f \u00f6l\u00e7\u00fcm aral\u0131\u011f\u0131 ve y\u00fcksek g\u00fcvenilirlik, kay\u0131\u015fla atalet \u00f6l\u00e7\u00fcm biriminde ve y\u00fcksek dinamik ta\u015f\u0131y\u0131c\u0131 tutum sisteminde yayg\u0131n olarak kullan\u0131lm\u0131\u015ft\u0131r.<\/p>","protected":false},"featured_media":1825,"comment_status":"open","ping_status":"closed","template":"","meta":[],"product_brand":[],"product_cat":[22],"product_tag":[],"class_list":{"0":"post-1823","1":"product","2":"type-product","3":"status-publish","4":"has-post-thumbnail","6":"product_cat-gyro-sensor","8":"first","9":"instock","10":"shipping-taxable","11":"product-type-simple"},"_links":{"self":[{"href":"https:\/\/www.andelutech.com\/tr\/wp-json\/wp\/v2\/product\/1823","targetHints":{"allow":["GET"]}}],"collection":[{"href":"https:\/\/www.andelutech.com\/tr\/wp-json\/wp\/v2\/product"}],"about":[{"href":"https:\/\/www.andelutech.com\/tr\/wp-json\/wp\/v2\/types\/product"}],"replies":[{"embeddable":true,"href":"https:\/\/www.andelutech.com\/tr\/wp-json\/wp\/v2\/comments?post=1823"}],"wp:featuredmedia":[{"embeddable":true,"href":"https:\/\/www.andelutech.com\/tr\/wp-json\/wp\/v2\/media\/1825"}],"wp:attachment":[{"href":"https:\/\/www.andelutech.com\/tr\/wp-json\/wp\/v2\/media?parent=1823"}],"wp:term":[{"taxonomy":"product_brand","embeddable":true,"href":"https:\/\/www.andelutech.com\/tr\/wp-json\/wp\/v2\/product_brand?post=1823"},{"taxonomy":"product_cat","embeddable":true,"href":"https:\/\/www.andelutech.com\/tr\/wp-json\/wp\/v2\/product_cat?post=1823"},{"taxonomy":"product_tag","embeddable":true,"href":"https:\/\/www.andelutech.com\/tr\/wp-json\/wp\/v2\/product_tag?post=1823"}],"curies":[{"name":"wp","href":"https:\/\/api.w.org\/{rel}","templated":true}]}}