{"id":1820,"date":"2025-04-11T16:59:47","date_gmt":"2025-04-11T08:59:47","guid":{"rendered":"https:\/\/www.andelutech.com\/?post_type=product&#038;p=1820"},"modified":"2026-01-16T10:15:00","modified_gmt":"2026-01-16T02:15:00","slug":"and-dtg-e4-strapdown-dynamically-tuned-gyroscope","status":"publish","type":"product","link":"https:\/\/www.andelutech.com\/tr\/product\/and-dtg-e4-strapdown-dynamically-tuned-gyroscope\/","title":{"rendered":"Ve DTG-E4 Strapdown dinamik olarak ayarlanm\u0131\u015f jiroskop"},"content":{"rendered":"<p><strong><b>\u00d6zellikler<\/b><\/strong><\/p>\n<p>Y\u00fcksek hassasiyet;<\/p>\n<p>Hafif;<\/p>\n<p>K\u00fc\u00e7\u00fck hacim;<\/p>\n<p>Y\u00fcksek g\u00fcvenilirlik<\/p>\n<p>Dinamik olarak ayarlanm\u0131\u015f jiroskopla ilgileniyorsan\u0131z, l\u00fctfen bize ula\u015f\u0131n:<span style=\"color: #0000ff;\"><b> <\/b><a href=\"mailto:info@joinsunny.cn\"><strong><b>info@andelutech.com<\/b><\/strong><\/a><\/span><\/p>","protected":false},"excerpt":{"rendered":"<p><strong><b>Girii\u015f<\/b><\/strong><\/p>\n<p>Kay\u0131\u015f\u00a0<span style=\"color: #0000ff;\">Dinamik olarak ayarlanm\u0131\u015f jiroskop\u00a0<\/span>y\u00fcksek hassasiyet, uzun ya\u015fam s\u00fcresi, geni\u015f dinamik aral\u0131k ve y\u00fcksek g\u00fcvenilirlik avantajlar\u0131 ile ve \u015fimdi su y\u00fczeyi ve kara kay\u0131\u015f sisteminde, h\u0131zl\u0131 ger\u00e7ek-kuzey arayan enstr\u00fcman, helikopter \u0131\u015f\u0131\u011f\u0131 rehberlik platformu, televizyon anten izleyici vb. Jiroskop ayr\u0131ca uzay u\u00e7u\u015fu Strapdown atalet sisteminde ve kara, deniz, havac\u0131l\u0131k, uzay u\u00e7a\u011f\u0131 ta\u015f\u0131y\u0131c\u0131 kay\u0131\u015f ve platform tipi tutum sisteminde de kullan\u0131labilir.<\/p>","protected":false},"featured_media":1822,"comment_status":"open","ping_status":"closed","template":"","meta":[],"product_brand":[],"product_cat":[22],"product_tag":[],"class_list":{"0":"post-1820","1":"product","2":"type-product","3":"status-publish","4":"has-post-thumbnail","6":"product_cat-gyro-sensor","8":"first","9":"instock","10":"shipping-taxable","11":"product-type-simple"},"_links":{"self":[{"href":"https:\/\/www.andelutech.com\/tr\/wp-json\/wp\/v2\/product\/1820","targetHints":{"allow":["GET"]}}],"collection":[{"href":"https:\/\/www.andelutech.com\/tr\/wp-json\/wp\/v2\/product"}],"about":[{"href":"https:\/\/www.andelutech.com\/tr\/wp-json\/wp\/v2\/types\/product"}],"replies":[{"embeddable":true,"href":"https:\/\/www.andelutech.com\/tr\/wp-json\/wp\/v2\/comments?post=1820"}],"wp:featuredmedia":[{"embeddable":true,"href":"https:\/\/www.andelutech.com\/tr\/wp-json\/wp\/v2\/media\/1822"}],"wp:attachment":[{"href":"https:\/\/www.andelutech.com\/tr\/wp-json\/wp\/v2\/media?parent=1820"}],"wp:term":[{"taxonomy":"product_brand","embeddable":true,"href":"https:\/\/www.andelutech.com\/tr\/wp-json\/wp\/v2\/product_brand?post=1820"},{"taxonomy":"product_cat","embeddable":true,"href":"https:\/\/www.andelutech.com\/tr\/wp-json\/wp\/v2\/product_cat?post=1820"},{"taxonomy":"product_tag","embeddable":true,"href":"https:\/\/www.andelutech.com\/tr\/wp-json\/wp\/v2\/product_tag?post=1820"}],"curies":[{"name":"wp","href":"https:\/\/api.w.org\/{rel}","templated":true}]}}